{"id":268,"date":"2016-09-07T08:59:01","date_gmt":"2016-09-07T08:59:01","guid":{"rendered":"http:\/\/lptms.u-psud.fr\/alberto_rosso\/?page_id=268"},"modified":"2022-09-01T11:25:49","modified_gmt":"2022-09-01T11:25:49","slug":"old-meetings","status":"publish","type":"page","link":"http:\/\/www.lptms.universite-paris-saclay.fr\/alberto_rosso\/old-meetings\/","title":{"rendered":"Organization Meetings"},"content":{"rendered":"<p><strong><a href=\"https:\/\/indico.ijclab.in2p3.fr\/event\/7771\/registrations\/485\/\">Disorder in Complex Systems:<\/a> International Summer School (Institut Pascal, Paris Saclay) June 2022 <\/strong><\/p>\n<p><strong>International Summer School FPSP XV <a href=\"https:\/\/fpspxv.sciencesconf.org\">Bruneck July 2021 <\/a><\/strong><\/p>\n<p><strong>7th Les Houches School in Computational Physics: Dynamics of Complex Quantum Systems, from Theory to Computation<\/strong><strong><a href=\"https:\/\/comp-quant-2021.sciencesconf.org\/\">, Les Houches (online) April 2021<\/a><\/strong><\/p>\n<p><strong>Yielding phenomena in disordered systems <\/strong> <a title=\"Bariloche\" href=\"https:\/\/yielding2019.sciencesconf.org\/\"> Bariloche, July 2019<\/a><\/p>\n<p><strong> Artificial Intelligence and Physics <\/strong> <a title=\"AI&amp;phy\" href=\"https:\/\/physai.sciencesconf.org\/\"> Institut Pascal, March 2019<\/a><\/p>\n<p><strong>International Summer School FPSP XIV <\/strong> <a title=\"FPSP IVX\" href=\"https:\/\/fpspxiv.sciencesconf.org\/\"> Bruneck, July 2017<\/a><\/p>\n<p>&nbsp;<\/p>\n<p><strong>DNP EUROHYPERPOL Meetings:<\/strong><\/p>\n<ul>\n<li><a title=\"DNP workshopC\" href=\"http:\/\/nmr-nl.science.uu.nl\/hyperpolarizedMR\"> Egmond aan Zee, September 2015<\/a><\/li>\n<li><a title=\"DNP workshopB\" href=\"http:\/\/lptms.u-psud.fr\/workshop\/prash\/\">IHP, May 2015<\/a><\/li>\n<li><a title=\"DNP workshopA\" href=\"https:\/\/www.ocs.soton.ac.uk\/index.php\/cost\/cost2014UK\"> Lymington, May 2014<\/a><\/li>\n<\/ul>\n<p>&nbsp;<\/p>\n<p><strong>Journ\u00e9es Syst\u00e8mes et Mati\u00e8re Complexes:<\/strong><\/p>\n<ul>\n<li><a title=\"JSMCday4\" href=\"https:\/\/www.universite-paris-saclay.fr\/fr\/evenement\/journee-des-systemes-et-de-la-matiere-complexe-4eme-edition\"> Institut Pascal, 14 October 2019<\/a><\/li>\n<li><a title=\"JSMCday3\" href=\"https:\/\/www.universite-paris-saclay.fr\/fr\/evenement\/journee-systemes-et-matiere-complexes-3eme-edition\"> Ecole CentraleSup\u00e9lec , October 2018<\/a><\/li>\n<li><a title=\"JSMCday2\" href=\"https:\/\/www.universite-paris-saclay.fr\/fr\/evenement\/journee-des-systemes-et-matiere-complexes-2eme-edition-2017\">ENS Paris-Saclay , November 2017<\/a><\/li>\n<\/ul>\n","protected":false},"excerpt":{"rendered":"<p>Disorder in Complex Systems: International Summer School (Institut Pascal, Paris Saclay) June 2022 International Summer School FPSP XV Bruneck July 2021 7th Les Houches School in Computational Physics: Dynamics of Complex Quantum Systems, from Theory to Computation, Les Houches (online) &hellip; <a href=\"http:\/\/www.lptms.universite-paris-saclay.fr\/alberto_rosso\/old-meetings\/\">Continuer la lecture <span class=\"meta-nav\">&rarr;<\/span><\/a><\/p>\n","protected":false},"author":4,"featured_media":0,"parent":0,"menu_order":3,"comment_status":"closed","ping_status":"closed","template":"","meta":{"footnotes":""},"class_list":["post-268","page","type-page","status-publish","hentry"],"_links":{"self":[{"href":"http:\/\/www.lptms.universite-paris-saclay.fr\/alberto_rosso\/wp-json\/wp\/v2\/pages\/268","targetHints":{"allow":["GET"]}}],"collection":[{"href":"http:\/\/www.lptms.universite-paris-saclay.fr\/alberto_rosso\/wp-json\/wp\/v2\/pages"}],"about":[{"href":"http:\/\/www.lptms.universite-paris-saclay.fr\/alberto_rosso\/wp-json\/wp\/v2\/types\/page"}],"author":[{"embeddable":true,"href":"http:\/\/www.lptms.universite-paris-saclay.fr\/alberto_rosso\/wp-json\/wp\/v2\/users\/4"}],"replies":[{"embeddable":true,"href":"http:\/\/www.lptms.universite-paris-saclay.fr\/alberto_rosso\/wp-json\/wp\/v2\/comments?post=268"}],"version-history":[{"count":13,"href":"http:\/\/www.lptms.universite-paris-saclay.fr\/alberto_rosso\/wp-json\/wp\/v2\/pages\/268\/revisions"}],"predecessor-version":[{"id":353,"href":"http:\/\/www.lptms.universite-paris-saclay.fr\/alberto_rosso\/wp-json\/wp\/v2\/pages\/268\/revisions\/353"}],"wp:attachment":[{"href":"http:\/\/www.lptms.universite-paris-saclay.fr\/alberto_rosso\/wp-json\/wp\/v2\/media?parent=268"}],"curies":[{"name":"wp","href":"https:\/\/api.w.org\/{rel}","templated":true}]}}