{"id":16,"date":"2014-10-21T07:56:21","date_gmt":"2014-10-21T06:56:21","guid":{"rendered":"http:\/\/lptms.u-psud.fr\/biomech2015\/?page_id=16"},"modified":"2014-11-28T14:15:06","modified_gmt":"2014-11-28T13:15:06","slug":"contact","status":"publish","type":"page","link":"http:\/\/www.lptms.universite-paris-saclay.fr\/biomech2015\/contact\/","title":{"rendered":"Contact"},"content":{"rendered":"<h3>Contact<\/h3>\n<p style=\"text-align: left\"><a href=\"mailto:biomech2015.lptms@u-psud.fr\">biomech2015.lptms@u-psud.fr<\/a><\/p>\n<h3>Organizers<\/h3>\n<table border=\"none\" width=\"100%\">\n<tbody>\n<tr>\n<td width=\"100%\">Avin Babataheri (LadHyX, \u00c9cole Polytechnique)<\/td>\n<\/tr>\n<tr>\n<td width=\"100%\">Martin Lenz (LPTMS, Universit\u00e9 Paris-Sud)<\/td>\n<\/tr>\n<\/tbody>\n<\/table>\n<h3>Sponsors<\/h3>\n<table width=\"100%\">\n<tbody>\n<tr>\n<td valign=\"middle\" width=\"150px\"><a href=\"http:\/\/www.labex-palm.fr\/\"><img loading=\"lazy\" decoding=\"async\" class=\"aligncenter alignmiddle size-full wp-image-139\" src=\"http:\/\/lptms.u-psud.fr\/physbio2014\/files\/2013\/10\/PALMColorLogo.png\" alt=\"Labex PALM\" width=\"150\" height=\"72\" \/><\/a><\/td>\n<td valign=\"middle\" width=\"150px\"><a href=\"http:\/\/investissement-avenir.gouvernement.fr\/\"><img loading=\"lazy\" decoding=\"async\" class=\"aligncenter alignmiddle size-full wp-image-192\" src=\"http:\/\/lptms.u-psud.fr\/physbio2014\/files\/2013\/10\/InvestissementsDAvenirColorLogo1.png\" alt=\"Investissements d'avenir\" width=\"72\" height=\"72\" \/><\/a><\/td>\n<td valign=\"middle\" width=\"150px\"><a href=\"http:\/\/www.cnrs.fr\/index.php\"><img loading=\"lazy\" decoding=\"async\" class=\"aligncenter alignmiddle size-full wp-image-192\" src=\"http:\/\/lptms.u-psud.fr\/physbio2014\/files\/2013\/10\/CNRSlogo.png\" alt=\"CNRS\" width=\"72\" height=\"72\" \/><\/a><\/td>\n<\/tr>\n<tr>\n<td valign=\"middle\" width=\"150px\"><a href=\"http:\/\/www.polytechnique.edu\/\"><img loading=\"lazy\" decoding=\"async\" class=\"aligncenter size-full wp-image-22\" src=\"http:\/\/lptms.u-psud.fr\/biomech2015\/files\/2014\/10\/Logo_Ecole-polytechnique.png\" alt=\"\u00c9cole polytechnique\" width=\"150\" height=\"67\" \/><\/a><\/td>\n<td valign=\"middle\" width=\"150px\"><a href=\"http:\/\/www.ladhyx.polytechnique.fr\/home\/research\/mechanics-living-systems\/mechanics-living-systems-35967.kjsp?RH=1247231151254\"><img loading=\"lazy\" decoding=\"async\" class=\"aligncenter size-full wp-image-22\" src=\"http:\/\/lptms.u-psud.fr\/biomech2015\/files\/2014\/11\/logo_msv.png\" alt=\"Op\u00e9ration m\u00e9canique et Syst\u00e8mes vivants\" width=\"150\" height=\"41\" \/><\/a><\/td>\n<\/tr>\n<\/tbody>\n<\/table>\n<h3>Photo credits and poster<\/h3>\n<p>website banner visuals by Fr\u00e9d\u00e9ric Pincet, Elisabeth Antoine, Micaela Tamara Vitor, Michel Milinkovitch.<\/p>\n","protected":false},"excerpt":{"rendered":"<p>Contact biomech2015.lptms@u-psud.fr Organizers Avin Babataheri (LadHyX, \u00c9cole Polytechnique) Martin Lenz (LPTMS, Universit\u00e9 Paris-Sud) Sponsors Photo credits and poster website banner visuals by Fr\u00e9d\u00e9ric Pincet, Elisabeth Antoine, Micaela Tamara Vitor, Michel Milinkovitch.<\/p>\n","protected":false},"author":29,"featured_media":0,"parent":0,"menu_order":0,"comment_status":"closed","ping_status":"closed","template":"","meta":{"footnotes":""},"class_list":["post-16","page","type-page","status-publish","hentry"],"_links":{"self":[{"href":"http:\/\/www.lptms.universite-paris-saclay.fr\/biomech2015\/wp-json\/wp\/v2\/pages\/16","targetHints":{"allow":["GET"]}}],"collection":[{"href":"http:\/\/www.lptms.universite-paris-saclay.fr\/biomech2015\/wp-json\/wp\/v2\/pages"}],"about":[{"href":"http:\/\/www.lptms.universite-paris-saclay.fr\/biomech2015\/wp-json\/wp\/v2\/types\/page"}],"author":[{"embeddable":true,"href":"http:\/\/www.lptms.universite-paris-saclay.fr\/biomech2015\/wp-json\/wp\/v2\/users\/29"}],"replies":[{"embeddable":true,"href":"http:\/\/www.lptms.universite-paris-saclay.fr\/biomech2015\/wp-json\/wp\/v2\/comments?post=16"}],"version-history":[{"count":18,"href":"http:\/\/www.lptms.universite-paris-saclay.fr\/biomech2015\/wp-json\/wp\/v2\/pages\/16\/revisions"}],"predecessor-version":[{"id":132,"href":"http:\/\/www.lptms.universite-paris-saclay.fr\/biomech2015\/wp-json\/wp\/v2\/pages\/16\/revisions\/132"}],"wp:attachment":[{"href":"http:\/\/www.lptms.universite-paris-saclay.fr\/biomech2015\/wp-json\/wp\/v2\/media?parent=16"}],"curies":[{"name":"wp","href":"https:\/\/api.w.org\/{rel}","templated":true}]}}