{"id":11,"date":"2010-03-30T10:02:30","date_gmt":"2010-03-30T10:02:30","guid":{"rendered":"http:\/\/lptms.u-psud.fr\/christophe_texier\/?page_id=11"},"modified":"2025-10-23T20:21:09","modified_gmt":"2025-10-23T20:21:09","slug":"enseignements-en-master","status":"publish","type":"page","link":"http:\/\/www.lptms.universite-paris-saclay.fr\/christophe_texier\/enseignements\/enseignements-en-master\/","title":{"rendered":"Master"},"content":{"rendered":"<h2>Master 2:<\/h2>\n<ul>\n<li>j&rsquo;interviens au <strong>Master 2 <a href=\"https:\/\/www.phys.ens.psl.eu\/fr\/formations\/m2-icfp\">ICFP (International Center for Fundamental Physics<\/a>)<\/strong>, commun \u00e0 <a href=\"https:\/\/www.sorbonne-universite.fr\/\">Sorbonne Universit\u00e9<\/a> (\u2283 ex Univ. Paris 6), l&rsquo;<a href=\"https:\/\/u-paris.fr\/\">Universit\u00e9 Paris Cit\u00e9<\/a> (\u2283 ex-Univ. Paris 7), l&rsquo;<a href=\"https:\/\/www.universite-paris-saclay.fr\/\">Universit\u00e9 Paris Saclay<\/a> (\u2283 ex-Univ. Paris Sud 11), l&rsquo;<a href=\"https:\/\/www.ip-paris.fr\/\">Institut Polytechnique de Paris<\/a> (ex Ecole Polytechnique) et l&rsquo;<a href=\"https:\/\/www.ens.psl.eu\/\">Ecole Normale Sup\u00e9rieure<\/a> de Paris<\/li>\n<li>Je suis correspondant du parcours de physique quantique pour l&rsquo;Universit\u00e9 Paris Saclay. <span style=\"color: #ff0000\">Toutes les informations (programmes, candidatures,&#8230;) sont disponibles sur le site du <a href=\"https:\/\/www.phys.ens.psl.eu\/fr\/formations\/m2-icfp\">M2 ICFP<\/a>.<\/span><\/li>\n<li>Je suis co-responsable du <a href=\"https:\/\/physics-complex-systems.fr\/\">Master international \u00ab\u00a0physics of complex systems\u00a0\u00bb<\/a><a href=\"\/christophe_texier\/files\/2020\/12\/complex-system-logo-orange.png\"><img loading=\"lazy\" decoding=\"async\" class=\"alignnone wp-image-2478\" src=\"\/christophe_texier\/files\/2020\/12\/complex-system-logo-orange.png\" alt=\"\" width=\"137\" height=\"42\" \/><\/a><\/li>\n<\/ul>\n<h3>Cours au M2 iCFP :<\/h3>\n<ul>\n<li><a href=\"\/christophe_texier\/enseignements\/enseignements-en-master\/m2-icfp-advanced-statistical-physics\/\">Advanced statistical physics<\/a> (Soft matter &amp; physics for biology track)<\/li>\n<li><a href=\"\/christophe_texier\/enseignements\/enseignements-en-master\/physique-statistique-hors-equilibre\/\">Physique statistique hors \u00e9quilibre : th\u00e9orie de la r\u00e9ponse lin\u00e9aire<\/a> (parcours de physique quantique)<\/li>\n<li><a href=\"\/christophe_texier\/enseignements\/enseignements-en-master\/onde-en-milieu-desordonne\/\">Ondes en milieux d\u00e9sordonn\u00e9s<\/a> (option de second semestre)<\/li>\n<li><a href=\"\/christophe_texier\/enseignements\/enseignements-en-master\/integrale-de-chemin\/\">Introduction \u00e0 l&rsquo;int\u00e9grale de chemin<\/a> (option)<\/li>\n<li><a href=\"\/christophe_texier\/enseignements\/enseignements-en-master\/m2-theorie-des-champs\/\">Th\u00e9orie des champs<\/a> (DEA de physique quantique)<\/li>\n<\/ul>\n<h3>Cours au M2 PCS :<\/h3>\n<ul>\n<li>Je donne un cours sur les <a href=\"https:\/\/www.lptms.universite-paris-saclay.fr\/christophe_texier\/enseignements\/enseignements-en-master\/m2-pcs-stochastic-processes\/\">processus stochastiques<\/a><\/li>\n<\/ul>\n<h2>Master 1 de phys. fondamentale (Univ. Paris Saclay):<\/h2>\n<ul>\n<li><a href=\"\/wiki-cours\/index.php\/Ph%C3%A9nom%C3%A8nes_collectifs_complexes\">Transitions de phase<\/a><\/li>\n<\/ul>\n","protected":false},"excerpt":{"rendered":"<p>Master 2: j&rsquo;interviens au Master 2 ICFP (International Center for Fundamental Physics), commun \u00e0 Sorbonne Universit\u00e9 (\u2283 ex Univ. Paris 6), l&rsquo;Universit\u00e9 Paris Cit\u00e9 (\u2283 ex-Univ. Paris 7), l&rsquo;Universit\u00e9 Paris Saclay (\u2283 ex-Univ. Paris Sud 11), l&rsquo;Institut Polytechnique de Paris &hellip; <a href=\"http:\/\/www.lptms.universite-paris-saclay.fr\/christophe_texier\/enseignements\/enseignements-en-master\/\">Continuer la lecture <span class=\"meta-nav\">&rarr;<\/span><\/a><\/p>\n","protected":false},"author":1,"featured_media":0,"parent":74,"menu_order":2,"comment_status":"closed","ping_status":"closed","template":"","meta":{"footnotes":""},"class_list":["post-11","page","type-page","status-publish","hentry"],"_links":{"self":[{"href":"http:\/\/www.lptms.universite-paris-saclay.fr\/christophe_texier\/wp-json\/wp\/v2\/pages\/11","targetHints":{"allow":["GET"]}}],"collection":[{"href":"http:\/\/www.lptms.universite-paris-saclay.fr\/christophe_texier\/wp-json\/wp\/v2\/pages"}],"about":[{"href":"http:\/\/www.lptms.universite-paris-saclay.fr\/christophe_texier\/wp-json\/wp\/v2\/types\/page"}],"author":[{"embeddable":true,"href":"http:\/\/www.lptms.universite-paris-saclay.fr\/christophe_texier\/wp-json\/wp\/v2\/users\/1"}],"replies":[{"embeddable":true,"href":"http:\/\/www.lptms.universite-paris-saclay.fr\/christophe_texier\/wp-json\/wp\/v2\/comments?post=11"}],"version-history":[{"count":96,"href":"http:\/\/www.lptms.universite-paris-saclay.fr\/christophe_texier\/wp-json\/wp\/v2\/pages\/11\/revisions"}],"predecessor-version":[{"id":3120,"href":"http:\/\/www.lptms.universite-paris-saclay.fr\/christophe_texier\/wp-json\/wp\/v2\/pages\/11\/revisions\/3120"}],"up":[{"embeddable":true,"href":"http:\/\/www.lptms.universite-paris-saclay.fr\/christophe_texier\/wp-json\/wp\/v2\/pages\/74"}],"wp:attachment":[{"href":"http:\/\/www.lptms.universite-paris-saclay.fr\/christophe_texier\/wp-json\/wp\/v2\/media?parent=11"}],"curies":[{"name":"wp","href":"https:\/\/api.w.org\/{rel}","templated":true}]}}