{"id":1613,"date":"2016-09-05T14:00:51","date_gmt":"2016-09-05T14:00:51","guid":{"rendered":"http:\/\/lptms.u-psud.fr\/christophe_texier\/?page_id=1613"},"modified":"2023-09-04T14:46:53","modified_gmt":"2023-09-04T14:46:53","slug":"physique-mesoscopique","status":"publish","type":"page","link":"http:\/\/www.lptms.universite-paris-saclay.fr\/christophe_texier\/enseignements\/enseignement-en-licence\/physique-mesoscopique\/","title":{"rendered":"Physique m\u00e9soscopique"},"content":{"rendered":"<p>Enseignement \u00e0 l&rsquo;Universit\u00e9 de Gen\u00e8ve avec Markus B\u00fcttiker (1999-2000)<\/p>\n<ul>\n<li>TD 1 : <a href=\"\/christophe_texier\/files\/2016\/09\/meso1.pdf\">Matrice S et matrice de transfert<\/a><\/li>\n<li>TD 2 : <a href=\"\/christophe_texier\/files\/2016\/09\/meso2.pdf\">Diffusion r\u00e9sonnante &#8212; Cristal 1D<\/a><\/li>\n<li>TD 3 : <a href=\"\/christophe_texier\/files\/2016\/09\/meso3.pdf\">Effet Aharonov-Bohm et courant permanent<\/a><\/li>\n<li>TD 4 : <a href=\"\/christophe_texier\/files\/2016\/09\/meso4.pdf\">Localisation faible et magn\u00e9toconductance anormale<\/a><\/li>\n<li>TD 5 : <a href=\"\/christophe_texier\/files\/2016\/09\/meso5.pdf\">Resistance 4 fils et effet Hall quantique<\/a><\/li>\n<li>TD 6 : <a href=\"\/christophe_texier\/files\/2016\/09\/meso6.pdf\">Fluctuations et correlations du courant (shot noise)<\/a><\/li>\n<\/ul>\n","protected":false},"excerpt":{"rendered":"<p>Enseignement \u00e0 l&rsquo;Universit\u00e9 de Gen\u00e8ve avec Markus B\u00fcttiker (1999-2000) TD 1 : Matrice S et matrice de transfert TD 2 : Diffusion r\u00e9sonnante &#8212; Cristal 1D TD 3 : Effet Aharonov-Bohm et courant permanent TD 4 : Localisation faible et &hellip; <a href=\"http:\/\/www.lptms.universite-paris-saclay.fr\/christophe_texier\/enseignements\/enseignement-en-licence\/physique-mesoscopique\/\">Continuer la lecture <span class=\"meta-nav\">&rarr;<\/span><\/a><\/p>\n","protected":false},"author":7,"featured_media":0,"parent":77,"menu_order":47,"comment_status":"closed","ping_status":"closed","template":"","meta":{"footnotes":""},"class_list":["post-1613","page","type-page","status-publish","hentry"],"_links":{"self":[{"href":"http:\/\/www.lptms.universite-paris-saclay.fr\/christophe_texier\/wp-json\/wp\/v2\/pages\/1613","targetHints":{"allow":["GET"]}}],"collection":[{"href":"http:\/\/www.lptms.universite-paris-saclay.fr\/christophe_texier\/wp-json\/wp\/v2\/pages"}],"about":[{"href":"http:\/\/www.lptms.universite-paris-saclay.fr\/christophe_texier\/wp-json\/wp\/v2\/types\/page"}],"author":[{"embeddable":true,"href":"http:\/\/www.lptms.universite-paris-saclay.fr\/christophe_texier\/wp-json\/wp\/v2\/users\/7"}],"replies":[{"embeddable":true,"href":"http:\/\/www.lptms.universite-paris-saclay.fr\/christophe_texier\/wp-json\/wp\/v2\/comments?post=1613"}],"version-history":[{"count":4,"href":"http:\/\/www.lptms.universite-paris-saclay.fr\/christophe_texier\/wp-json\/wp\/v2\/pages\/1613\/revisions"}],"predecessor-version":[{"id":2723,"href":"http:\/\/www.lptms.universite-paris-saclay.fr\/christophe_texier\/wp-json\/wp\/v2\/pages\/1613\/revisions\/2723"}],"up":[{"embeddable":true,"href":"http:\/\/www.lptms.universite-paris-saclay.fr\/christophe_texier\/wp-json\/wp\/v2\/pages\/77"}],"wp:attachment":[{"href":"http:\/\/www.lptms.universite-paris-saclay.fr\/christophe_texier\/wp-json\/wp\/v2\/media?parent=1613"}],"curies":[{"name":"wp","href":"https:\/\/api.w.org\/{rel}","templated":true}]}}