{"id":2060,"date":"2019-01-13T21:34:45","date_gmt":"2019-01-13T21:34:45","guid":{"rendered":"http:\/\/lptms.u-psud.fr\/christophe_texier\/?page_id=2060"},"modified":"2024-02-08T14:01:30","modified_gmt":"2024-02-08T14:01:30","slug":"l3-papp-mathematiques","status":"publish","type":"page","link":"http:\/\/www.lptms.universite-paris-saclay.fr\/christophe_texier\/enseignements\/enseignement-en-licence\/l3-papp-mathematiques\/","title":{"rendered":"L3 Papp &#8211; Math\u00e9matiques"},"content":{"rendered":"<h3 style=\"text-align: left\">Enseignement pour les Licences <a href=\"http:\/\/hebergement.u-psud.fr\/l3papp\/\">Physique et Applications<\/a> et <a href=\"http:\/\/www.meca.u-psud.fr\/\">M\u00e9canique<\/a><\/h3>\n<h3><\/h3>\n<table style=\"width: 619px;border-color: #fa7f05;border-style: double\">\n<tbody>\n<tr>\n<td style=\"width: 609px\">\n<p style=\"text-align: center\"><span style=\"color: #ff6600\"><strong>L&rsquo;enseignement des math\u00e9matiques pendant la pand\u00e9mie de Covid-19<\/strong><\/span><\/p>\n<p style=\"text-align: center\">Informations de l&rsquo;Universit\u00e9 (\u00e0 destination <a href=\"https:\/\/portail.universite-paris-saclay.fr\/gouvernance\/Pages\/UFR-Sciences\/Information-Coronavirus-Personnels.aspx\">du personnel<\/a> et <a href=\"https:\/\/portail.universite-paris-saclay.fr\/gouvernance\/Pages\/UFR-Sciences\/Information-Coronavirus.aspx\">des \u00e9tudiants<\/a>)<\/p>\n<p>Lien vers la page du cours sous eCampus :<br \/>\n<a href=\"https:\/\/ecampus.paris-saclay.fr\/course\/view.php?id=20558#section-10\">https:\/\/ecampus.paris-saclay.fr\/course\/view.php?id=20558#section-10<\/a><\/p>\n<p>vous trouverez:<\/p>\n<ul style=\"list-style-type: square\">\n<li>les salles de cours et de TD virtuelles<\/li>\n<li>les cours scann\u00e9s<\/li>\n<li>des corrig\u00e9s des s\u00e9ances de TD<\/li>\n<\/ul>\n<\/td>\n<\/tr>\n<\/tbody>\n<\/table>\n<h3><\/h3>\n<h3>Informations g\u00e9n\u00e9rales<\/h3>\n<ul>\n<li><a href=\"http:\/\/hebergement.u-psud.fr\/l3papp\/?page_id=2059\">Informations du secr\u00e9tariat (planning, etc)<\/a><\/li>\n<li><strong>\u00c9quipe<\/strong> : <a href=\"http:\/\/hebergement.u-psud.fr\/sebastien.s.galtier\/\">S\u00e9bastien Galtier<\/a> (LPP), <a href=\"https:\/\/www.lps.u-psud.fr\/index.php?page=pageperso&amp;nom=KALOUGUINE&amp;prenom=Pavel\">Pavel Kalouguine<\/a> (LPS), <a href=\"https:\/\/www.mpq.univ-paris-diderot.fr\/?KELLER-Arne-2295\">Arne Keller<\/a> (MPQ, Univ. P7), Christophe Texier (LPTMS)<\/li>\n<li><a href=\"\/christophe_texier\/files\/2019\/01\/info-cours-math-papp.pdf\"> Informations g\u00e9n\u00e9rales<\/a> <em>sur le cours<\/em> (bibliographie, plan du cours, etc)<\/li>\n<\/ul>\n<h3>Cours<\/h3>\n<ul>\n<li>Programme :\n<ol>\n<li>Rappels sur l&rsquo;int\u00e9gration<\/li>\n<li>Transformation de Fourier<\/li>\n<li>Analyse complexe<\/li>\n<li>La distribution de Dirac<\/li>\n<\/ol>\n<\/li>\n<li><a href=\"\/christophe_texier\/files\/2019\/02\/cours-math-resume.pdf\"><strong>R\u00e9sum\u00e9 du cours<\/strong><\/a> , (m.\u00e0.j. : <span style=\"color: #008000\">Avril 2021<\/span>)<\/li>\n<\/ul>\n<h3>TD<\/h3>\n<p>sujets de l&rsquo;\u00e9quipe:<\/p>\n<ul>\n<li>TD0 : <a href=\"\/christophe_texier\/files\/2020\/01\/td00-mathPAPP-prerequis.pdf\">pr\u00e9requis<\/a><\/li>\n<li>TD1 : <a href=\"\/christophe_texier\/files\/2020\/01\/td01-mathPAPP.pdf\">Rappels sur l&rsquo;int\u00e9gration<\/a><\/li>\n<li>TD2 : <a href=\"\/christophe_texier\/files\/2020\/01\/td02-mathPAPP.pdf\">Transformation de Fourier<\/a><\/li>\n<li>TD3 : <a href=\"\/christophe_texier\/files\/2020\/01\/td03-mathPAPP.pdf\">Applications de la TF<\/a><\/li>\n<li>TD4 : <a href=\"\/christophe_texier\/files\/2020\/01\/td04-mathPAPP.pdf\">Fonctions holomorphes<\/a><\/li>\n<li>TD5 : <a href=\"\/christophe_texier\/files\/2020\/01\/td05-mathPAPP.pdf\">Th\u00e9or\u00e8me de Cauchy<\/a> ; <a href=\"\/christophe_texier\/files\/2021\/03\/td05-mathPAPP-cov19.pdf\"><strong><span style=\"color: #ff6600\">version d\u00e9taill\u00e9e du TD5<\/span><\/strong><\/a><\/li>\n<li>TD6 : <a href=\"\/christophe_texier\/files\/2020\/04\/td06-mathPAPP.pdf\">Lemmes de Jordan<\/a> ; <a href=\"\/christophe_texier\/files\/2020\/04\/td06-mathPAPP-cov19.pdf\"><strong><span style=\"color: #ff6600\">version d\u00e9taill\u00e9e du TD6<\/span><\/strong><\/a><\/li>\n<li>TD7 : <a href=\"\/christophe_texier\/files\/2020\/04\/td07-mathPAPP.pdf\">Singularit\u00e9s et r\u00e9sidus<\/a> ; <strong><span style=\"color: #ff6600\"><a style=\"color: #ff6600\" href=\"\/christophe_texier\/files\/2020\/04\/td07-mathPAPP-cov19.pdf\">version d\u00e9taill\u00e9e du TD7<\/a><\/span><\/strong><\/li>\n<li>TD8 : <a href=\"\/christophe_texier\/files\/2020\/04\/td08-mathPAPP.pdf\">Applications du th\u00e9or\u00e8me des r\u00e9sidus<\/a> ; <a href=\"\/christophe_texier\/files\/2020\/04\/td08-mathPAPP-cov19.pdf\"><span style=\"color: #ff6600\"><strong>version d\u00e9taill\u00e9e du TD8<\/strong><\/span><\/a><\/li>\n<li>TD9: <a href=\"\/christophe_texier\/files\/2020\/01\/td09-mathPAPP.pdf\">Distribution de Dirac<\/a><\/li>\n<\/ul>\n<h3>Examens<\/h3>\n<ul>\n<li>Examen partiel du 25 f\u00e9vrier 2019 : <a href=\"\/christophe_texier\/files\/2019\/02\/mathpapp_partiel1902.pdf\">sujet<\/a> et <a href=\"\/christophe_texier\/files\/2019\/02\/mathpapp_partiel1902_corrige.pdf\">corrig\u00e9<\/a><\/li>\n<li>Examen final du 23 avril 2019 :\u00a0\u00a0<a href=\"\/christophe_texier\/files\/2019\/04\/mathpapp1904exam.pdf\">sujet<\/a> et\u00a0<a href=\"\/christophe_texier\/files\/2019\/04\/mathpapp1904exam-corr.pdf\">corrig\u00e9<\/a><\/li>\n<li>Examen de 2nde session du 25 juin 2019 :\u00a0\u00a0<a href=\"\/christophe_texier\/files\/2019\/06\/mathpapp1906exam.pdf\">sujet<\/a> et\u00a0 <a href=\"\/christophe_texier\/files\/2019\/06\/mathpapp1906exam_corr.pdf\">corrig\u00e9<\/a><\/li>\n<li>Examen partiel du 2 mars 2020 :\u00a0<a href=\"\/christophe_texier\/files\/2020\/03\/mathpapp2003partiel.pdf\">sujet<\/a> et\u00a0<a href=\"\/christophe_texier\/files\/2020\/03\/mathpapp2003partiel-corr.pdf\">corrig\u00e9<\/a><\/li>\n<li>Examen partiel du 1er mars 2021 : <a href=\"\/christophe_texier\/files\/2021\/03\/mathpapp2103partiel.pdf\">sujet<\/a> et\u00a0<a href=\"\/christophe_texier\/files\/2021\/03\/mathpapp2103partiel-corr.pdf\">corrig\u00e9<\/a><\/li>\n<li>Examen final du 7 mai 2021 :\u00a0<a href=\"\/christophe_texier\/files\/2021\/05\/mathpapp2105exam.pdf\">sujet<\/a> et\u00a0<a href=\"\/christophe_texier\/files\/2021\/05\/mathpapp2105exam-corrige-manuel.pdf\">corrig\u00e9<\/a><\/li>\n<li>Examen de 2nde session du 21 juin 2021 :\u00a0<a href=\"\/christophe_texier\/files\/2021\/06\/mathpapp2106exam-SG.pdf\">sujet<\/a> et <a href=\"\/christophe_texier\/files\/2021\/06\/mathpapp2106exam-corr.pdf\">corrig\u00e9<\/a><\/li>\n<\/ul>\n<hr \/>\n<h3>Archives :<\/h3>\n<p>TD 2018-2019:<\/p>\n<ul>\n<li>TD 0 : <a href=\"\/christophe_texier\/files\/2019\/01\/td0mathPAPP-prerequis.pdf\">pr\u00e9requis d&rsquo;analyse<\/a><\/li>\n<li>TD 1 : <a href=\"\/christophe_texier\/files\/2019\/01\/td1mathPAPP.pdf\">fonctions holomorphes<\/a><\/li>\n<li>TD 2 : <a href=\"\/christophe_texier\/files\/2019\/01\/td2mathPAPP.pdf\">th\u00e9or\u00e8me de Cauchy<\/a><\/li>\n<li>TD 3 : <a href=\"\/christophe_texier\/files\/2019\/01\/td3mathPAPP.pdf\">lemmes de Jordan<\/a><\/li>\n<li>TD 4 : <a href=\"\/christophe_texier\/files\/2019\/01\/td4mathPAPP.pdf\">singularit\u00e9s et r\u00e9sidus<\/a><br \/>\n<a href=\"\/christophe_texier\/files\/2019\/02\/2019-02-20-corrige-exo2-td4_Ch_Texier.pdf\">corrig\u00e9 de l&rsquo;exercice 2 sur les s\u00e9ries de Laurent<\/a><\/li>\n<li>TD 5 : <a href=\"\/christophe_texier\/files\/2019\/01\/td5mathPAPP.pdf\">applications du th\u00e9or\u00e8me des r\u00e9sidus<\/a><\/li>\n<li>TD 6 : <a href=\"\/christophe_texier\/files\/2019\/03\/td6mathPAPP.pdf\">compl\u00e9ments sur l&rsquo;int\u00e9gration<\/a><\/li>\n<li>TD 7 : <a href=\"\/christophe_texier\/files\/2019\/03\/td7mathPAPP.pdf\">transformation de Fourier<\/a><\/li>\n<li>TD 8 : <a href=\"\/christophe_texier\/files\/2019\/03\/td8mathPAPP.pdf\">applications de la transformation de Fourier<\/a><\/li>\n<li>TD 9 : <a href=\"\/christophe_texier\/files\/2019\/04\/td9mathPAPP.pdf\">distribution de Dirac<\/a><\/li>\n<\/ul>\n","protected":false},"excerpt":{"rendered":"<p>Enseignement pour les Licences Physique et Applications et M\u00e9canique L&rsquo;enseignement des math\u00e9matiques pendant la pand\u00e9mie de Covid-19 Informations de l&rsquo;Universit\u00e9 (\u00e0 destination du personnel et des \u00e9tudiants) Lien vers la page du cours sous eCampus : https:\/\/ecampus.paris-saclay.fr\/course\/view.php?id=20558#section-10 vous trouverez: les &hellip; <a href=\"http:\/\/www.lptms.universite-paris-saclay.fr\/christophe_texier\/enseignements\/enseignement-en-licence\/l3-papp-mathematiques\/\">Continuer la lecture <span class=\"meta-nav\">&rarr;<\/span><\/a><\/p>\n","protected":false},"author":7,"featured_media":0,"parent":77,"menu_order":42,"comment_status":"closed","ping_status":"closed","template":"onecolumn-page.php","meta":{"footnotes":""},"class_list":["post-2060","page","type-page","status-publish","hentry"],"_links":{"self":[{"href":"http:\/\/www.lptms.universite-paris-saclay.fr\/christophe_texier\/wp-json\/wp\/v2\/pages\/2060","targetHints":{"allow":["GET"]}}],"collection":[{"href":"http:\/\/www.lptms.universite-paris-saclay.fr\/christophe_texier\/wp-json\/wp\/v2\/pages"}],"about":[{"href":"http:\/\/www.lptms.universite-paris-saclay.fr\/christophe_texier\/wp-json\/wp\/v2\/types\/page"}],"author":[{"embeddable":true,"href":"http:\/\/www.lptms.universite-paris-saclay.fr\/christophe_texier\/wp-json\/wp\/v2\/users\/7"}],"replies":[{"embeddable":true,"href":"http:\/\/www.lptms.universite-paris-saclay.fr\/christophe_texier\/wp-json\/wp\/v2\/comments?post=2060"}],"version-history":[{"count":74,"href":"http:\/\/www.lptms.universite-paris-saclay.fr\/christophe_texier\/wp-json\/wp\/v2\/pages\/2060\/revisions"}],"predecessor-version":[{"id":2873,"href":"http:\/\/www.lptms.universite-paris-saclay.fr\/christophe_texier\/wp-json\/wp\/v2\/pages\/2060\/revisions\/2873"}],"up":[{"embeddable":true,"href":"http:\/\/www.lptms.universite-paris-saclay.fr\/christophe_texier\/wp-json\/wp\/v2\/pages\/77"}],"wp:attachment":[{"href":"http:\/\/www.lptms.universite-paris-saclay.fr\/christophe_texier\/wp-json\/wp\/v2\/media?parent=2060"}],"curies":[{"name":"wp","href":"https:\/\/api.w.org\/{rel}","templated":true}]}}