{"id":2750,"date":"2023-09-12T06:12:36","date_gmt":"2023-09-12T06:12:36","guid":{"rendered":"https:\/\/www.lptms.universite-paris-saclay.fr\/christophe_texier\/?page_id=2750"},"modified":"2025-10-23T20:15:26","modified_gmt":"2025-10-23T20:15:26","slug":"m2-pcs-stochastic-processes","status":"publish","type":"page","link":"http:\/\/www.lptms.universite-paris-saclay.fr\/christophe_texier\/enseignements\/enseignements-en-master\/m2-pcs-stochastic-processes\/","title":{"rendered":"M2 PCS &#8211; Stochastic processes"},"content":{"rendered":"\n<p>Lectures for the <a href=\"https:\/\/physics-complex-systems.fr\/\">master Physics of Complex Systems<\/a>, S3<\/p>\n<ul>\n<li>tuesday 8h30-12h45 : Universit\u00e9 Paris Cit\u00e9 (B\u00e2timent Condorcet, room 050A)<\/li>\n<li>thursday 9h00-13h15 : Universit\u00e9 Paris-Saclay (B\u00e2timent <span class=\"wdg-select-all-ok\">\u210f<\/span> n\u00b0625, amphi A5)<\/li>\n<li>first lecture the tuesday 2rd september &amp; last lecture the tuesday 14th october.<\/li>\n<li>exam: <span style=\"color: #339966\">thursday 23rd october 2025<\/span><\/li>\n<\/ul>\n<h4><strong>Program:<\/strong><\/h4>\n<ol>\n<li>Few useful concepts of probability theory<\/li>\n<li>Introduction to Langevin equation<\/li>\n<li>Markov processes and Master equation<\/li>\n<li>Stochastic differential equations<\/li>\n<li>Fokker-Planck equation<\/li>\n<li>Functionals of stochastic processes<\/li>\n<\/ol>\n<h4><strong>Lecture notes<\/strong><\/h4>\n<ul>\n<li>lecture notes (<span style=\"color: #ff0000\">update 23\/10\/2025<\/span>): <a href=\"http:\/\/www.lptms.universite-paris-saclay.fr\/christophe_texier\/files\/2024\/09\/sp-lecture.pdf\">here<\/a><span style=\"color: #808080\"><small>\u00a0(refresh you browser)<\/small><\/span><\/li>\n<\/ul>\n<h4><strong>Tutorials:<\/strong><\/h4>\n<ul>\n<li>Tut n\u00b01 : <a href=\"http:\/\/www.lptms.universite-paris-saclay.fr\/christophe_texier\/files\/2023\/09\/sp-tut1.pdf\">Probability (1)<\/a><\/li>\n<li>Tut n\u00b02 : <a href=\"http:\/\/www.lptms.universite-paris-saclay.fr\/christophe_texier\/files\/2023\/09\/sp-tut2.pdf\">Probability (2)<\/a><\/li>\n<li>Tut n\u00b03 : <a href=\"http:\/\/www.lptms.universite-paris-saclay.fr\/christophe_texier\/files\/2023\/09\/sp-tut3.pdf\">Langevin equation<\/a><\/li>\n<li>Tut n\u00b04 : <a href=\"http:\/\/www.lptms.universite-paris-saclay.fr\/christophe_texier\/files\/2024\/09\/sp-tut4-web.pdf\">Master equation (1)<\/a><\/li>\n<li>Tut n\u00b05 : <a href=\"http:\/\/www.lptms.universite-paris-saclay.fr\/christophe_texier\/files\/2024\/09\/sp-tut5web.pdf\">Master equation (2)<\/a><\/li>\n<li>Tut n\u00b06 : <a href=\"http:\/\/www.lptms.universite-paris-saclay.fr\/christophe_texier\/files\/2024\/09\/sp-tut6-web.pdf\">SDE (1)<\/a><\/li>\n<li>Tut n\u00b07 : <a href=\"http:\/\/www.lptms.universite-paris-saclay.fr\/christophe_texier\/files\/2024\/09\/sp-tut7.pdf\">SDE (2) &#8211; Application for the Anderson localization in 1D<\/a><\/li>\n<li>Tut n\u00b08 : <a href=\"http:\/\/www.lptms.universite-paris-saclay.fr\/christophe_texier\/files\/2024\/10\/sp-tut8-web.pdf\">FPE (1)<\/a><\/li>\n<li>Tut n\u00b09 : <a href=\"http:\/\/www.lptms.universite-paris-saclay.fr\/christophe_texier\/files\/2024\/10\/sp-tut9-web.pdf\">FPE (2)<\/a><\/li>\n<li>Tut n\u00b010 : <a href=\"http:\/\/www.lptms.universite-paris-saclay.fr\/christophe_texier\/files\/2024\/10\/sp-tut10-web.pdf\">FPE (3) : first passage times<\/a><\/li>\n<li>Tut n\u00b011 : <a href=\"http:\/\/www.lptms.universite-paris-saclay.fr\/christophe_texier\/files\/2024\/10\/sp-tut11-web.pdf\">Functionals<\/a><\/li>\n<\/ul>\n<h4><strong>Exams:<\/strong><\/h4>\n<ul>\n<li>december 2023 : <a href=\"http:\/\/www.lptms.universite-paris-saclay.fr\/christophe_texier\/files\/2024\/01\/sp-exam2023-12.pdf\">exam<\/a> &amp; <a href=\"http:\/\/www.lptms.universite-paris-saclay.fr\/christophe_texier\/files\/2024\/01\/sp-exam2023-12-corr.pdf\">correction<\/a><\/li>\n<li>october 2024 : <a href=\"http:\/\/www.lptms.universite-paris-saclay.fr\/christophe_texier\/files\/2024\/10\/sp-exam2024-10-suj.pdf\">Linear drift &#8212; Conditioning in SDE<\/a> &amp; <a href=\"http:\/\/www.lptms.universite-paris-saclay.fr\/christophe_texier\/files\/2024\/10\/sp-exam2024-10-corr.pdf\">correction<\/a><\/li>\n<li>october 2025 : <a href=\"http:\/\/www.lptms.universite-paris-saclay.fr\/christophe_texier\/files\/2025\/10\/sp-exam2025-10.pdf\">Wealth distribution in a m.f. model of economy &#8212; Weak quantum measurements<\/a> &amp; <a href=\"http:\/\/www.lptms.universite-paris-saclay.fr\/christophe_texier\/files\/2025\/10\/sp-exam2025-10-corr.pdf\">correction<\/a><\/li>\n<\/ul>\n<h4><strong>Bibliography:<\/strong><\/h4>\n<ul>\n<li>C. W. Gardiner, <em>Handbook of stochastic methods for physics, chemistry and the natural sciences<\/em>, Springer, 1989<\/li>\n<li>H. Risken, <em>The Fokker-Planck equation<\/em>, Springer, 1989<\/li>\n<li>N. G. van Kampen, <em>Stochastic processes in physics and chemistry<\/em>, North-Holland, 1992<\/li>\n<\/ul>\n<p>\u00a0<\/p>\n<p>\u00a0<\/p>\n","protected":false},"excerpt":{"rendered":"<p>Lectures for the master Physics of Complex Systems, S3 tuesday 8h30-12h45 : Universit\u00e9 Paris Cit\u00e9 (B\u00e2timent Condorcet, room 050A) thursday 9h00-13h15 : Universit\u00e9 Paris-Saclay (B\u00e2timent \u210f n\u00b0625, amphi A5) first lecture the tuesday 2rd september &amp; last lecture the tuesday &hellip; <a href=\"http:\/\/www.lptms.universite-paris-saclay.fr\/christophe_texier\/enseignements\/enseignements-en-master\/m2-pcs-stochastic-processes\/\">Continuer la lecture <span class=\"meta-nav\">&rarr;<\/span><\/a><\/p>\n","protected":false},"author":7,"featured_media":0,"parent":11,"menu_order":1,"comment_status":"closed","ping_status":"closed","template":"","meta":{"footnotes":""},"class_list":["post-2750","page","type-page","status-publish","hentry"],"_links":{"self":[{"href":"http:\/\/www.lptms.universite-paris-saclay.fr\/christophe_texier\/wp-json\/wp\/v2\/pages\/2750","targetHints":{"allow":["GET"]}}],"collection":[{"href":"http:\/\/www.lptms.universite-paris-saclay.fr\/christophe_texier\/wp-json\/wp\/v2\/pages"}],"about":[{"href":"http:\/\/www.lptms.universite-paris-saclay.fr\/christophe_texier\/wp-json\/wp\/v2\/types\/page"}],"author":[{"embeddable":true,"href":"http:\/\/www.lptms.universite-paris-saclay.fr\/christophe_texier\/wp-json\/wp\/v2\/users\/7"}],"replies":[{"embeddable":true,"href":"http:\/\/www.lptms.universite-paris-saclay.fr\/christophe_texier\/wp-json\/wp\/v2\/comments?post=2750"}],"version-history":[{"count":72,"href":"http:\/\/www.lptms.universite-paris-saclay.fr\/christophe_texier\/wp-json\/wp\/v2\/pages\/2750\/revisions"}],"predecessor-version":[{"id":3118,"href":"http:\/\/www.lptms.universite-paris-saclay.fr\/christophe_texier\/wp-json\/wp\/v2\/pages\/2750\/revisions\/3118"}],"up":[{"embeddable":true,"href":"http:\/\/www.lptms.universite-paris-saclay.fr\/christophe_texier\/wp-json\/wp\/v2\/pages\/11"}],"wp:attachment":[{"href":"http:\/\/www.lptms.universite-paris-saclay.fr\/christophe_texier\/wp-json\/wp\/v2\/media?parent=2750"}],"curies":[{"name":"wp","href":"https:\/\/api.w.org\/{rel}","templated":true}]}}