{"id":292,"date":"2010-04-30T13:29:08","date_gmt":"2010-04-30T13:29:08","guid":{"rendered":"http:\/\/lptms.u-psud.fr\/christophe_texier\/?page_id=292"},"modified":"2023-12-06T08:43:50","modified_gmt":"2023-12-06T08:43:50","slug":"liens-pratique","status":"publish","type":"page","link":"http:\/\/www.lptms.universite-paris-saclay.fr\/christophe_texier\/liens-pratique\/","title":{"rendered":"Liens utiles"},"content":{"rendered":"<ul>\n<li>Franco-Italian <a href=\"https:\/\/physics-complex-systems.fr\/\"><strong>Master Physics of Complex Systems<\/strong><\/a><\/li>\n<li>Master 2 <a href=\"https:\/\/www.phys.ens.fr\/spip.php?rubrique555\"><strong>ICFP<\/strong><\/a><\/li>\n<\/ul>\n<hr \/>\n<ul>\n<li><a href=\"https:\/\/www.conseil-national-des-universites.fr\/cnu\/#\/entite\/entiteName\/CNU\/idChild\/33\/idNode\/4013-4040\">Section 29 du CNU<\/a>\u00a0 <\/li>\n<\/ul>\n<hr \/>\n<ul>\n<li>Recherches :\u00a0<a href=\"http:\/\/scholar.google.fr\/\">ScholarGoogle<\/a> , <a href=\"http:\/\/www.blackle.com\/\">Blackle (Google)<\/a> &amp; <a href=\"http:\/\/www.wikipedia.org\/\">Wikipedia<\/a>.<\/li>\n<li><a href=\"https:\/\/mail.google.com\/mail\/\"><img loading=\"lazy\" decoding=\"async\" class=\"alignnone  wp-image-579\" src=\"http:\/\/www.lptms.universite-paris-saclay.fr\/christophe_texier\/files\/2011\/07\/gmail_logo.png\" alt=\"\" width=\"68\" height=\"28\" \/><\/a>&amp; <a href=\"http:\/\/login.yahoo.co.jp\/config\/login?.intl=jp&amp;.partner=&amp;.src=ym&amp;.done=http:\/\/mail.yahoo.co.jp\/\">Yahoo Japan<\/a><\/li>\n<\/ul>\n<hr \/>\n<ul>\n<li><a href=\"http:\/\/dlmf.nist.gov\/\"><strong>D<\/strong>igital <strong>L<\/strong>ibrary of <strong>M<\/strong>athematical <strong>F<\/strong>unctions<\/a><\/li>\n<li><a href=\"https:\/\/oeis.org\/?language=french\">Encyclop\u00e9die en ligne des suites de nombres entiers<\/a><\/li>\n<\/ul>\n<hr \/>\n<ul>\n<li><a href=\"https:\/\/www.worldcat.org\/\">World Catalog<\/a><\/li>\n<li>ArXiv : new articles on <a href=\"http:\/\/arXiv.org\/list\/cond-mat\/new\">cond-mat<\/a> (<a href=\"https:\/\/arxiv.org\/list\/cond-mat.dis-nn\/new\">dis-nn<\/a>, <a href=\"https:\/\/arxiv.org\/list\/cond-mat.stat-mech\/new\">stat-mech<\/a>, <a href=\"https:\/\/arxiv.org\/list\/cond-mat.mes-hall\/new\">mes-hall<\/a>, &#8230;) &amp; <a href=\"http:\/\/arxiv.org\/list\/math-ph\/new\">math-ph<\/a> ; arXiv <a href=\"http:\/\/arxiv.org\/find\/cond-mat\">index<\/a><\/li>\n<li><a href=\"http:\/\/prl.aps.org\">Physical Review Letters<\/a>, <a href=\"http:\/\/prb.aps.org\/\">Physical Review B<\/a> et <a href=\"http:\/\/pre.aps.org\/\">Physical Review E<\/a>. (APS)<\/li>\n<li><a href=\"http:\/\/www.epletters.net\/\">Europhysics Letters<\/a>. (IOP)<\/li>\n<li><a href=\"http:\/\/iopscience.iop.org\/1751-8121\/\">Journal of Physics A : Math. Theor.<\/a> (<a href=\"http:\/\/iopscience.iop.org\/\">IOP<\/a>)<\/li>\n<li><a href=\"http:\/\/iopscience.iop.org\/1742-5468\/\">Journal of Statistical Mechanics : Theor. Exp.<\/a> (<a href=\"http:\/\/iopscience.iop.org\/\">IOP<\/a>)<\/li>\n<li><a href=\"https:\/\/link.springer.com\/journal\/10955\">Journal of Statistical Physics<\/a> (Springer)<\/li>\n<li><a href=\"http:\/\/www.nature.com\/nphys\/index.html\">Nature Physics<\/a> et <a href=\"http:\/\/www.vjnano.org\/\">Virtual Journal of Nanoscale Science &amp; Technology<\/a>.<\/li>\n<li><a href=\"https:\/\/lejournal.cnrs.fr\/newsletters\">Journal du CNRS<\/a><\/li>\n<li><a href=\"http:\/\/ccsd.cnrs.fr\/\">Centre pour la communication scientifique du CNRS<\/a> (CCSD) et <a title=\"TEL\" href=\"https:\/\/tel.archives-ouvertes.fr\/\">TEL<\/a> (th\u00e8ses en ligne)<\/li>\n<li><a href=\"https:\/\/apps.webofknowledge.com\/WOS_GeneralSearch_input.do?product=WOS&amp;search_mode=GeneralSearch&amp;SID=E1wByGSbdWo5xO5gjUy&amp;preferencesSaved=\">Web of Science<\/a><\/li>\n<\/ul>\n<hr \/>\n<ul>\n<li><a href=\"http:\/\/www.annuaire.u-psud.fr\">L&rsquo;annuaire<\/a> de l&rsquo;Universit\u00e9 Paris Saclay<\/li>\n<\/ul>\n<hr \/>\n<ul>\n<li><a href=\"https:\/\/www.college-de-france.fr\/site\/bernard-derrida\/\">Les cours du coll\u00e8ge de France de Bernard Derrida<\/a> (chaire de physique statistique)<\/li>\n<li><a href=\"http:\/\/www.phys.ens.fr\/cours\/college-de-france\/index.html\">Les cours du coll\u00e8ge de France de Claude Cohen-Tannoudji<\/a> (chaire de physique atomique 1973-2004).<\/li>\n<li><a title=\"Les 50 ans de la localisation d'Anderson\" href=\"http:\/\/www.andersonlocalization.com\">Les 50 ans de la localisation d&rsquo;Anderson<\/a><\/li>\n<li>Le <a href=\"http:\/\/www.bourbaphy.fr\/\">s\u00e9minaire Poincar\u00e9<\/a><\/li>\n<li>Le site de la <a href=\"http:\/\/lptms.u-psud.fr\/workshop\/comtet2014\/\">conf\u00e9rence en l&rsquo;honneur d&rsquo;Alain Comtet<\/a> &#8212; 14 &amp; 15 octobre 2014 \u00e0 l&rsquo;IHP.<\/li>\n<li>La <a href=\"https:\/\/www.sfpnet.fr\/\">Soci\u00e9t\u00e9 Fran\u00e7aise de Physique<\/a><\/li>\n<li>Le site de l&rsquo;<a href=\"https:\/\/www.academie-sciences.fr\/fr\/\">Acad\u00e9mie des Sciences<\/a> et celui de l&rsquo;<a href=\"http:\/\/www.academie-francaise.fr\/\">Acad\u00e9mie fran\u00e7aise<\/a><\/li>\n<li><a href=\"https:\/\/genealogy.math.ndsu.nodak.edu\/\">Mathematics genealogy project<\/a><\/li>\n<\/ul>\n<hr \/>\n<ul>\n<li><a href=\"http:\/\/folk.uio.no\/inf3330\/scripting\/doc\/gnuplot\/Kawano\/index-e.html\">Gnuplot : not so frequently asked questions<\/a><\/li>\n<li>LaTeX : <a href=\"http:\/\/en.wikipedia.org\/wiki\/Help:Displaying_a_formula\">Symboles math\u00e9matiques, formules,&#8230;<\/a> (wikip\u00e9dia)&#8230; ou reconna\u00eetre les symboles : <a href=\"http:\/\/detexify.kirelabs.org\/classify.html\">DeTeXify<\/a><\/li>\n<li>HTML : <a href=\"http:\/\/en.wikipedia.org\/wiki\/Mathematical_HTML\">Symboles math\u00e9matiques en HTML<\/a><\/li>\n<\/ul>\n\n\n\n\n\n\n<div class=\"wp-block-media-text is-stacked-on-mobile\"><figure class=\"wp-block-media-text__media\"><\/figure><div class=\"wp-block-media-text__content\">\n<p><\/p>\n<\/div><\/div>\n\n\n\n<div class=\"wp-block-media-text is-stacked-on-mobile\"><figure class=\"wp-block-media-text__media\"><\/figure><div class=\"wp-block-media-text__content\">\n<p><\/p>\n<\/div><\/div>\n\n\n\n<div class=\"wp-block-media-text is-stacked-on-mobile\"><figure class=\"wp-block-media-text__media\"><\/figure><div class=\"wp-block-media-text__content\">\n<p><\/p>\n<\/div><\/div>\n","protected":false},"excerpt":{"rendered":"<p>Franco-Italian Master Physics of Complex Systems Master 2 ICFP Section 29 du CNU\u00a0 Recherches :\u00a0ScholarGoogle , Blackle (Google) &amp; Wikipedia. &amp; Yahoo Japan Digital Library of Mathematical Functions Encyclop\u00e9die en ligne des suites de nombres entiers World Catalog ArXiv : &hellip; <a href=\"http:\/\/www.lptms.universite-paris-saclay.fr\/christophe_texier\/liens-pratique\/\">Continuer la lecture <span class=\"meta-nav\">&rarr;<\/span><\/a><\/p>\n","protected":false},"author":1,"featured_media":0,"parent":0,"menu_order":25,"comment_status":"closed","ping_status":"closed","template":"","meta":{"footnotes":""},"class_list":["post-292","page","type-page","status-publish","hentry"],"_links":{"self":[{"href":"http:\/\/www.lptms.universite-paris-saclay.fr\/christophe_texier\/wp-json\/wp\/v2\/pages\/292","targetHints":{"allow":["GET"]}}],"collection":[{"href":"http:\/\/www.lptms.universite-paris-saclay.fr\/christophe_texier\/wp-json\/wp\/v2\/pages"}],"about":[{"href":"http:\/\/www.lptms.universite-paris-saclay.fr\/christophe_texier\/wp-json\/wp\/v2\/types\/page"}],"author":[{"embeddable":true,"href":"http:\/\/www.lptms.universite-paris-saclay.fr\/christophe_texier\/wp-json\/wp\/v2\/users\/1"}],"replies":[{"embeddable":true,"href":"http:\/\/www.lptms.universite-paris-saclay.fr\/christophe_texier\/wp-json\/wp\/v2\/comments?post=292"}],"version-history":[{"count":79,"href":"http:\/\/www.lptms.universite-paris-saclay.fr\/christophe_texier\/wp-json\/wp\/v2\/pages\/292\/revisions"}],"predecessor-version":[{"id":2828,"href":"http:\/\/www.lptms.universite-paris-saclay.fr\/christophe_texier\/wp-json\/wp\/v2\/pages\/292\/revisions\/2828"}],"wp:attachment":[{"href":"http:\/\/www.lptms.universite-paris-saclay.fr\/christophe_texier\/wp-json\/wp\/v2\/media?parent=292"}],"curies":[{"name":"wp","href":"https:\/\/api.w.org\/{rel}","templated":true}]}}