{"id":3,"date":"2010-03-30T09:17:08","date_gmt":"2010-03-30T09:17:08","guid":{"rendered":"http:\/\/lptms.u-psud.fr\/christophe_texier\/?page_id=3"},"modified":"2026-04-02T14:18:35","modified_gmt":"2026-04-02T14:18:35","slug":"presentation","status":"publish","type":"page","link":"http:\/\/www.lptms.universite-paris-saclay.fr\/christophe_texier\/","title":{"rendered":"Accueil"},"content":{"rendered":"<h2>Professeur \u00e0 l\u2019<a href=\"http:\/\/www.u-psud.fr\/\">Universit\u00e9 Paris Saclay<\/a> \u00a0\u00a0\u00a0\u00a0<a href=\"http:\/\/www.universite-paris-saclay.fr\/fr\"><img loading=\"lazy\" decoding=\"async\" class=\"alignnone wp-image-1423\" src=\"http:\/\/www.lptms.universite-paris-saclay.fr\/christophe_texier\/files\/2025\/09\/logo-PSay.png\" alt=\"logo_Paris-Saclay\" width=\"134\" height=\"60\" \/><\/a><\/h2>\n<ul>\n<li style=\"list-style-type: none\">\n<ul>\n<li><strong>Adresse :<\/strong> <a href=\"http:\/\/lptms.u-psud.fr\/\"><strong>L<\/strong>aboratoire de <strong>P<\/strong>hysique <strong>T<\/strong>h\u00e9orique et <strong>M<\/strong>od\u00e8les <strong>S<\/strong>tatistiques<\/a><br \/>\nB\u00e2timent Pascal n\u00b0530, Universit\u00e9 Paris-Sud, F-91405 Orsay<\/li>\n<li><strong>T\u00e9l. :<\/strong> + 33 (0)1 69 15 79 19<\/li>\n<li><strong>Courriel :<\/strong> christophe [dot] texier [at] universite [minus] paris [minus] saclay [dot] fr \u00a0 <a href=\"https:\/\/zimbra.u-psud.fr\/\"><img loading=\"lazy\" decoding=\"async\" class=\"alignnone wp-image-2649\" src=\"\/christophe_texier\/files\/2022\/06\/logo-mail.png\" alt=\"\" width=\"32\" height=\"22\" \/><\/a> <a href=\"https:\/\/outlook.cloud.microsoft\/mail\/\"><img loading=\"lazy\" decoding=\"async\" class=\"alignnone wp-image-2649\" src=\"\/christophe_texier\/files\/2022\/06\/logo-mail.png\" alt=\"\" width=\"32\" height=\"22\" \/><\/a><\/li>\n<li>\n<div><a style=\"vertical-align: top\" href=\"https:\/\/orcid.org\/0000-0003-4987-5150\" target=\"orcid.widget\" rel=\"me noopener noreferrer\"><img decoding=\"async\" style=\"width: 1em;margin-right: .5em\" src=\"https:\/\/orcid.org\/sites\/default\/files\/images\/orcid_16x16.png\" alt=\"ORCID iD icon\" \/>https:\/\/orcid.org\/0000-0003-4987-5150<\/a><\/div>\n<\/li>\n<\/ul>\n<\/li>\n<\/ul>\n<p>\u2297 co-directeur du Master international \u00ab\u00a0<a href=\"https:\/\/physics-complex-systems.fr\/\"><em>physics of complex systems<\/em><\/a>\u00a0\u00bb <a href=\"https:\/\/physics-complex-systems.fr\/\"><img loading=\"lazy\" decoding=\"async\" class=\"alignnone wp-image-2478\" src=\"\/christophe_texier\/files\/2020\/12\/complex-system-logo-orange.png\" alt=\"\" width=\"122\" height=\"37\" \/><\/a><\/p>\n<p>\u2297 correspondant du<span style=\"color: #000000\"> <em>parcours de physique quantique <\/em><\/span>du <a href=\"https:\/\/www.phys.ens.psl.eu\/fr\/formations\/m2-icfp\">Master 2 iCFP<\/a> pour l&rsquo;Universit\u00e9 Paris Saclay<\/p>\n<div style=\"width: 155px\" class=\"wp-caption alignleft\"><a href=\"https:\/\/www.dunod.com\/sciences-techniques\/mecanique-quantique-cours-et-exercices-corriges-1\"><img loading=\"lazy\" decoding=\"async\" class=\" \" src=\"\/christophe_texier\/files\/2014\/12\/Couverture_2nde_Edition_Dunod.jpg\" alt=\"couverture\" width=\"145\" height=\"200\" \/><\/a><p class=\"wp-caption-text\">(1<sup>e<\/sup> \u00e9d. 08\/2011 ; 2<sup>e<\/sup> \u00e9d. 01\/2015) <a href=\"\/christophe_texier\/files\/2011\/08\/mq_ch_texier_extrait.pdf\">t.d.m. et chapitre 1<\/a><\/p><\/div>\n<div style=\"width: 155px\" class=\"wp-caption alignleft\"><a href=\"https:\/\/www.dunod.com\/sciences-techniques\/physique-statistique-processus-elementaires-aux-phenomenes-collectifs-1\"><img loading=\"lazy\" decoding=\"async\" class=\" \" src=\"\/christophe_texier\/files\/2024\/06\/TexierRoux-phystat-2ndEd-couv.png\" alt=\"couverture\" width=\"145\" height=\"200\" \/><\/a><p class=\"wp-caption-text\">( 1<sup>e<\/sup> \u00e9d. 05\/2017 ; 2<sup>e<\/sup> \u00e9d. 08\/2024)<\/p><\/div>\n<div style=\"width: 155px\" class=\"wp-caption alignleft\"><a href=\"https:\/\/www.dunod.com\/sciences-techniques\/physique-statistique-en-pratique-52-problemes-corriges-avec-resume-du-cours\"><img loading=\"lazy\" decoding=\"async\" class=\" \" src=\"christophe_texier\/files\/2025\/04\/TexierRoux-pbs-phystat-couv.png\" alt=\"couverture\" width=\"145\" height=\"200\" \/><\/a><p class=\"wp-caption-text\">(sortie pr\u00e9vue le 04\/06\/2025)<\/p><\/div>\n","protected":false},"excerpt":{"rendered":"<p>Professeur \u00e0 l\u2019Universit\u00e9 Paris Saclay \u00a0\u00a0\u00a0\u00a0 Adresse : Laboratoire de Physique Th\u00e9orique et Mod\u00e8les Statistiques B\u00e2timent Pascal n\u00b0530, Universit\u00e9 Paris-Sud, F-91405 Orsay T\u00e9l. : + 33 (0)1 69 15 79 19 Courriel : christophe [dot] texier [at] universite [minus] paris &hellip; <a href=\"http:\/\/www.lptms.universite-paris-saclay.fr\/christophe_texier\/\">Continuer la lecture <span class=\"meta-nav\">&rarr;<\/span><\/a><\/p>\n","protected":false},"author":1,"featured_media":0,"parent":0,"menu_order":0,"comment_status":"closed","ping_status":"closed","template":"","meta":{"footnotes":""},"class_list":["post-3","page","type-page","status-publish","hentry"],"_links":{"self":[{"href":"http:\/\/www.lptms.universite-paris-saclay.fr\/christophe_texier\/wp-json\/wp\/v2\/pages\/3","targetHints":{"allow":["GET"]}}],"collection":[{"href":"http:\/\/www.lptms.universite-paris-saclay.fr\/christophe_texier\/wp-json\/wp\/v2\/pages"}],"about":[{"href":"http:\/\/www.lptms.universite-paris-saclay.fr\/christophe_texier\/wp-json\/wp\/v2\/types\/page"}],"author":[{"embeddable":true,"href":"http:\/\/www.lptms.universite-paris-saclay.fr\/christophe_texier\/wp-json\/wp\/v2\/users\/1"}],"replies":[{"embeddable":true,"href":"http:\/\/www.lptms.universite-paris-saclay.fr\/christophe_texier\/wp-json\/wp\/v2\/comments?post=3"}],"version-history":[{"count":256,"href":"http:\/\/www.lptms.universite-paris-saclay.fr\/christophe_texier\/wp-json\/wp\/v2\/pages\/3\/revisions"}],"predecessor-version":[{"id":3158,"href":"http:\/\/www.lptms.universite-paris-saclay.fr\/christophe_texier\/wp-json\/wp\/v2\/pages\/3\/revisions\/3158"}],"wp:attachment":[{"href":"http:\/\/www.lptms.universite-paris-saclay.fr\/christophe_texier\/wp-json\/wp\/v2\/media?parent=3"}],"curies":[{"name":"wp","href":"https:\/\/api.w.org\/{rel}","templated":true}]}}