{"id":74,"date":"2010-03-30T12:45:59","date_gmt":"2010-03-30T12:45:59","guid":{"rendered":"http:\/\/lptms.u-psud.fr\/christophe_texier\/?page_id=74"},"modified":"2023-09-04T14:47:49","modified_gmt":"2023-09-04T14:47:49","slug":"enseignements","status":"publish","type":"page","link":"http:\/\/www.lptms.universite-paris-saclay.fr\/christophe_texier\/enseignements\/","title":{"rendered":"Enseignement"},"content":{"rendered":"<ul>\n<li><a title=\"Licence\" href=\"\/christophe_texier\/enseignements\/enseignement-en-licence\/\">Enseignement en Licence<\/a><\/li>\n<li><a title=\"Master\" href=\"\/christophe_texier\/enseignements\/enseignements-en-master\/\">Enseignement en Master<\/a><\/li>\n<li><a href=\"\/christophe_texier\/enseignements\/conferences-du-magistere\/\">Conf\u00e9rences du magist\u00e8re de physique<\/a><\/li>\n<\/ul>\n<hr \/>\n<p>Quelques liens utiles :<\/p>\n<ul>\n<li><a href=\"http:\/\/www.webelements.com\/webelements\/index.html\">Classification p\u00e9riodique<\/a><\/li>\n<li><a href=\"http:\/\/physics.nist.gov\/cuu\/Constants\/index.html\">Constantes fondamentales<\/a> (tir\u00e9 de <a href=\"https:\/\/www.nist.gov\/pml\/productsservices\/physical-reference-data\">Physical Reference Data&rsquo;s page of the <strong>N<\/strong>ational <strong>I<\/strong>nstitute of <strong>S<\/strong>tandards and <strong>T<\/strong>echnology<\/a>)<\/li>\n<\/ul>\n<p>Mati\u00e8re condens\u00e9e :<\/p>\n<ul>\n<li><a href=\"http:\/\/www.phys.ufl.edu\/fermisurface\/\">Surfaces de Fermi<\/a><\/li>\n<li><a href=\"http:\/\/www.ioffe.rssi.ru\/SVA\/NSM\/Semicond\/index.html\">Semiconducteurs<\/a><\/li>\n<\/ul>\n<hr \/>\n<ul>\n<li>Le <a href=\"https:\/\/www.nobelprize.org\/\">site de la conf\u00e9rence Nobel<\/a> (informations bibliographiques et conf\u00e9rences Nobel)<\/li>\n<li>La page \u00ab\u00a0<a href=\"http:\/\/toutestquantique.fr\/\">tout est quantique<\/a>\u00a0\u00bb (<a href=\"http:\/\/hebergement.u-psud.fr\/supraconductivite\/\">\u00e9quipe \u00ab\u00a0enseigner autrement\u00a0\u00bb<\/a> du LPS).<\/li>\n<\/ul>\n","protected":false},"excerpt":{"rendered":"<p>Enseignement en Licence Enseignement en Master Conf\u00e9rences du magist\u00e8re de physique Quelques liens utiles : Classification p\u00e9riodique Constantes fondamentales (tir\u00e9 de Physical Reference Data&rsquo;s page of the National Institute of Standards and Technology) Mati\u00e8re condens\u00e9e : Surfaces de Fermi Semiconducteurs &hellip; <a href=\"http:\/\/www.lptms.universite-paris-saclay.fr\/christophe_texier\/enseignements\/\">Continuer la lecture <span class=\"meta-nav\">&rarr;<\/span><\/a><\/p>\n","protected":false},"author":1,"featured_media":0,"parent":0,"menu_order":10,"comment_status":"closed","ping_status":"closed","template":"","meta":{"footnotes":""},"class_list":["post-74","page","type-page","status-publish","hentry"],"_links":{"self":[{"href":"http:\/\/www.lptms.universite-paris-saclay.fr\/christophe_texier\/wp-json\/wp\/v2\/pages\/74","targetHints":{"allow":["GET"]}}],"collection":[{"href":"http:\/\/www.lptms.universite-paris-saclay.fr\/christophe_texier\/wp-json\/wp\/v2\/pages"}],"about":[{"href":"http:\/\/www.lptms.universite-paris-saclay.fr\/christophe_texier\/wp-json\/wp\/v2\/types\/page"}],"author":[{"embeddable":true,"href":"http:\/\/www.lptms.universite-paris-saclay.fr\/christophe_texier\/wp-json\/wp\/v2\/users\/1"}],"replies":[{"embeddable":true,"href":"http:\/\/www.lptms.universite-paris-saclay.fr\/christophe_texier\/wp-json\/wp\/v2\/comments?post=74"}],"version-history":[{"count":30,"href":"http:\/\/www.lptms.universite-paris-saclay.fr\/christophe_texier\/wp-json\/wp\/v2\/pages\/74\/revisions"}],"predecessor-version":[{"id":2724,"href":"http:\/\/www.lptms.universite-paris-saclay.fr\/christophe_texier\/wp-json\/wp\/v2\/pages\/74\/revisions\/2724"}],"wp:attachment":[{"href":"http:\/\/www.lptms.universite-paris-saclay.fr\/christophe_texier\/wp-json\/wp\/v2\/media?parent=74"}],"curies":[{"name":"wp","href":"https:\/\/api.w.org\/{rel}","templated":true}]}}