{"id":77,"date":"2010-03-30T12:56:57","date_gmt":"2010-03-30T12:56:57","guid":{"rendered":"http:\/\/lptms.u-psud.fr\/christophe_texier\/?page_id=77"},"modified":"2023-09-04T15:33:11","modified_gmt":"2023-09-04T15:33:11","slug":"enseignement-en-licence","status":"publish","type":"page","link":"http:\/\/www.lptms.universite-paris-saclay.fr\/christophe_texier\/enseignements\/enseignement-en-licence\/","title":{"rendered":"Licence"},"content":{"rendered":"<h2>L3 :<\/h2>\n<ul>\n<li>Mag: <a title=\"M\u00e9canique quantique (cours &amp; TD)\" href=\"\/christophe_texier\/enseignements\/enseignement-en-licence\/l3-mecanique-quantique\/\">M\u00e9canique quantique<\/a> (cours &amp; TD)<\/li>\n<li>Mag: <a href=\"\/christophe_texier\/enseignements\/enseignement-en-licence\/l3-physique-statistique\/\">Physique statistique<\/a> (cours &amp; TD)<\/li>\n<li>Mag: <a title=\"Math\u00e9matique (TD)\" href=\"\/christophe_texier\/enseignements\/enseignement-en-licence\/l3-mathematiques\/\">Math\u00e9matique<\/a> (TD)<\/li>\n<li>Mag: <a title=\"Outils math\u00e9matiques pour la physique (option)\" href=\"\/christophe_texier\/enseignements\/enseignement-en-licence\/l3-outils-mathematiques-option\/\">Outils math\u00e9matiques pour la physique<\/a> (option)<\/li>\n<li>Papp\/Mec: <a href=\"\/christophe_texier\/enseignements\/enseignement-en-licence\/l3-papp-mathematiques\/\">Math\u00e9matiques<\/a> (cours &amp; TD)<\/li>\n<li>PC: <a href=\"\/christophe_texier\/enseignements\/enseignement-en-licence\/l3-pc-mecanique-quantique\/\">M\u00e9canique quantique<\/a> (TD pour la Licence Physique-Chimie)<\/li>\n<li>\u00e0 l&rsquo;Universit\u00e9 de Gen\u00e8ve : <a href=\"\/christophe_texier\/enseignements\/enseignement-en-licence\/physique-mesoscopique\/\">Physique m\u00e9soscopique<\/a> (option)<\/li>\n<\/ul>\n<h2>L2 :<\/h2>\n<ul>\n<li><a title=\"Thermodynamique et introduction \u00e0 la physique statistique\" href=\"\/christophe_texier\/enseignements\/enseignement-en-licence\/l2-thermodynamique-introduction-a-la-physique-statistique\/\">Thermodynamique et introduction \u00e0 la physique statistique<\/a><\/li>\n<li><a title=\"Introduction \u00e0 la m\u00e9canique quantique\" href=\"\/christophe_texier\/enseignements\/enseignement-en-licence\/l2-introduction-a-la-mecanique-quantique\/\">Introduction \u00e0 la m\u00e9canique quantique<\/a><\/li>\n<\/ul>\n<h2>L1 :<\/h2>\n<ul>\n<li>Phys101 (2013-2015) : <a href=\"\/christophe_texier\/enseignements\/enseignement-en-licence\/phys101\/\">M\u00e9canique du point<\/a><\/li>\n<li>Phys101 (2011-2013) : <a title=\"Lois d'\u00e9volution (Phys101)\" href=\"\/christophe_texier\/enseignements\/enseignement-en-licence\/l1-lois-devolution\/\">Lois d&rsquo;\u00e9volution<\/a><\/li>\n<li><a title=\"M\u00e9canique du point et optique g\u00e9om\u00e9trique\" href=\"\/christophe_texier\/enseignements\/enseignement-en-licence\/l1-mecanique-du-point-et-optique-geometrique\/\">M\u00e9canique du point et optique g\u00e9om\u00e9trique<\/a> (2000-2004)<\/li>\n<\/ul>\n","protected":false},"excerpt":{"rendered":"<p>L3 : Mag: M\u00e9canique quantique (cours &amp; TD) Mag: Physique statistique (cours &amp; TD) Mag: Math\u00e9matique (TD) Mag: Outils math\u00e9matiques pour la physique (option) Papp\/Mec: Math\u00e9matiques (cours &amp; TD) PC: M\u00e9canique quantique (TD pour la Licence Physique-Chimie) \u00e0 l&rsquo;Universit\u00e9 de &hellip; <a href=\"http:\/\/www.lptms.universite-paris-saclay.fr\/christophe_texier\/enseignements\/enseignement-en-licence\/\">Continuer la lecture <span class=\"meta-nav\">&rarr;<\/span><\/a><\/p>\n","protected":false},"author":1,"featured_media":0,"parent":74,"menu_order":0,"comment_status":"closed","ping_status":"closed","template":"","meta":{"footnotes":""},"class_list":["post-77","page","type-page","status-publish","hentry"],"_links":{"self":[{"href":"http:\/\/www.lptms.universite-paris-saclay.fr\/christophe_texier\/wp-json\/wp\/v2\/pages\/77","targetHints":{"allow":["GET"]}}],"collection":[{"href":"http:\/\/www.lptms.universite-paris-saclay.fr\/christophe_texier\/wp-json\/wp\/v2\/pages"}],"about":[{"href":"http:\/\/www.lptms.universite-paris-saclay.fr\/christophe_texier\/wp-json\/wp\/v2\/types\/page"}],"author":[{"embeddable":true,"href":"http:\/\/www.lptms.universite-paris-saclay.fr\/christophe_texier\/wp-json\/wp\/v2\/users\/1"}],"replies":[{"embeddable":true,"href":"http:\/\/www.lptms.universite-paris-saclay.fr\/christophe_texier\/wp-json\/wp\/v2\/comments?post=77"}],"version-history":[{"count":99,"href":"http:\/\/www.lptms.universite-paris-saclay.fr\/christophe_texier\/wp-json\/wp\/v2\/pages\/77\/revisions"}],"predecessor-version":[{"id":2736,"href":"http:\/\/www.lptms.universite-paris-saclay.fr\/christophe_texier\/wp-json\/wp\/v2\/pages\/77\/revisions\/2736"}],"up":[{"embeddable":true,"href":"http:\/\/www.lptms.universite-paris-saclay.fr\/christophe_texier\/wp-json\/wp\/v2\/pages\/74"}],"wp:attachment":[{"href":"http:\/\/www.lptms.universite-paris-saclay.fr\/christophe_texier\/wp-json\/wp\/v2\/media?parent=77"}],"curies":[{"name":"wp","href":"https:\/\/api.w.org\/{rel}","templated":true}]}}