{"id":818,"date":"2012-05-24T12:35:04","date_gmt":"2012-05-24T12:35:04","guid":{"rendered":"http:\/\/lptms.u-psud.fr\/christophe_texier\/?page_id=818"},"modified":"2023-09-04T15:33:36","modified_gmt":"2023-09-04T15:33:36","slug":"l3-mecanique-quantique","status":"publish","type":"page","link":"http:\/\/www.lptms.universite-paris-saclay.fr\/christophe_texier\/enseignements\/enseignement-en-licence\/l3-mecanique-quantique\/","title":{"rendered":"L3 Mag &#8211; M\u00e9canique quantique"},"content":{"rendered":"<h3>Enseignement au\u00a0<a href=\"http:\/\/www.magistere-physique.u-psud.fr\/\">magist\u00e8re<\/a> (physique fondamentale)<\/h3>\n<p style=\"padding-left: 30px;\">2003-2006 : TD<br \/>\n2005-2010 : cours aux \u00e9tudiants des \u00e9coles <a title=\"Centrale\" href=\"http:\/\/www.ecp.fr\/\">Centrale<\/a>, <a title=\"Supelec\" href=\"http:\/\/www.supelec.fr\/\">Sup\u00e9lec<\/a> &amp; <a title=\"SupOptique\" href=\"http:\/\/www.institutoptique.fr\/\">Supoptique<\/a>, inscrits en double dipl\u00f4me<\/p>\n<h2>Cours :<\/h2>\n<ul>\n<li>Notes de cours (indisponibles; le c\u0153ur des notes a initi\u00e9 un livre\u00a0 publi\u00e9 chez <a href=\"http:\/\/www.dunod.com\">Dunod<\/a>) : <a href=\"\/christophe_texier\/files\/2014\/12\/Couverture_2nde_Edition_Dunod.jpg\"><img loading=\"lazy\" decoding=\"async\" class=\"alignnone wp-image-1419\" src=\"\/christophe_texier\/files\/2014\/12\/Couverture_2nde_Edition_Dunod-215x300.jpg\" alt=\"Couverture_2nde_Edition_Dunod\" width=\"142\" height=\"198\" srcset=\"http:\/\/www.lptms.universite-paris-saclay.fr\/christophe_texier\/files\/2014\/12\/Couverture_2nde_Edition_Dunod-215x300.jpg 215w, http:\/\/www.lptms.universite-paris-saclay.fr\/christophe_texier\/files\/2014\/12\/Couverture_2nde_Edition_Dunod-733x1024.jpg 733w, http:\/\/www.lptms.universite-paris-saclay.fr\/christophe_texier\/files\/2014\/12\/Couverture_2nde_Edition_Dunod.jpg 1032w\" sizes=\"auto, (max-width: 142px) 100vw, 142px\" \/><\/a><\/li>\n<li><a href=\"\/christophe_texier\/files\/2011\/08\/mq_ch_texier_extrait.pdf\">Table des mati\u00e8res et extraits du chapitre 1<\/a><\/li>\n<\/ul>\n<h2>Sujets de TD :<\/h2>\n<ul>\n<li><a href=\"..\/files\/2010\/03\/polytdmq2008.pdf\">Polycopi\u00e9 de TD (fichier pdf- environ 560Ko)<\/a> (2010)<\/li>\n<\/ul>\n<h2>Devoir :<\/h2>\n<ul>\n<li>Devoir (2010) :<a href=\"\/christophe_texier\/files\/2010\/03\/coulomb_Helium.pdf\">Interaction de Coulomb dans l\u2019atome d\u2019Helium et m\u00e9canisme d\u2019\u00e9change<\/a> &amp; <a href=\"\/christophe_texier\/files\/2010\/03\/coulomb_Helium_corr.pdf\">Corrig\u00e9.<\/a><\/li>\n<\/ul>\n<h2>Autres liens :<\/h2>\n<ul>\n<li><a href=\"\/wiki-cours\/index.php\/M%C3%A9canique_quantique_L3_Physique_Chimie\">page de Guillaume Roux<br \/>\n<\/a><\/li>\n<li>La page \u00ab\u00a0<a href=\"http:\/\/toutestquantique.fr\/\">tout est quantique<\/a>\u00a0\u00bb (<a href=\"http:\/\/hebergement.u-psud.fr\/supraconductivite\/\">\u00e9quipe \u00ab\u00a0enseigner autrement\u00a0\u00bb<\/a> du LPS)<\/li>\n<\/ul>\n","protected":false},"excerpt":{"rendered":"<p>Enseignement au\u00a0magist\u00e8re (physique fondamentale) 2003-2006 : TD 2005-2010 : cours aux \u00e9tudiants des \u00e9coles Centrale, Sup\u00e9lec &amp; Supoptique, inscrits en double dipl\u00f4me Cours : Notes de cours (indisponibles; le c\u0153ur des notes a initi\u00e9 un livre\u00a0 publi\u00e9 chez Dunod) : &hellip; <a href=\"http:\/\/www.lptms.universite-paris-saclay.fr\/christophe_texier\/enseignements\/enseignement-en-licence\/l3-mecanique-quantique\/\">Continuer la lecture <span class=\"meta-nav\">&rarr;<\/span><\/a><\/p>\n","protected":false},"author":7,"featured_media":0,"parent":77,"menu_order":20,"comment_status":"closed","ping_status":"closed","template":"","meta":{"footnotes":""},"class_list":["post-818","page","type-page","status-publish","hentry"],"_links":{"self":[{"href":"http:\/\/www.lptms.universite-paris-saclay.fr\/christophe_texier\/wp-json\/wp\/v2\/pages\/818","targetHints":{"allow":["GET"]}}],"collection":[{"href":"http:\/\/www.lptms.universite-paris-saclay.fr\/christophe_texier\/wp-json\/wp\/v2\/pages"}],"about":[{"href":"http:\/\/www.lptms.universite-paris-saclay.fr\/christophe_texier\/wp-json\/wp\/v2\/types\/page"}],"author":[{"embeddable":true,"href":"http:\/\/www.lptms.universite-paris-saclay.fr\/christophe_texier\/wp-json\/wp\/v2\/users\/7"}],"replies":[{"embeddable":true,"href":"http:\/\/www.lptms.universite-paris-saclay.fr\/christophe_texier\/wp-json\/wp\/v2\/comments?post=818"}],"version-history":[{"count":21,"href":"http:\/\/www.lptms.universite-paris-saclay.fr\/christophe_texier\/wp-json\/wp\/v2\/pages\/818\/revisions"}],"predecessor-version":[{"id":2737,"href":"http:\/\/www.lptms.universite-paris-saclay.fr\/christophe_texier\/wp-json\/wp\/v2\/pages\/818\/revisions\/2737"}],"up":[{"embeddable":true,"href":"http:\/\/www.lptms.universite-paris-saclay.fr\/christophe_texier\/wp-json\/wp\/v2\/pages\/77"}],"wp:attachment":[{"href":"http:\/\/www.lptms.universite-paris-saclay.fr\/christophe_texier\/wp-json\/wp\/v2\/media?parent=818"}],"curies":[{"name":"wp","href":"https:\/\/api.w.org\/{rel}","templated":true}]}}