{"id":821,"date":"2012-05-24T12:37:55","date_gmt":"2012-05-24T12:37:55","guid":{"rendered":"http:\/\/lptms.u-psud.fr\/christophe_texier\/?page_id=821"},"modified":"2025-11-19T16:02:54","modified_gmt":"2025-11-19T16:02:54","slug":"l3-physique-statistique","status":"publish","type":"page","link":"http:\/\/www.lptms.universite-paris-saclay.fr\/christophe_texier\/enseignements\/enseignement-en-licence\/l3-physique-statistique\/","title":{"rendered":"L3 Mag &#8211; Physique statistique"},"content":{"rendered":"<h3><a href=\"\/christophe_texier\/files\/2012\/05\/les_4_barbus.jpg\"><img loading=\"lazy\" decoding=\"async\" class=\"aligncenter\" src=\"\/christophe_texier\/files\/2012\/05\/les_4_barbus-300x96.jpg\" alt=\"\" width=\"430\" height=\"136\" \/><\/a><\/h3>\n<h3>Enseignement au\u00a0<a href=\"http:\/\/www.magistere-physique.u-psud.fr\/\">magist\u00e8re<\/a> (physique fondamentale)<\/h3>\n<table style=\"width: 577px;border-style: double;border-color: #f7a80a\">\n<tbody>\n<tr>\n<td style=\"width: 567px\"><span style=\"text-decoration: underline\"><span style=\"color: #ff6600\"><strong>L&rsquo;enseignement de physique statistique pendant la pand\u00e9mie de Covid-19<\/strong><\/span><\/span><\/p>\n<p style=\"text-align: center\">Informations de l&rsquo;Universit\u00e9 (\u00e0 destination <a href=\"https:\/\/portail.universite-paris-saclay.fr\/gouvernance\/Pages\/UFR-Sciences\/Information-Coronavirus-Personnels.aspx\">du personnel<\/a> et <a href=\"https:\/\/portail.universite-paris-saclay.fr\/gouvernance\/Pages\/UFR-Sciences\/Information-Coronavirus.aspx\">des \u00e9tudiants<\/a>)<\/p>\n<ul>\n<li><span style=\"color: #008000\"><strong>Cours :<\/strong><\/span>\u00a0 la page du cours sous <strong>eCampus<\/strong> (2021-2022)<strong>:<\/strong><br \/>\n<a href=\"https:\/\/ecampus.paris-saclay.fr\/course\/view.php?id=47105#section-23\">https:\/\/ecampus.paris-saclay.fr\/course\/view.php?id=47105#section-23<\/a><\/li>\n<li><span style=\"color: #ff6600\"><strong>FOIRE AUX QUESTIONS<\/strong><br \/>\nS\u00e9anceS de questions\/r\u00e9ponses du 1er, 8 et 22 avril 20<strong>20<\/strong><\/span>:<br \/>\n<a href=\"https:\/\/hackmd.io\/W2vv-DGsR0qpEXFrmnGKHw?view\">https:\/\/hackmd.io\/W2vv-DGsR0qpEXFrmnGKHw?view<\/a><br \/>\n<span style=\"color: #ff6600\">S\u00e9anceS de questions\/r\u00e9ponses du 16\/02 et 05\/05\/2021 :<br \/>\n<a href=\"https:\/\/hackmd.io\/UAu-_qCfRkiEr9hkO3QcAQ?view\">https:\/\/hackmd.io\/UAu-_qCfRkiEr9hkO3QcAQ?view<\/a><\/span><\/li>\n<\/ul>\n<\/td>\n<\/tr>\n<\/tbody>\n<\/table>\n<h2><\/h2>\n<h2>Cours :<\/h2>\n<ul>\n<li>Quelques\u00a0<a href=\"\/christophe_texier\/files\/2022\/01\/informations_generales-new.pdf\">informations g\u00e9n\u00e9rales<\/a> (plan du cours, <span style=\"color: #ff0000\"><strong>bibliographie<\/strong><\/span>, etc)<span style=\"color: #ff0000\"><strong><br \/>\n<\/strong><\/span><\/li>\n<li>La\u00a0<a href=\"\/christophe_texier\/files\/2022\/01\/cours-phystat_points-importants.pdf\">liste des points importants du cours<\/a> (<span style=\"color: #008000\"><em>update: 19\/01\/2022<\/em><\/span>)<\/li>\n<li>Slides du <a href=\"http:\/\/www.lptms.universite-paris-saclay.fr\/christophe_texier\/files\/2024\/01\/cours-phystat-chap1-nopause.pdf\">premier cours<\/a><\/li>\n<li>Les<strong> Notes de cours<\/strong> (version longue indisponible)<br \/>\nou un\u00a0<strong>r\u00e9sum\u00e9 de cours<\/strong> (la physique statistique en 20 pages, +10 pages d&rsquo;annexe sur les statistiques quantiques pour le M1); <span style=\"color: #339966\"><em>update: 12\/02\/2020<\/em><\/span><\/li>\n<li>Ouvrage (par deux membres de l&rsquo;\u00e9quipe de PhyStat, 2nde \u00e9d.) : <a href=\"http:\/\/www.lptms.universite-paris-saclay.fr\/christophe_texier\/files\/2024\/06\/TexierRoux-phystat-2ndEd-couv.png\"><img loading=\"lazy\" decoding=\"async\" class=\"alignnone size-medium wp-image-2895\" src=\"http:\/\/www.lptms.universite-paris-saclay.fr\/christophe_texier\/files\/2024\/06\/TexierRoux-phystat-2ndEd-couv-213x300.png\" alt=\"\" width=\"213\" height=\"300\" srcset=\"http:\/\/www.lptms.universite-paris-saclay.fr\/christophe_texier\/files\/2024\/06\/TexierRoux-phystat-2ndEd-couv-213x300.png 213w, http:\/\/www.lptms.universite-paris-saclay.fr\/christophe_texier\/files\/2024\/06\/TexierRoux-phystat-2ndEd-couv-728x1024.png 728w, http:\/\/www.lptms.universite-paris-saclay.fr\/christophe_texier\/files\/2024\/06\/TexierRoux-phystat-2ndEd-couv-768x1080.png 768w, http:\/\/www.lptms.universite-paris-saclay.fr\/christophe_texier\/files\/2024\/06\/TexierRoux-phystat-2ndEd-couv-1093x1536.png 1093w, http:\/\/www.lptms.universite-paris-saclay.fr\/christophe_texier\/files\/2024\/06\/TexierRoux-phystat-2ndEd-couv.png 1156w\" sizes=\"auto, (max-width: 213px) 100vw, 213px\" \/><\/a><\/li>\n<\/ul>\n<h2>Travaux Dirig\u00e9s :<\/h2>\n<ul>\n<li><a href=\"\/christophe_texier\/files\/2018\/11\/new-polytd_phystat.pdf\">Sujets des exercices<\/a> (VF) ; <span style=\"color: #008000\">update: 23\/01\/2024<\/span><\/li>\n<li><a href=\"\/christophe_texier\/files\/2019\/01\/new-polytd_phystat-en-traduc-PascalSimon.pdf\" rel=\"attachment wp-att-2099\">exercices in english<\/a>\u00a0 (VA) ; <span style=\"color: #008000\">update: 23\/01\/2024<\/span><\/li>\n<li><a href=\"\/christophe_texier\/files\/2012\/05\/td02-corrige-nov2017_exo4_Ch_Texier.pdf\">corrig\u00e9 de l&rsquo;exercice 2.3 (\u00ab\u00a0chaos et ergodicit\u00e9\u00a0\u00bb)<\/a><\/li>\n<\/ul>\n<h2>Informations pratiques du magist\u00e8re :<\/h2>\n<p style=\"padding-left: 30px\"><a href=\"http:\/\/www.magistere-physique.u-psud.fr\/\">Planning, Emploi du temps<\/a> ;<\/p>\n<h2>Quelques sujets d&rsquo;examen :<\/h2>\n<p>Une grande partie des sujets de probl\u00e8mes sont disponibles dans l&rsquo;ouvrage (publi\u00e9 en <span style=\"color: #ff0000\"><strong>juin 2025<\/strong><\/span>) :<br \/>\n<a href=\"http:\/\/www.lptms.universite-paris-saclay.fr\/christophe_texier\/files\/2025\/04\/TexierRoux-pbs-phystat-couv.png\"><img loading=\"lazy\" decoding=\"async\" class=\"alignnone size-medium wp-image-3065\" src=\"http:\/\/www.lptms.universite-paris-saclay.fr\/christophe_texier\/files\/2025\/04\/TexierRoux-pbs-phystat-couv-209x300.png\" alt=\"\" width=\"209\" height=\"300\" srcset=\"http:\/\/www.lptms.universite-paris-saclay.fr\/christophe_texier\/files\/2025\/04\/TexierRoux-pbs-phystat-couv-209x300.png 209w, http:\/\/www.lptms.universite-paris-saclay.fr\/christophe_texier\/files\/2025\/04\/TexierRoux-pbs-phystat-couv-715x1024.png 715w, http:\/\/www.lptms.universite-paris-saclay.fr\/christophe_texier\/files\/2025\/04\/TexierRoux-pbs-phystat-couv-768x1100.png 768w, http:\/\/www.lptms.universite-paris-saclay.fr\/christophe_texier\/files\/2025\/04\/TexierRoux-pbs-phystat-couv-1072x1536.png 1072w, http:\/\/www.lptms.universite-paris-saclay.fr\/christophe_texier\/files\/2025\/04\/TexierRoux-pbs-phystat-couv.png 1169w\" sizes=\"auto, (max-width: 209px) 100vw, 209px\" \/><\/a><\/p>\n<ul>\n<li>Mars 2010 : Cristal paramagn\u00e9tique de spins <em>S<\/em>=1<\/li>\n<li>Mai 2010 : Transmission d\u00b4\u00e9lectrons \u00e0 travers un trou &#8211; Formule de Sharvin<\/li>\n<li>Mars 2012 : Exp\u00e9rience de Kappler : mesure de <em>k<\/em><sub>B<\/sub> par l&rsquo;analyse des fluctuations d&rsquo;un miroir<\/li>\n<li>Mai 2012 : F\u00e9rromagn\u00e9tisme : loi de Bloch &#8212; \u00c9quation d&rsquo;\u00e9tat d&rsquo;un gaz de fermions en 2D &#8212; Corr\u00e9lation dans le mod\u00e8le d&rsquo;Ising 1D<\/li>\n<li>Septembre 2012 : \u00c9largissement Doppler d&rsquo;une raie d&rsquo;absorption &#8212; Gaz de bosons<\/li>\n<li>Mars 2013 : Gaz parfaits de fermions et de bosons sur r\u00e9seau &#8212; Chaleur sp\u00e9cifique rotationnelle d&rsquo;un gaz de mol\u00e9cules HD<\/li>\n<li>Mai 2013 : D\u00e9position d&rsquo;une couche m\u00e9tallique sur un substrat &#8212; Corde vibrante<\/li>\n<li>Mars 2014 : Paramagn\u00e9tisme et diamagn\u00e9tisme d&rsquo;un gaz d&rsquo;atomes de spin 1\/2 ; corrig\u00e9<\/li>\n<li>Mai 2014 : Piston et ensemble isotherme-isobare &#8212; Second coefficient du Viriel des gaz parfaits quantiques ; corrig\u00e9<\/li>\n<li>Ao\u00fbt 2014 : Gaz de photons &#8212; Gaz 2D d&rsquo;H\u00e9lium-3 ; corrig\u00e9<\/li>\n<li>Janvier 2015 : Atomes \u00e0 deux \u00e9tats &#8212; Gaz parfait ultrarelativiste ; corrig\u00e9.<\/li>\n<li>Mars 2015 : 2nd coefficient du viriel des gaz r\u00e9els ; corrig\u00e9<\/li>\n<li>Mai 2015 : Paramagn\u00e9tisme et diagmagn\u00e9tisme d&rsquo;un gaz d&rsquo;\u00e9lectrons 2D (effet de la masse effective) &#8212; Dissociation du chlore ; corrig\u00e9<\/li>\n<li>Ao\u00fbt 2015 : Contact entre cristaux de spins &#8212; Chaleur sp\u00e9cifique du graph\u00e8ne ; corrig\u00e9<\/li>\n<li>Janvier 2016 : Distribution de Bose-Einstein (ens. microcanonique) &#8212; Gaz en champ de pesanteur ; corrig\u00e9<\/li>\n<li>Mars 2016 : Equation d&rsquo;\u00e9tat des photons &#8212; Fluctuations \u00e9lectriques dans une ligne de transmission ; corrig\u00e9<\/li>\n<li>Mai 2016 :\u00a0Solides amorphes &#8212; Fluctuations dans un BEC &#8212; F\u00e9rromagn\u00e9tisme de Stoner ; corrig\u00e9<\/li>\n<li>Janvier 2017 : Distribution de Maxwell-Boltzmann &#8212; Th\u00e9or\u00e8me H ; corrig\u00e9 ; english version<\/li>\n<li>Mars 2017 : Anomalie de Schottky (C<sub>V<\/sub> d&rsquo;un cristal de spins) &#8212; D\u00e9tente de Joule-Thomson ;\u00a0corrig\u00e9<\/li>\n<li>Mai 2017 : Fluctuations de l&rsquo;\u00e9nergie dans un gaz parfait &#8212; Gaz de photons &#8212; M\u00e9tal 2D ; corrig\u00e9<\/li>\n<li>Janvier 2018 : Force entropique &#8212; Oscillateurs quantiques et distribution de Bose-Einstein ; corrig\u00e9 ; english version<\/li>\n<li>Mars 2018 :\u00a0Elasticit\u00e9 de la mol\u00e9cule d&rsquo;ADN ;\u00a0corrig\u00e9<\/li>\n<li>Mai 2018 : Gaz fermioniques et bosoniques dans un pi\u00e8ge harmonique ; corrig\u00e9<\/li>\n<li>Ao\u00fbt 2018 : Examen PS1 (et corrig\u00e9) ;\u00a0\u00a0Examen PS2 (ou version avec corrections)<\/li>\n<li>Mars 2019 : Th\u00e9or\u00e8me du viriel &#8212; Fluctuations de l&rsquo;\u00e9nergie ; corrig\u00e9 ; english version<\/li>\n<li>Mai 2019 : Loi d&rsquo;action de masse &#8212; Ferromagn\u00e9tisme \u00e0 basse <em>T<\/em> &#8212; Gaz en rotation ; corrig\u00e9<\/li>\n<li>Juin 2019 :\u00a0\u00a0Refroidissement \u00e9vaporatif &#8212; Dim\u00e8res d\u00e9sordonn\u00e9s ;\u00a0corrig\u00e9<\/li>\n<li>Mars 2020 : Contact thermique et fluctuations &#8212; Refroidissement magn\u00e9tique (avec corrig\u00e9) ; english version<\/li>\n<li>Juin 2020 :\u00a0Equation d&rsquo;\u00e9tat des corps solides &#8211; C<sub>V<\/sub> en pr\u00e9sence d&rsquo;Adsorption ; corrig\u00e9<\/li>\n<li>Mars 2021 : D\u00e9fauts de Frenkel &#8211; Variables conjugu\u00e9es microcanonique &#8211; Oscillateur anharmonique ; correction ; english version<\/li>\n<li>Mai 2021: Capacit\u00e9 calorifique du soleil et sa stabilit\u00e9 &#8212; Deux spins en interaction Ferro ou AF ; corrig\u00e9<\/li>\n<li>Juin 2021 :\u00a0Equilibre solide-gaz &#8212; Elargissement Doppler d&rsquo;une raie spectrale ;\u00a0corrig\u00e9<\/li>\n<li>Mars 2022 : Th\u00e9orie d&rsquo;Einstein de la chaleur sp\u00e9cifique &#8212; Polym\u00e8re dirig\u00e9 ;\u00a0corrig\u00e9 ; english version<\/li>\n<li>Avril 2022 :\u00a0Allost\u00e9rie dans l&rsquo;h\u00e9moglobine &#8211; Mvt d&rsquo;un objet dans un gaz ;\u00a0correction<\/li>\n<li>Mars 2023 : Oscillateurs harmoniques &#8211; Gaz sur r\u00e9seau ; correction<\/li>\n<li>Mai 2023 : T\u00e2ches de l&rsquo;exp\u00e9rience de Stern-Gerlach &#8211; Adsorption d&rsquo;hydrog\u00e8ne &#8211; Cha\u00eene de spins vectoriels ; correction<\/li>\n<li>Mars 2024 : Pression osmotique &#8212; Energie cin\u00e9tique moyenne (ensemble microcan.) ; correction<\/li>\n<li>Avril 2024 : Rayonnement &#8212; mod\u00e8le B.E.T. &#8212; 2nd coefficient du viriel d&rsquo;un gaz r\u00e9el ; correction<\/li>\n<\/ul>\n<hr \/>\n<h2>\u00a0Archives<\/h2>\n<h3>sujets de TD, 2017-2018:<\/h3>\n<ul>\n<li><a href=\"\/christophe_texier\/files\/2012\/05\/polytd_phystat.pdf\">Sujets des exercices de TD (2017-2018)<\/a> ; and <a href=\"\/christophe_texier\/files\/2012\/05\/polytd_phystat-eng.pdf\">in english<\/a>.<\/li>\n<\/ul>\n<h3>Sujets de TD, 2011-2017 :<\/h3>\n<ul>\n<li><a href=\"\/christophe_texier\/files\/2012\/05\/polytd_phystat2016.pdf\">Sujets des exercices de TD<\/a> et (<a href=\"\/christophe_texier\/files\/2012\/05\/polytd_phystat1.pdf\">version \u00e9largie 2013-2014<\/a>)<\/li>\n<li><a href=\"\/christophe_texier\/files\/2012\/05\/polytd_phystat2014_english.pdf\">Exercices in english<\/a><\/li>\n<\/ul>\n<h3>Sujets de TD, avant 2011 :<\/h3>\n<ul>\n<li><a href=\"\/christophe_texier\/files\/2010\/04\/stat_td1.pdf\">TD 1<\/a> : Rappels math\u00e9matiques pour la physique statistique.<\/li>\n<li><a href=\"\/christophe_texier\/files\/2010\/04\/stat_td2.pdf\">TD 2<\/a> : Espace des phases<\/li>\n<li><a href=\"\/christophe_texier\/files\/2010\/04\/stat_td3.pdf\">TD 3<\/a> : Ensemble microcanonique<\/li>\n<li><a href=\"\/christophe_texier\/files\/2010\/04\/stat_td4.pdf\">TD 4<\/a> : Ensemble canonique<\/li>\n<li><a href=\"\/christophe_texier\/files\/2010\/04\/stat_td5.pdf\">TD 5<\/a> : Magn\u00e9tisme : Paramagn\u00e9tisme de spin et Ferromagn\u00e9tisme<\/li>\n<li><a href=\"\/christophe_texier\/files\/2010\/04\/stat_td6.pdf\">TD 6<\/a> : Th\u00e9orie cin\u00e9tique des gaz<\/li>\n<li><a href=\"\/christophe_texier\/files\/2010\/04\/stat_td7.pdf\">TD 7<\/a> : Ensemble grand-canonique<\/li>\n<li><a href=\"\/christophe_texier\/files\/2010\/04\/stat_td8.pdf\">TD 8<\/a> : Fermions<\/li>\n<li><a href=\"\/christophe_texier\/files\/2010\/04\/stat_td9.pdf\">TD 9<\/a> : Condensation de Bose-Einstein<\/li>\n<li><a href=\"\/christophe_texier\/files\/2010\/04\/stat_td10.pdf\">TD 10<\/a> : Thermodynamique du rayonnement<\/li>\n<\/ul>\n","protected":false},"excerpt":{"rendered":"<p>Enseignement au\u00a0magist\u00e8re (physique fondamentale) L&rsquo;enseignement de physique statistique pendant la pand\u00e9mie de Covid-19 Informations de l&rsquo;Universit\u00e9 (\u00e0 destination du personnel et des \u00e9tudiants) Cours :\u00a0 la page du cours sous eCampus (2021-2022): https:\/\/ecampus.paris-saclay.fr\/course\/view.php?id=47105#section-23 FOIRE AUX QUESTIONS S\u00e9anceS de questions\/r\u00e9ponses du &hellip; <a href=\"http:\/\/www.lptms.universite-paris-saclay.fr\/christophe_texier\/enseignements\/enseignement-en-licence\/l3-physique-statistique\/\">Continuer la lecture <span class=\"meta-nav\">&rarr;<\/span><\/a><\/p>\n","protected":false},"author":7,"featured_media":0,"parent":77,"menu_order":10,"comment_status":"closed","ping_status":"closed","template":"","meta":{"footnotes":""},"class_list":["post-821","page","type-page","status-publish","hentry"],"_links":{"self":[{"href":"http:\/\/www.lptms.universite-paris-saclay.fr\/christophe_texier\/wp-json\/wp\/v2\/pages\/821","targetHints":{"allow":["GET"]}}],"collection":[{"href":"http:\/\/www.lptms.universite-paris-saclay.fr\/christophe_texier\/wp-json\/wp\/v2\/pages"}],"about":[{"href":"http:\/\/www.lptms.universite-paris-saclay.fr\/christophe_texier\/wp-json\/wp\/v2\/types\/page"}],"author":[{"embeddable":true,"href":"http:\/\/www.lptms.universite-paris-saclay.fr\/christophe_texier\/wp-json\/wp\/v2\/users\/7"}],"replies":[{"embeddable":true,"href":"http:\/\/www.lptms.universite-paris-saclay.fr\/christophe_texier\/wp-json\/wp\/v2\/comments?post=821"}],"version-history":[{"count":216,"href":"http:\/\/www.lptms.universite-paris-saclay.fr\/christophe_texier\/wp-json\/wp\/v2\/pages\/821\/revisions"}],"predecessor-version":[{"id":3132,"href":"http:\/\/www.lptms.universite-paris-saclay.fr\/christophe_texier\/wp-json\/wp\/v2\/pages\/821\/revisions\/3132"}],"up":[{"embeddable":true,"href":"http:\/\/www.lptms.universite-paris-saclay.fr\/christophe_texier\/wp-json\/wp\/v2\/pages\/77"}],"wp:attachment":[{"href":"http:\/\/www.lptms.universite-paris-saclay.fr\/christophe_texier\/wp-json\/wp\/v2\/media?parent=821"}],"curies":[{"name":"wp","href":"https:\/\/api.w.org\/{rel}","templated":true}]}}