{"id":825,"date":"2012-05-24T12:39:56","date_gmt":"2012-05-24T12:39:56","guid":{"rendered":"http:\/\/lptms.u-psud.fr\/christophe_texier\/?page_id=825"},"modified":"2023-08-30T08:25:51","modified_gmt":"2023-08-30T08:25:51","slug":"l3-mathematiques","status":"publish","type":"page","link":"http:\/\/www.lptms.universite-paris-saclay.fr\/christophe_texier\/enseignements\/enseignement-en-licence\/l3-mathematiques\/","title":{"rendered":"L3 Mag &#8211; Math\u00e9matiques"},"content":{"rendered":"<h3>Enseignement au\u00a0<a href=\"http:\/\/www.magistere-physique.u-psud.fr\/\">magist\u00e8re<\/a> (physique fondamentale)<\/h3>\n<p style=\"text-align: center;\"><a href=\"\/christophe_texier\/files\/2012\/05\/henri_lebsegue.jpg\"><img loading=\"lazy\" decoding=\"async\" class=\"alignnone wp-image-1278\" src=\"\/christophe_texier\/files\/2012\/05\/henri_lebsegue.jpg\" alt=\"henri_lebsegue\" width=\"107\" height=\"156\" \/><\/a> <a href=\"\/christophe_texier\/files\/2012\/05\/augustin_cauchy.jpg\"><img loading=\"lazy\" decoding=\"async\" class=\"alignnone wp-image-1279\" src=\"\/christophe_texier\/files\/2012\/05\/augustin_cauchy.jpg\" alt=\"augustin_cauchy\" width=\"97\" height=\"128\" \/><\/a> <a href=\"\/christophe_texier\/files\/2012\/05\/joseph_fourier.jpg\"><img loading=\"lazy\" decoding=\"async\" class=\"alignnone wp-image-1280\" src=\"\/christophe_texier\/files\/2012\/05\/joseph_fourier.jpg\" alt=\"joseph_fourier\" width=\"104\" height=\"127\" \/><\/a> <a href=\"\/christophe_texier\/files\/2012\/05\/Paul_Dirac.jpg\"><img loading=\"lazy\" decoding=\"async\" class=\"alignnone wp-image-1281\" src=\"\/christophe_texier\/files\/2012\/05\/Paul_Dirac-225x300.jpg\" alt=\"Paul_Dirac\" width=\"95\" height=\"127\" srcset=\"http:\/\/www.lptms.universite-paris-saclay.fr\/christophe_texier\/files\/2012\/05\/Paul_Dirac-225x300.jpg 225w, http:\/\/www.lptms.universite-paris-saclay.fr\/christophe_texier\/files\/2012\/05\/Paul_Dirac.jpg 338w\" sizes=\"auto, (max-width: 95px) 100vw, 95px\" \/><\/a><\/p>\n<p style=\"padding-left: 30px;\">2007-2010 et 2015-2016 : TD<\/p>\n<h2>Sujets des TD :<\/h2>\n<ul>\n<li><a href=\"\/christophe_texier\/files\/2010\/03\/mathtd1.pdf\">TD 1 :<\/a> Convergence d\u2019int\u00e9grales &#8212; s\u00e9ries.<\/li>\n<li><a href=\"\/christophe_texier\/files\/2010\/03\/mathtd2.pdf\"> TD 2 :<\/a> Analyse complexe.<\/li>\n<li><a href=\"\/christophe_texier\/files\/2010\/03\/mathtd3.pdf\"> TD 3 :<\/a> Introduction \u00e0 l\u2019int\u00e9grale de Lebesgue.<\/li>\n<li><a href=\"\/christophe_texier\/files\/2010\/03\/mathtd4.pdf\"> TD 4 :<\/a> Transformation de Fourier.<\/li>\n<li><a href=\"\/christophe_texier\/files\/2010\/03\/mathtd5.pdf\"> TD 5 :<\/a> Th\u00e9or\u00e8me de Fubini et convolution.<\/li>\n<li><a href=\"\/christophe_texier\/files\/2010\/03\/mathtd6.pdf\"> TD 6 <\/a> et\u00a0<a href=\"\/christophe_texier\/files\/2010\/03\/mathtd7.pdf\">TD 7<\/a> : Distributions.<\/li>\n<li><a href=\"\/christophe_texier\/files\/2010\/03\/mathtd8.pdf\"> TD 8 <\/a> Transformation de Fourier et convolution des distributions &#8212; Fcts de Green.<\/li>\n<\/ul>\n<h2>Examen<\/h2>\n<ul>\n<li><a href=\"\/christophe_texier\/files\/2012\/05\/math_partiel1601.pdf\">Examen de janvier 2016<\/a> ; <a href=\"\/christophe_texier\/files\/2012\/05\/math_partiel1601_corr.pdf\">corrig\u00e9<\/a><\/li>\n<\/ul>\n","protected":false},"excerpt":{"rendered":"<p>Enseignement au\u00a0magist\u00e8re (physique fondamentale) 2007-2010 et 2015-2016 : TD Sujets des TD : TD 1 : Convergence d\u2019int\u00e9grales &#8212; s\u00e9ries. TD 2 : Analyse complexe. TD 3 : Introduction \u00e0 l\u2019int\u00e9grale de Lebesgue. TD 4 : Transformation de Fourier. TD &hellip; <a href=\"http:\/\/www.lptms.universite-paris-saclay.fr\/christophe_texier\/enseignements\/enseignement-en-licence\/l3-mathematiques\/\">Continuer la lecture <span class=\"meta-nav\">&rarr;<\/span><\/a><\/p>\n","protected":false},"author":7,"featured_media":0,"parent":77,"menu_order":30,"comment_status":"closed","ping_status":"closed","template":"","meta":{"footnotes":""},"class_list":["post-825","page","type-page","status-publish","hentry"],"_links":{"self":[{"href":"http:\/\/www.lptms.universite-paris-saclay.fr\/christophe_texier\/wp-json\/wp\/v2\/pages\/825","targetHints":{"allow":["GET"]}}],"collection":[{"href":"http:\/\/www.lptms.universite-paris-saclay.fr\/christophe_texier\/wp-json\/wp\/v2\/pages"}],"about":[{"href":"http:\/\/www.lptms.universite-paris-saclay.fr\/christophe_texier\/wp-json\/wp\/v2\/types\/page"}],"author":[{"embeddable":true,"href":"http:\/\/www.lptms.universite-paris-saclay.fr\/christophe_texier\/wp-json\/wp\/v2\/users\/7"}],"replies":[{"embeddable":true,"href":"http:\/\/www.lptms.universite-paris-saclay.fr\/christophe_texier\/wp-json\/wp\/v2\/comments?post=825"}],"version-history":[{"count":12,"href":"http:\/\/www.lptms.universite-paris-saclay.fr\/christophe_texier\/wp-json\/wp\/v2\/pages\/825\/revisions"}],"predecessor-version":[{"id":2688,"href":"http:\/\/www.lptms.universite-paris-saclay.fr\/christophe_texier\/wp-json\/wp\/v2\/pages\/825\/revisions\/2688"}],"up":[{"embeddable":true,"href":"http:\/\/www.lptms.universite-paris-saclay.fr\/christophe_texier\/wp-json\/wp\/v2\/pages\/77"}],"wp:attachment":[{"href":"http:\/\/www.lptms.universite-paris-saclay.fr\/christophe_texier\/wp-json\/wp\/v2\/media?parent=825"}],"curies":[{"name":"wp","href":"https:\/\/api.w.org\/{rel}","templated":true}]}}