{"id":828,"date":"2012-05-24T12:40:47","date_gmt":"2012-05-24T12:40:47","guid":{"rendered":"http:\/\/lptms.u-psud.fr\/christophe_texier\/?page_id=828"},"modified":"2019-01-13T21:25:07","modified_gmt":"2019-01-13T21:25:07","slug":"l3-outils-mathematiques-option","status":"publish","type":"page","link":"http:\/\/www.lptms.universite-paris-saclay.fr\/christophe_texier\/enseignements\/enseignement-en-licence\/l3-outils-mathematiques-option\/","title":{"rendered":"L3 Mag &#8211; Outils math\u00e9matiques (option)"},"content":{"rendered":"<h3>Enseignement au\u00a0<a href=\"http:\/\/www.magistere-physique.u-psud.fr\/\">magist\u00e8re<\/a> (physique fondamentale)<\/h3>\n<p>2001-2005 : Mise en place de l&rsquo;option \u00ab\u00a0<em>Outils math\u00e9matiques pour la physique<\/em>\u00a0\u00bb<\/p>\n<h2>Sujets de TD :<\/h2>\n<ul>\n<li><a href=\"http:\/\/lptms.u-psud.fr\/christophe_texier\/files\/2010\/03\/mpp1.pdf\"> TD 1 :<\/a> \u00c9quations diff\u00e9rentielles.<\/li>\n<li><a href=\"http:\/\/lptms.u-psud.fr\/christophe_texier\/files\/2010\/03\/mpp2.pdf\"> TD 2 :<\/a> Calcul int\u00e9gral.<\/li>\n<li><a href=\"http:\/\/lptms.u-psud.fr\/christophe_texier\/files\/2010\/03\/mpp3.pdf\"> TD 3 :<\/a> Br\u00e8ve introduction \u00e0 la transformation de Fourier.<\/li>\n<li><a href=\"http:\/\/lptms.u-psud.fr\/christophe_texier\/files\/2010\/03\/mpp4.pdf\"> TD 4 :<\/a> D\u00e9terminants et inversion de matrices.<\/li>\n<li><a href=\"http:\/\/lptms.u-psud.fr\/christophe_texier\/files\/2010\/03\/mpp5.pdf\"> TD 5 :<\/a> Diagonalisation &#8211; R\u00e9solution de syst\u00e8mes d\u2019\u00e9quations diff\u00e9rentielles.<\/li>\n<li><a href=\"http:\/\/lptms.u-psud.fr\/christophe_texier\/files\/2010\/03\/mpp6.pdf\"> TD 6 :<\/a> Un soup\u00e7on d\u2019analyse vectorielle.<\/li>\n<\/ul>\n","protected":false},"excerpt":{"rendered":"<p>Enseignement au\u00a0magist\u00e8re (physique fondamentale) 2001-2005 : Mise en place de l&rsquo;option \u00ab\u00a0Outils math\u00e9matiques pour la physique\u00a0\u00bb Sujets de TD : TD 1 : \u00c9quations diff\u00e9rentielles. TD 2 : Calcul int\u00e9gral. TD 3 : Br\u00e8ve introduction \u00e0 la transformation de Fourier. &hellip; <a href=\"http:\/\/www.lptms.universite-paris-saclay.fr\/christophe_texier\/enseignements\/enseignement-en-licence\/l3-outils-mathematiques-option\/\">Continuer la lecture <span class=\"meta-nav\">&rarr;<\/span><\/a><\/p>\n","protected":false},"author":7,"featured_media":0,"parent":77,"menu_order":40,"comment_status":"closed","ping_status":"closed","template":"","meta":{"footnotes":""},"class_list":["post-828","page","type-page","status-publish","hentry"],"_links":{"self":[{"href":"http:\/\/www.lptms.universite-paris-saclay.fr\/christophe_texier\/wp-json\/wp\/v2\/pages\/828","targetHints":{"allow":["GET"]}}],"collection":[{"href":"http:\/\/www.lptms.universite-paris-saclay.fr\/christophe_texier\/wp-json\/wp\/v2\/pages"}],"about":[{"href":"http:\/\/www.lptms.universite-paris-saclay.fr\/christophe_texier\/wp-json\/wp\/v2\/types\/page"}],"author":[{"embeddable":true,"href":"http:\/\/www.lptms.universite-paris-saclay.fr\/christophe_texier\/wp-json\/wp\/v2\/users\/7"}],"replies":[{"embeddable":true,"href":"http:\/\/www.lptms.universite-paris-saclay.fr\/christophe_texier\/wp-json\/wp\/v2\/comments?post=828"}],"version-history":[{"count":8,"href":"http:\/\/www.lptms.universite-paris-saclay.fr\/christophe_texier\/wp-json\/wp\/v2\/pages\/828\/revisions"}],"predecessor-version":[{"id":2059,"href":"http:\/\/www.lptms.universite-paris-saclay.fr\/christophe_texier\/wp-json\/wp\/v2\/pages\/828\/revisions\/2059"}],"up":[{"embeddable":true,"href":"http:\/\/www.lptms.universite-paris-saclay.fr\/christophe_texier\/wp-json\/wp\/v2\/pages\/77"}],"wp:attachment":[{"href":"http:\/\/www.lptms.universite-paris-saclay.fr\/christophe_texier\/wp-json\/wp\/v2\/media?parent=828"}],"curies":[{"name":"wp","href":"https:\/\/api.w.org\/{rel}","templated":true}]}}