{"id":833,"date":"2012-05-24T12:45:00","date_gmt":"2012-05-24T12:45:00","guid":{"rendered":"http:\/\/lptms.u-psud.fr\/christophe_texier\/?page_id=833"},"modified":"2023-09-04T15:35:55","modified_gmt":"2023-09-04T15:35:55","slug":"l2-thermodynamique-introduction-a-la-physique-statistique","status":"publish","type":"page","link":"http:\/\/www.lptms.universite-paris-saclay.fr\/christophe_texier\/enseignements\/enseignement-en-licence\/l2-thermodynamique-introduction-a-la-physique-statistique\/","title":{"rendered":"L2 &#8211; Thermodynamique &#8211; Introduction \u00e0 la physique statistique"},"content":{"rendered":"<h3>Enseignement dans l&rsquo;ex S3MIAS. (2002-2005)<\/h3>\n<ul>\n<li><a href=\"\/christophe_texier\/files\/2010\/03\/td1s3mias.pdf\"> TD 1 :<\/a> Ordres de grandeur.<\/li>\n<li><a href=\"\/christophe_texier\/files\/2010\/03\/td2s3mias.pdf\"> TD 2 :<\/a> Introduction aux probabilit\u00e9s.<\/li>\n<li><a href=\"\/christophe_texier\/files\/2010\/03\/td3s3mias.pdf\"> TD 3 :<\/a> Syst\u00e8mes isol\u00e9s : ensemble microcanonique.<\/li>\n<li><a href=\"\/christophe_texier\/files\/2010\/03\/td4s3mias.pdf\"> TD 4 :<\/a> Syst\u00e8mes en contact avec un thermostat : ensemble canonique.<\/li>\n<li><a href=\"\/christophe_texier\/files\/2010\/03\/td5s3mias.pdf\"> TD 5 :<\/a> Th\u00e9orie cin\u00e9tique.<\/li>\n<li><a href=\"\/christophe_texier\/files\/2010\/03\/td6s3mias.pdf\"> TD 6 :<\/a> Thermodynamique.<\/li>\n<\/ul>\n","protected":false},"excerpt":{"rendered":"<p>Enseignement dans l&rsquo;ex S3MIAS. (2002-2005) TD 1 : Ordres de grandeur. TD 2 : Introduction aux probabilit\u00e9s. TD 3 : Syst\u00e8mes isol\u00e9s : ensemble microcanonique. TD 4 : Syst\u00e8mes en contact avec un thermostat : ensemble canonique. TD 5 : &hellip; <a href=\"http:\/\/www.lptms.universite-paris-saclay.fr\/christophe_texier\/enseignements\/enseignement-en-licence\/l2-thermodynamique-introduction-a-la-physique-statistique\/\">Continuer la lecture <span class=\"meta-nav\">&rarr;<\/span><\/a><\/p>\n","protected":false},"author":7,"featured_media":0,"parent":77,"menu_order":50,"comment_status":"closed","ping_status":"closed","template":"","meta":{"footnotes":""},"class_list":["post-833","page","type-page","status-publish","hentry"],"_links":{"self":[{"href":"http:\/\/www.lptms.universite-paris-saclay.fr\/christophe_texier\/wp-json\/wp\/v2\/pages\/833","targetHints":{"allow":["GET"]}}],"collection":[{"href":"http:\/\/www.lptms.universite-paris-saclay.fr\/christophe_texier\/wp-json\/wp\/v2\/pages"}],"about":[{"href":"http:\/\/www.lptms.universite-paris-saclay.fr\/christophe_texier\/wp-json\/wp\/v2\/types\/page"}],"author":[{"embeddable":true,"href":"http:\/\/www.lptms.universite-paris-saclay.fr\/christophe_texier\/wp-json\/wp\/v2\/users\/7"}],"replies":[{"embeddable":true,"href":"http:\/\/www.lptms.universite-paris-saclay.fr\/christophe_texier\/wp-json\/wp\/v2\/comments?post=833"}],"version-history":[{"count":5,"href":"http:\/\/www.lptms.universite-paris-saclay.fr\/christophe_texier\/wp-json\/wp\/v2\/pages\/833\/revisions"}],"predecessor-version":[{"id":2740,"href":"http:\/\/www.lptms.universite-paris-saclay.fr\/christophe_texier\/wp-json\/wp\/v2\/pages\/833\/revisions\/2740"}],"up":[{"embeddable":true,"href":"http:\/\/www.lptms.universite-paris-saclay.fr\/christophe_texier\/wp-json\/wp\/v2\/pages\/77"}],"wp:attachment":[{"href":"http:\/\/www.lptms.universite-paris-saclay.fr\/christophe_texier\/wp-json\/wp\/v2\/media?parent=833"}],"curies":[{"name":"wp","href":"https:\/\/api.w.org\/{rel}","templated":true}]}}