{"id":843,"date":"2012-05-24T12:47:15","date_gmt":"2012-05-24T12:47:15","guid":{"rendered":"http:\/\/lptms.u-psud.fr\/christophe_texier\/?page_id=843"},"modified":"2023-09-04T15:36:56","modified_gmt":"2023-09-04T15:36:56","slug":"phys101","status":"publish","type":"page","link":"http:\/\/www.lptms.universite-paris-saclay.fr\/christophe_texier\/enseignements\/enseignement-en-licence\/phys101\/","title":{"rendered":"L1 &#8211; M\u00e9canique (Phys101)"},"content":{"rendered":"<h3>Phys101 : M\u00e9canique (2013-2015)<\/h3>\n<p><a href=\"\/christophe_texier\/files\/2013\/10\/phys101_chap01.pdf\">Chapitre 1 : Dimensions et unit\u00e9s &#8212; Mesures et incertitudes<\/a><\/p>\n<p><a href=\"\/christophe_texier\/files\/2013\/10\/phys101_chap02.pdf\">Chapitre 2 : Statique<\/a><\/p>\n<p><a href=\"\/christophe_texier\/files\/2013\/10\/phys101_chap03.pdf\">Chapitre 3 : Cin\u00e9matique<\/a><\/p>\n<p><a href=\"\/christophe_texier\/files\/2013\/10\/phys101_chap04.pdf\">Chapitre 4 : Dynamique<\/a><\/p>\n<p>Chapitre 5 : Energie : <a href=\"\/christophe_texier\/files\/2013\/10\/phys101_chap05a.pdf\">partie 1<\/a> et\u00a0<a href=\"\/christophe_texier\/files\/2013\/10\/phys101_chap05b.pdf\">partie b<\/a><\/p>\n<p><a href=\"\/christophe_texier\/files\/2013\/10\/phys101_chap06.pdf\">Chapitre 6 : Oscillations<\/a><\/p>\n<p>Annexe : <a href=\"\/christophe_texier\/files\/2012\/05\/Annexe-Integrales.pdf\">Calcul int\u00e9gral<\/a><\/p>\n<p>Ancien programme :<\/p>\n<h3>Phys101: Lois d&rsquo;\u00e9volution (2011-2013)<\/h3>\n","protected":false},"excerpt":{"rendered":"<p>Phys101 : M\u00e9canique (2013-2015) Chapitre 1 : Dimensions et unit\u00e9s &#8212; Mesures et incertitudes Chapitre 2 : Statique Chapitre 3 : Cin\u00e9matique Chapitre 4 : Dynamique Chapitre 5 : Energie : partie 1 et\u00a0partie b Chapitre 6 : Oscillations Annexe &hellip; <a href=\"http:\/\/www.lptms.universite-paris-saclay.fr\/christophe_texier\/enseignements\/enseignement-en-licence\/phys101\/\">Continuer la lecture <span class=\"meta-nav\">&rarr;<\/span><\/a><\/p>\n","protected":false},"author":7,"featured_media":0,"parent":77,"menu_order":70,"comment_status":"closed","ping_status":"closed","template":"","meta":{"footnotes":""},"class_list":["post-843","page","type-page","status-publish","hentry"],"_links":{"self":[{"href":"http:\/\/www.lptms.universite-paris-saclay.fr\/christophe_texier\/wp-json\/wp\/v2\/pages\/843","targetHints":{"allow":["GET"]}}],"collection":[{"href":"http:\/\/www.lptms.universite-paris-saclay.fr\/christophe_texier\/wp-json\/wp\/v2\/pages"}],"about":[{"href":"http:\/\/www.lptms.universite-paris-saclay.fr\/christophe_texier\/wp-json\/wp\/v2\/types\/page"}],"author":[{"embeddable":true,"href":"http:\/\/www.lptms.universite-paris-saclay.fr\/christophe_texier\/wp-json\/wp\/v2\/users\/7"}],"replies":[{"embeddable":true,"href":"http:\/\/www.lptms.universite-paris-saclay.fr\/christophe_texier\/wp-json\/wp\/v2\/comments?post=843"}],"version-history":[{"count":14,"href":"http:\/\/www.lptms.universite-paris-saclay.fr\/christophe_texier\/wp-json\/wp\/v2\/pages\/843\/revisions"}],"predecessor-version":[{"id":2742,"href":"http:\/\/www.lptms.universite-paris-saclay.fr\/christophe_texier\/wp-json\/wp\/v2\/pages\/843\/revisions\/2742"}],"up":[{"embeddable":true,"href":"http:\/\/www.lptms.universite-paris-saclay.fr\/christophe_texier\/wp-json\/wp\/v2\/pages\/77"}],"wp:attachment":[{"href":"http:\/\/www.lptms.universite-paris-saclay.fr\/christophe_texier\/wp-json\/wp\/v2\/media?parent=843"}],"curies":[{"name":"wp","href":"https:\/\/api.w.org\/{rel}","templated":true}]}}