{"id":923,"date":"2012-06-05T12:39:04","date_gmt":"2012-06-05T12:39:04","guid":{"rendered":"http:\/\/lptms.u-psud.fr\/christophe_texier\/?page_id=923"},"modified":"2025-03-12T21:53:32","modified_gmt":"2025-03-12T21:53:32","slug":"physique-statistique-hors-equilibre","status":"publish","type":"page","link":"http:\/\/www.lptms.universite-paris-saclay.fr\/christophe_texier\/enseignements\/enseignements-en-master\/physique-statistique-hors-equilibre\/","title":{"rendered":"M2 iCFP &#8211; Physique statistique hors \u00e9quilibre (Quant. Phys. track)"},"content":{"rendered":"<h2>Physique statistique faiblement hors \u00e9quilibre : th\u00e9orie de la r\u00e9ponse lin\u00e9aire<\/h2>\n<h3>Enseignement au Master ICFP, parcours de physique quantique<\/h3>\n<p style=\"text-align: center\"><a href=\"http:\/\/lptms.u-psud.fr\/christophe_texier\/files\/2012\/06\/linearresp2.jpg\"><img loading=\"lazy\" decoding=\"async\" class=\"alignnone wp-image-1263\" src=\"http:\/\/lptms.u-psud.fr\/christophe_texier\/files\/2012\/06\/linearresp2-300x76.jpg\" alt=\"linearresp2\" width=\"372\" height=\"94\" srcset=\"http:\/\/www.lptms.universite-paris-saclay.fr\/christophe_texier\/files\/2012\/06\/linearresp2-300x76.jpg 300w, http:\/\/www.lptms.universite-paris-saclay.fr\/christophe_texier\/files\/2012\/06\/linearresp2.jpg 568w\" sizes=\"auto, (max-width: 372px) 100vw, 372px\" \/><\/a><\/p>\n<p style=\"text-align: center\"><a href=\"http:\/\/lptms.u-psud.fr\/christophe_texier\/files\/2012\/06\/Albert_Einstein.jpg\"><img loading=\"lazy\" decoding=\"async\" class=\"alignnone wp-image-1000\" src=\"http:\/\/lptms.u-psud.fr\/christophe_texier\/files\/2012\/06\/Albert_Einstein-240x300.jpg\" alt=\"Albert_Einstein\" width=\"100\" height=\"125\" \/><\/a><a href=\"http:\/\/lptms.u-psud.fr\/christophe_texier\/files\/2012\/06\/paul_langevin.jpg\"> <img loading=\"lazy\" decoding=\"async\" class=\"alignnone wp-image-1000\" src=\"http:\/\/lptms.u-psud.fr\/christophe_texier\/files\/2012\/06\/paul_langevin.jpg\" alt=\"paul_langevin\" width=\"83\" height=\"125\" \/><\/a> <a href=\"http:\/\/lptms.u-psud.fr\/christophe_texier\/files\/2012\/06\/Norbert_Wiener.jpg\"><img loading=\"lazy\" decoding=\"async\" class=\"alignnone wp-image-1268\" src=\"http:\/\/lptms.u-psud.fr\/christophe_texier\/files\/2012\/06\/Norbert_Wiener.jpg\" alt=\"Norbert_Wiener\" width=\"82\" height=\"124\" \/><\/a> <a href=\"http:\/\/lptms.u-psud.fr\/christophe_texier\/files\/2012\/06\/aleksandr_khinchin.jpg\"><img loading=\"lazy\" decoding=\"async\" class=\"alignnone wp-image-1267\" src=\"http:\/\/lptms.u-psud.fr\/christophe_texier\/files\/2012\/06\/aleksandr_khinchin.jpg\" alt=\"aleksandr_khinchin\" width=\"106\" height=\"125\" \/><\/a>\u00a0<a href=\"http:\/\/lptms.u-psud.fr\/christophe_texier\/files\/2012\/06\/harry_nyquist.jpg\"><img loading=\"lazy\" decoding=\"async\" class=\"alignnone wp-image-1270\" src=\"http:\/\/lptms.u-psud.fr\/christophe_texier\/files\/2012\/06\/harry_nyquist.jpg\" alt=\"harry_nyquist\" width=\"101\" height=\"124\" \/><\/a><a href=\"http:\/\/lptms.u-psud.fr\/christophe_texier\/files\/2012\/06\/ryogo_kubo.jpg\"> <img loading=\"lazy\" decoding=\"async\" class=\"alignnone wp-image-1265\" src=\"http:\/\/lptms.u-psud.fr\/christophe_texier\/files\/2012\/06\/ryogo_kubo.jpg\" alt=\"ryogo_kubo\" width=\"83\" height=\"125\" \/><\/a><\/p>\n<p>2007-2016 : Cours &amp; TD<\/p>\n<h2>Cours :<\/h2>\n<ul>\n<li>Notes de cours manuscrites (2016):<br \/>\nlecture 1 : Introduction\/Langevin approach<br \/>\nlecture 2 : Fokker-Planck approach (1)<br \/>\nlecture 3 : Fokker-Planck approach (2)<br \/>\nlecture 4 : <a href=\"http:\/\/lptms.u-psud.fr\/christophe_texier\/files\/2012\/06\/2016-lectures-ChTexier-4.pdf\">quantum linear response<\/a><br \/>\nlecture 5 : <a href=\"http:\/\/lptms.u-psud.fr\/christophe_texier\/files\/2012\/06\/2016-lectures-ChTexier-5.pdf\">spatial structure of response functions<\/a><\/li>\n<li><span style=\"font-size: medium;color: #008000\"><strong><span style=\"color: #008000\">Notes de cours<\/span><\/strong><\/span> (\u00e9galement disponibles depuis la page du LPTMS : rubrique \u00ab\u00a0Enseignements en Master\u00a0\u00bb -&gt; \u00ab\u00a0Notes de cours\u00a0\u00bb).<\/li>\n<\/ul>\n<h2>Sujets de travaux dirig\u00e9s : (nouveau programme, 2016)<\/h2>\n<ul>\n<li><a href=\"http:\/\/lptms.u-psud.fr\/christophe_texier\/files\/2012\/06\/td4pshe.pdf\">TD 4<\/a>\u00a0&#8211; Classical approach (1) : Langevin equation<\/li>\n<li><a href=\"http:\/\/lptms.u-psud.fr\/christophe_texier\/files\/2012\/06\/td5pshe.pdf\">TD 5<\/a>\u00a0&#8211; Classical approach (2) : Fokker-Planck equation<\/li>\n<li><a href=\"http:\/\/lptms.u-psud.fr\/christophe_texier\/files\/2012\/06\/td6pshe.pdf\">TD 6<\/a> &#8211; Kramers-Kronig relation and causality<\/li>\n<li><a href=\"http:\/\/lptms.u-psud.fr\/christophe_texier\/files\/2012\/06\/td7pshe.pdf\">TD 7<\/a>\u00a0&#8211; Detailed balance and thermalization<\/li>\n<li><a href=\"http:\/\/lptms.u-psud.fr\/christophe_texier\/files\/2012\/06\/td8pshe.pdf\">TD 8<\/a>\u00a0&#8211; (Quantum) linear response theory<\/li>\n<li><a href=\"http:\/\/lptms.u-psud.fr\/christophe_texier\/files\/2012\/06\/td9pshe.pdf\">TD 9<\/a>\u00a0&#8211; Structure of the magnetic susceptibility of a ferromagnet &#8211; spin waves and magnons<\/li>\n<\/ul>\n<p>anciennes versions (\u22642015) :<\/p>\n<ul>\n<li><a href=\"http:\/\/lptms.u-psud.fr\/christophe_texier\/files\/2010\/03\/td4rl.pdf\">TD 4<\/a>: Fonction de r\u00e9ponse et relation de Kramers-Kronig.<\/li>\n<li><a href=\"http:\/\/lptms.u-psud.fr\/christophe_texier\/files\/2010\/03\/td5rl.pdf\">TD 5<\/a>: R\u00e9ponse lin\u00e9aire.<\/li>\n<li><a href=\"http:\/\/lptms.u-psud.fr\/christophe_texier\/files\/2011\/12\/td6rl.pdf\">TD 6<\/a>: Ondes de spins dans un ferromagnetique &#8211; magnons.<\/li>\n<li><a href=\"http:\/\/lptms.u-psud.fr\/christophe_texier\/files\/2010\/03\/td7rl.pdf\">TD 7<\/a>: Dissipation quantique &#8211; \u00c9quation de Langevin quantique.<\/li>\n<\/ul>\n<p>Les premiers \u00e9nonc\u00e9s de TD (TD1 \u00e0 TD3) sont disponibles sur la page d&rsquo;<a href=\"http:\/\/lptms.u-psud.fr\/membres\/trizac\/Ens\/M2MQPL.html\">Emmanuel Trizac<\/a>.<\/p>\n<h2>Les sujets d\u2019examen pass\u00e9s :<\/h2>\n<p>Les <strong>sujets des examens<\/strong> pass\u00e9s sont <strong>annex\u00e9s<\/strong>\u00a0 (en versions augment\u00e9es)<strong> aux notes de cours<\/strong>.<\/p>\n<ul>\n<li>Examen 2007-2008 : Ondes de spins dans un ferromagnetique &#8211; magnons (-&gt; TD6)<\/li>\n<li>Examen 2008-2009 : <a href=\"http:\/\/lptms.u-psud.fr\/christophe_texier\/files\/2010\/03\/rl_exam0812_comp.pdf\">Modes plasmons d&rsquo;un gaz de fermions charg\u00e9s<\/a><\/li>\n<li>Examen 2009-2010 : <a href=\"http:\/\/lptms.u-psud.fr\/christophe_texier\/files\/2010\/03\/rl_exam0912_comp.pdf\">Mouvement dans un superfluide &#8212; Effet Hall<\/a><\/li>\n<li>Examen 2010-2011 : <a href=\"http:\/\/lptms.u-psud.fr\/christophe_texier\/files\/2010\/03\/rl_exam1101_comp1.pdf\">Conductivit\u00e9 d&rsquo;un anneau m\u00e9soscopique<\/a><\/li>\n<li>Examen 2011-2012 : <a href=\"http:\/\/lptms.u-psud.fr\/christophe_texier\/files\/2010\/03\/rl_exam1201_comp.pdf\">F\u00e9rromag\u00e9tisme itin\u00e9rant et continuum de Stoner<\/a><\/li>\n<li>Examen 2012-2013 : <a href=\"http:\/\/lptms.u-psud.fr\/christophe_texier\/files\/2012\/06\/rl_exam1301.pdf\">Instabilit\u00e9 de Peierls dans un m\u00e9tal 1D<\/a> ; <a href=\"http:\/\/lptms.u-psud.fr\/christophe_texier\/files\/2012\/06\/rl_exam1301_corr.pdf\">corrig\u00e9<\/a> ; cf. l&rsquo;annexe H des notes de cours (en particulier la section H.5)<\/li>\n<li>Examen 2013-2014 : <a href=\"http:\/\/lptms.u-psud.fr\/christophe_texier\/files\/2012\/06\/rl_exam1401.pdf\">M\u00e9taux quasi-ferromagn\u00e9tiques &#8212; Paramagnons<\/a> ; <a href=\"http:\/\/lptms.u-psud.fr\/christophe_texier\/files\/2012\/06\/rl_exam1401_corr.pdf\">corrig\u00e9<\/a><\/li>\n<li>Examen 2014-2015 : <a href=\"http:\/\/lptms.u-psud.fr\/christophe_texier\/files\/2012\/06\/rl_exam1501.pdf\">Weiss oscillations of the magneto-resistivity of a 2DEG (with correction)<\/a><\/li>\n<li>Examen 2015-2016 : <a href=\"http:\/\/lptms.u-psud.fr\/christophe_texier\/files\/2012\/06\/rl_exam1601.pdf\">Zero sound in Helium-3 (with correction)<\/a><\/li>\n<li>Examen 2016-2017 : <a href=\"http:\/\/lptms.u-psud.fr\/christophe_texier\/files\/2012\/06\/pshe_exam1701.pdf\">Non-intersecting fluctuating lines and 1D fermions (with correction)<\/a><\/li>\n<\/ul>\n","protected":false},"excerpt":{"rendered":"<p>Physique statistique faiblement hors \u00e9quilibre : th\u00e9orie de la r\u00e9ponse lin\u00e9aire Enseignement au Master ICFP, parcours de physique quantique \u00a0 2007-2016 : Cours &amp; TD Cours : Notes de cours manuscrites (2016): lecture 1 : Introduction\/Langevin approach lecture 2 : &hellip; <a href=\"http:\/\/www.lptms.universite-paris-saclay.fr\/christophe_texier\/enseignements\/enseignements-en-master\/physique-statistique-hors-equilibre\/\">Continuer la lecture <span class=\"meta-nav\">&rarr;<\/span><\/a><\/p>\n","protected":false},"author":7,"featured_media":0,"parent":11,"menu_order":15,"comment_status":"closed","ping_status":"closed","template":"","meta":{"footnotes":""},"class_list":["post-923","page","type-page","status-publish","hentry"],"_links":{"self":[{"href":"http:\/\/www.lptms.universite-paris-saclay.fr\/christophe_texier\/wp-json\/wp\/v2\/pages\/923","targetHints":{"allow":["GET"]}}],"collection":[{"href":"http:\/\/www.lptms.universite-paris-saclay.fr\/christophe_texier\/wp-json\/wp\/v2\/pages"}],"about":[{"href":"http:\/\/www.lptms.universite-paris-saclay.fr\/christophe_texier\/wp-json\/wp\/v2\/types\/page"}],"author":[{"embeddable":true,"href":"http:\/\/www.lptms.universite-paris-saclay.fr\/christophe_texier\/wp-json\/wp\/v2\/users\/7"}],"replies":[{"embeddable":true,"href":"http:\/\/www.lptms.universite-paris-saclay.fr\/christophe_texier\/wp-json\/wp\/v2\/comments?post=923"}],"version-history":[{"count":42,"href":"http:\/\/www.lptms.universite-paris-saclay.fr\/christophe_texier\/wp-json\/wp\/v2\/pages\/923\/revisions"}],"predecessor-version":[{"id":3056,"href":"http:\/\/www.lptms.universite-paris-saclay.fr\/christophe_texier\/wp-json\/wp\/v2\/pages\/923\/revisions\/3056"}],"up":[{"embeddable":true,"href":"http:\/\/www.lptms.universite-paris-saclay.fr\/christophe_texier\/wp-json\/wp\/v2\/pages\/11"}],"wp:attachment":[{"href":"http:\/\/www.lptms.universite-paris-saclay.fr\/christophe_texier\/wp-json\/wp\/v2\/media?parent=923"}],"curies":[{"name":"wp","href":"https:\/\/api.w.org\/{rel}","templated":true}]}}