{"id":935,"date":"2012-06-05T12:54:49","date_gmt":"2012-06-05T12:54:49","guid":{"rendered":"http:\/\/lptms.u-psud.fr\/christophe_texier\/?page_id=935"},"modified":"2019-01-23T13:46:39","modified_gmt":"2019-01-23T13:46:39","slug":"m2-theorie-des-champs","status":"publish","type":"page","link":"http:\/\/www.lptms.universite-paris-saclay.fr\/christophe_texier\/enseignements\/enseignements-en-master\/m2-theorie-des-champs\/","title":{"rendered":"M2 CFP &#8211; Th\u00e9orie des champs"},"content":{"rendered":"<h3>Enseignement au DEA de physique quantique, \u00e0 l\u2019E.N.S<\/h3>\n<p>2001-2005 : TD (1er semestre)<\/p>\n<h2>Cours :<\/h2>\n<p>Le cours \u00e9tait assur\u00e9 par <a href=\"http:\/\/lptms.u-psud.fr\/accueil\/liste-des-membres\/chercheurs-et-enseignants-chercheurs\/\">Alain Comtet<\/a>, Professeur \u00e0 l\u2019<a href=\"http:\/\/www.upmc.fr\/\">Universit\u00e9 Pierre et Marie Curie<\/a>.<\/p>\n<h2>Sujets de TD :<\/h2>\n<p>Les sujets de TD 1, 2, 3, 5, 6 &amp; 8 ont \u00e9t\u00e9 propos\u00e9s par\u00a0<a href=\"http:\/\/lptms.u-psud.fr\/accueil\/liste-des-membres\/chercheurs-et-enseignants-chercheurs\/\">Alain Comtet<\/a> &amp; <a href=\"http:\/\/ipht.cea.fr\/en\/Pisp\/jean-yves.ollitrault\/index_en.php\">Jean-Yves Ollitrault<\/a>.<\/p>\n<p><strong>Th\u00e9orie classique des champs:<\/strong><\/p>\n<ul>\n<li><a href=\"http:\/\/lptms.u-psud.fr\/christophe_texier\/files\/2010\/03\/td1dea.pdf\">TD 1<\/a>: Introduction: relativit\u00e9 restreinte et groupe de Lorentz.<\/li>\n<li><a href=\"http:\/\/lptms.u-psud.fr\/christophe_texier\/files\/2010\/03\/td2dea.pdf\">TD 2<\/a>: \u00c9quations d&rsquo;Euler-Lagrange.<\/li>\n<li><a href=\"http:\/\/lptms.u-psud.fr\/christophe_texier\/files\/2010\/03\/td3dea.pdf\">TD 3<\/a>: Th\u00e9or\u00e8me de N\u0153ther.<\/li>\n<\/ul>\n<p><strong>\u00c9quation de Dirac:<\/strong><\/p>\n<ul>\n<li><a href=\"http:\/\/lptms.u-psud.fr\/christophe_texier\/files\/2010\/03\/td4dea.pdf\">TD 4<\/a>: Particule de Dirac dans un puits de potentiel (scalaire).<\/li>\n<li><a href=\"http:\/\/lptms.u-psud.fr\/christophe_texier\/files\/2010\/03\/td5dea.pdf\">TD 5<\/a>: \u00c9lectron dans un champ magn\u00e9tique uniforme.<\/li>\n<li><a href=\"http:\/\/lptms.u-psud.fr\/christophe_texier\/files\/2010\/03\/td6dea.pdf\">TD 6<\/a>: Diffusion coulombienne.<\/li>\n<li><a href=\"http:\/\/lptms.u-psud.fr\/christophe_texier\/files\/2010\/03\/td7dea.pdf\">TD 7<\/a>: Effet Aharonov-Casher (dual de l&rsquo;effet Aharonov-Bohm).<\/li>\n<\/ul>\n<p><strong>Th\u00e9orie quantique des champs:<\/strong><\/p>\n<ul>\n<li><a href=\"http:\/\/lptms.u-psud.fr\/christophe_texier\/files\/2010\/03\/td8dea.pdf\">TD 8<\/a>: Effet Casimir.<\/li>\n<li><a href=\"http:\/\/lptms.u-psud.fr\/christophe_texier\/files\/2010\/03\/td9dea.pdf\">TD 9<\/a>: Th\u00e9orie de perturbation.<\/li>\n<\/ul>\n<p>&nbsp;<\/p>\n<p><strong>Sujet de Devoir :<\/strong><\/p>\n<p><a href=\"http:\/\/lptms.u-psud.fr\/christophe_texier\/files\/2012\/06\/probleme2.pdf\">Th\u00e9or\u00e8me Aharonov-Casher<\/a> (# d&rsquo;\u00e9tats d&rsquo;\u00e9nergie nulle pour un hamiltonien magn\u00e9tique 2D) dans le contexte de l&rsquo;\u00e9quation de Dirac 2D ; avec <a href=\"http:\/\/lptms.u-psud.fr\/christophe_texier\/files\/2012\/06\/probleme2_cor.pdf\">corrig\u00e9<\/a><\/p>\n","protected":false},"excerpt":{"rendered":"<p>Enseignement au DEA de physique quantique, \u00e0 l\u2019E.N.S 2001-2005 : TD (1er semestre) Cours : Le cours \u00e9tait assur\u00e9 par Alain Comtet, Professeur \u00e0 l\u2019Universit\u00e9 Pierre et Marie Curie. Sujets de TD : Les sujets de TD 1, 2, 3, &hellip; <a href=\"http:\/\/www.lptms.universite-paris-saclay.fr\/christophe_texier\/enseignements\/enseignements-en-master\/m2-theorie-des-champs\/\">Continuer la lecture <span class=\"meta-nav\">&rarr;<\/span><\/a><\/p>\n","protected":false},"author":7,"featured_media":0,"parent":11,"menu_order":30,"comment_status":"closed","ping_status":"closed","template":"","meta":{"footnotes":""},"class_list":["post-935","page","type-page","status-publish","hentry"],"_links":{"self":[{"href":"http:\/\/www.lptms.universite-paris-saclay.fr\/christophe_texier\/wp-json\/wp\/v2\/pages\/935","targetHints":{"allow":["GET"]}}],"collection":[{"href":"http:\/\/www.lptms.universite-paris-saclay.fr\/christophe_texier\/wp-json\/wp\/v2\/pages"}],"about":[{"href":"http:\/\/www.lptms.universite-paris-saclay.fr\/christophe_texier\/wp-json\/wp\/v2\/types\/page"}],"author":[{"embeddable":true,"href":"http:\/\/www.lptms.universite-paris-saclay.fr\/christophe_texier\/wp-json\/wp\/v2\/users\/7"}],"replies":[{"embeddable":true,"href":"http:\/\/www.lptms.universite-paris-saclay.fr\/christophe_texier\/wp-json\/wp\/v2\/comments?post=935"}],"version-history":[{"count":7,"href":"http:\/\/www.lptms.universite-paris-saclay.fr\/christophe_texier\/wp-json\/wp\/v2\/pages\/935\/revisions"}],"predecessor-version":[{"id":2106,"href":"http:\/\/www.lptms.universite-paris-saclay.fr\/christophe_texier\/wp-json\/wp\/v2\/pages\/935\/revisions\/2106"}],"up":[{"embeddable":true,"href":"http:\/\/www.lptms.universite-paris-saclay.fr\/christophe_texier\/wp-json\/wp\/v2\/pages\/11"}],"wp:attachment":[{"href":"http:\/\/www.lptms.universite-paris-saclay.fr\/christophe_texier\/wp-json\/wp\/v2\/media?parent=935"}],"curies":[{"name":"wp","href":"https:\/\/api.w.org\/{rel}","templated":true}]}}