{"id":6,"date":"2013-04-17T09:56:52","date_gmt":"2013-04-17T09:56:52","guid":{"rendered":"http:\/\/lptms.u-psud.fr\/dmitry-petrov\/?page_id=6"},"modified":"2022-09-01T10:41:57","modified_gmt":"2022-09-01T10:41:57","slug":"home","status":"publish","type":"page","link":"http:\/\/www.lptms.universite-paris-saclay.fr\/dmitry-petrov\/","title":{"rendered":"Home"},"content":{"rendered":"<p><a href=\"http:\/\/lptms.u-psud.fr\/dmitry-petrov\/files\/2013\/04\/Petrov.jpg\"><img loading=\"lazy\" decoding=\"async\" class=\"size-full wp-image-7 alignright\" alt=\"\" src=\"http:\/\/lptms.u-psud.fr\/dmitry-petrov\/files\/2013\/04\/Petrov.jpg\" width=\"131\" height=\"150\" \/><\/a><br \/>\n<strong>Present occupation<\/strong><br \/>\nDirecteur de recherche au CNRS, Laboratoire de Physique Th\u00e9orique et Mod\u00e8les Statistiques, Orsay<\/p>\n<p><strong>Address<\/strong><br \/>\nLaboratoire LPTMS,<br \/>\nB\u00e2timent Pascal n\u00b0 530<br \/>\nrue Andr\u00e9 Rivi\u00e8re &#8211; Universit\u00e9 Paris Sud<br \/>\n91405 Orsay Cedex<br \/>\nTel.:+33-1-69153605<br \/>\nFax:+33-1-69156525<br \/>\nE-mail: name.surname@universite-paris-saclay.fr<\/p>\n","protected":false},"excerpt":{"rendered":"<p>Present occupation Directeur de recherche au CNRS, Laboratoire de Physique Th\u00e9orique et Mod\u00e8les Statistiques, Orsay Address Laboratoire LPTMS, B\u00e2timent Pascal n\u00b0 530 rue Andr\u00e9 Rivi\u00e8re &#8211; Universit\u00e9 Paris Sud 91405 Orsay Cedex Tel.:+33-1-69153605 Fax:+33-1-69156525 E-mail: name.surname@universite-paris-saclay.fr<\/p>\n","protected":false},"author":1,"featured_media":0,"parent":0,"menu_order":0,"comment_status":"open","ping_status":"open","template":"","meta":{"footnotes":""},"class_list":["post-6","page","type-page","status-publish","hentry"],"_links":{"self":[{"href":"http:\/\/www.lptms.universite-paris-saclay.fr\/dmitry-petrov\/wp-json\/wp\/v2\/pages\/6","targetHints":{"allow":["GET"]}}],"collection":[{"href":"http:\/\/www.lptms.universite-paris-saclay.fr\/dmitry-petrov\/wp-json\/wp\/v2\/pages"}],"about":[{"href":"http:\/\/www.lptms.universite-paris-saclay.fr\/dmitry-petrov\/wp-json\/wp\/v2\/types\/page"}],"author":[{"embeddable":true,"href":"http:\/\/www.lptms.universite-paris-saclay.fr\/dmitry-petrov\/wp-json\/wp\/v2\/users\/1"}],"replies":[{"embeddable":true,"href":"http:\/\/www.lptms.universite-paris-saclay.fr\/dmitry-petrov\/wp-json\/wp\/v2\/comments?post=6"}],"version-history":[{"count":12,"href":"http:\/\/www.lptms.universite-paris-saclay.fr\/dmitry-petrov\/wp-json\/wp\/v2\/pages\/6\/revisions"}],"predecessor-version":[{"id":182,"href":"http:\/\/www.lptms.universite-paris-saclay.fr\/dmitry-petrov\/wp-json\/wp\/v2\/pages\/6\/revisions\/182"}],"wp:attachment":[{"href":"http:\/\/www.lptms.universite-paris-saclay.fr\/dmitry-petrov\/wp-json\/wp\/v2\/media?parent=6"}],"curies":[{"name":"wp","href":"https:\/\/api.w.org\/{rel}","templated":true}]}}