{"id":48,"date":"2018-04-28T22:18:08","date_gmt":"2018-04-28T20:18:08","guid":{"rendered":"http:\/\/lptms.u-psud.fr\/gdr-mega\/?page_id=48"},"modified":"2018-06-14T09:02:48","modified_gmt":"2018-06-14T07:02:48","slug":"venue","status":"publish","type":"page","link":"http:\/\/www.lptms.universite-paris-saclay.fr\/gdr-mega\/venue\/","title":{"rendered":"Venue"},"content":{"rendered":"<p>The meeting will take place at Universit\u00e9 Paris Descartes, 45 Rue des Saints-P\u00e8res (Paris 6), \u00ab\u00a0Salle du Conseil, Aile Turing\u00a0\u00bb.<\/p>\n<p>To get there:<\/p>\n<ol class=\" fix-media-list-overlap\">\n<li class=\"level1\">\n<div class=\"li\">\u00a0Go to 45 Rue des Saints-P\u00e8res, M\u00e9tro Saint-Germain-des-Pr\u00e9s<\/div>\n<\/li>\n<li class=\"level1\">\n<div class=\"li\">\u00a0Enter into the building through the main entrance<\/div>\n<\/li>\n<li class=\"level1\">\n<div class=\"li\">\u00a0Go straight into the Hall and then turn right. On your left, there are two lifts, on each side of the stairs<\/div>\n<\/li>\n<li class=\"level1\">\n<div class=\"li\">\u00a0Take the lift up to the 7th floor<\/div>\n<\/li>\n<li class=\"level1\">\n<div class=\"li\">\u00a0When you exit the lift, turn right<\/div>\n<\/li>\n<li class=\"level1\">\n<div class=\"li\">\u00a0Enter into the corridor \u00ab\u00a0Mat\u00e9matologie\u00a0\u00bb and continue up to the end of that corridor<\/div>\n<\/li>\n<li class=\"level1\">\n<div class=\"li\">\u00a0Take the left door on your left to get into the \u00ab\u00a0Aile Turing\u00a0\u00bb<\/div>\n<\/li>\n<li>The seminar room \u00a0\u00bbSalle du Conseil\u00a0\u00bb is on your right at the end of the \u00ab\u00a0Aile Turing\u00a0\u00bb<\/li>\n<\/ol>\n<p><strong>The map:<\/strong><br \/>\n<a href=\"http:\/\/lptms.u-psud.fr\/gdr-mega\/files\/2018\/04\/plan7-1.png\"><img loading=\"lazy\" decoding=\"async\" class=\"size-medium wp-image-45 alignleft\" src=\"http:\/\/lptms.u-psud.fr\/gdr-mega\/files\/2018\/04\/plan7-1-300x198.png\" alt=\"\" width=\"300\" height=\"198\" srcset=\"http:\/\/www.lptms.universite-paris-saclay.fr\/gdr-mega\/files\/2018\/04\/plan7-1-300x198.png 300w, http:\/\/www.lptms.universite-paris-saclay.fr\/gdr-mega\/files\/2018\/04\/plan7-1-768x507.png 768w, http:\/\/www.lptms.universite-paris-saclay.fr\/gdr-mega\/files\/2018\/04\/plan7-1-1024x676.png 1024w, http:\/\/www.lptms.universite-paris-saclay.fr\/gdr-mega\/files\/2018\/04\/plan7-1.png 1083w\" sizes=\"auto, (max-width: 300px) 100vw, 300px\" \/><\/a><\/p>\n<p>&nbsp;<\/p>\n","protected":false},"excerpt":{"rendered":"<p>The meeting will take place at Universit\u00e9 Paris Descartes, 45 Rue des Saints-P\u00e8res (Paris 6), \u00ab\u00a0Salle du Conseil, Aile Turing\u00a0\u00bb. To get there: \u00a0Go to 45 Rue des Saints-P\u00e8res, M\u00e9tro Saint-Germain-des-Pr\u00e9s \u00a0Enter into the building through the main entrance \u00a0Go &hellip; <a href=\"http:\/\/www.lptms.universite-paris-saclay.fr\/gdr-mega\/venue\/\">Continuer la lecture <span class=\"meta-nav\">&rarr;<\/span><\/a><\/p>\n","protected":false},"author":26,"featured_media":0,"parent":0,"menu_order":4,"comment_status":"closed","ping_status":"closed","template":"","meta":{"footnotes":""},"class_list":["post-48","page","type-page","status-publish","hentry"],"_links":{"self":[{"href":"http:\/\/www.lptms.universite-paris-saclay.fr\/gdr-mega\/wp-json\/wp\/v2\/pages\/48","targetHints":{"allow":["GET"]}}],"collection":[{"href":"http:\/\/www.lptms.universite-paris-saclay.fr\/gdr-mega\/wp-json\/wp\/v2\/pages"}],"about":[{"href":"http:\/\/www.lptms.universite-paris-saclay.fr\/gdr-mega\/wp-json\/wp\/v2\/types\/page"}],"author":[{"embeddable":true,"href":"http:\/\/www.lptms.universite-paris-saclay.fr\/gdr-mega\/wp-json\/wp\/v2\/users\/26"}],"replies":[{"embeddable":true,"href":"http:\/\/www.lptms.universite-paris-saclay.fr\/gdr-mega\/wp-json\/wp\/v2\/comments?post=48"}],"version-history":[{"count":8,"href":"http:\/\/www.lptms.universite-paris-saclay.fr\/gdr-mega\/wp-json\/wp\/v2\/pages\/48\/revisions"}],"predecessor-version":[{"id":136,"href":"http:\/\/www.lptms.universite-paris-saclay.fr\/gdr-mega\/wp-json\/wp\/v2\/pages\/48\/revisions\/136"}],"wp:attachment":[{"href":"http:\/\/www.lptms.universite-paris-saclay.fr\/gdr-mega\/wp-json\/wp\/v2\/media?parent=48"}],"curies":[{"name":"wp","href":"https:\/\/api.w.org\/{rel}","templated":true}]}}