{"id":44,"date":"2012-03-20T13:38:54","date_gmt":"2012-03-20T13:38:54","guid":{"rendered":"http:\/\/lptms.u-psud.fr\/impact2012\/?page_id=44"},"modified":"2012-09-04T06:44:09","modified_gmt":"2012-09-04T06:44:09","slug":"travel","status":"publish","type":"page","link":"http:\/\/www.lptms.universite-paris-saclay.fr\/impact2012\/travel\/","title":{"rendered":"Travel"},"content":{"rendered":"<h2><strong>The conference will take place in:<\/strong><\/h2>\n<p><strong>Pierre Lehmann Auditorium,<\/strong>\u00a0 Laboratoire de l&#8217;Acc\u00e9l\u00e9rateur Lin\u00e9aire (LAL)<br \/> B\u00e2timent 200 (Building 200) <br \/> <a href=\"http:\/\/www.u-psud.fr\/en\/index.html;jsessionid=009E71EF21893610FC71DD9BE19FB03C.default\" target=\"_blank\">Universit\u00e9 Paris-Sud<\/a> <br \/> 91898 Orsay<br \/> France<\/p>\n<h2>How to reach LAL<\/h2>\n<p style=\"text-align: justify\">The <strong>Pierre Lehmann Auditorium, Laboratoire de l&#8217;Acc\u00e9l\u00e9rateur Lin\u00e9aire (LAL)<\/strong> is located on the Orsay campus of the Universit\u00e9 Paris-Sud (Paris-Sud 11 University), approximately 25 km south-west of Paris.<\/p>\n<p style=\"text-align: justify\">The easiest way to reach the LAL from Paris is to take the RER B line from any RER B station in the centre of Paris (eg. Luxembourg) and then get off at the <strong>Orsay-Ville station<\/strong>. This trip takes about 35 minutes from the center of Paris; add about 10 minutes to walk between the station and the auditorium.<\/p>\n<h2>From Paris by local transport:<\/h2>\n<p style=\"text-align: justify\">The easiest way to reach the Orsay campus is by taking the <strong>RER B line<\/strong> to the <strong>Orsay-Ville<\/strong> station (35 minutes from Ch\u00e2telet, around 4\u20ac for a single ticket). During working hours, you will find a train from Paris in the direction <strong>Saint-R\u00e9my-l\u00e8s-Chevreuse<\/strong> every 12-15 minutes. You should plan around one hour door to door from your hotel in Paris to the campus. The main train stations in Paris (Gare du Nord, Gare de l&#8217;Est and Gare de Lyon) are connected to the Metro\/RER system going to <strong>Orsay-Ville<\/strong>. At the RER station, take the RER B going to <strong>Saint-R\u00e9my-l\u00e8s-Chevreuse<\/strong> (and not to Robinson!!), getting off at the station <strong>Orsay-Ville<\/strong>. Please consult the <strong>RER<\/strong> and <strong>METRO<\/strong> map for the Paris region below.<\/p>\n<div id=\"attachment_47\" style=\"width: 130px\" class=\"wp-caption aligncenter\"><a href=\"http:\/\/lptms.u-psud.fr\/impact2012\/files\/2012\/03\/metro.pdf\"><img loading=\"lazy\" decoding=\"async\" aria-describedby=\"caption-attachment-47\" class=\"size-full wp-image-47 \" src=\"http:\/\/lptms.u-psud.fr\/impact2012\/files\/2012\/03\/plan_metro.jpg\" alt=\"\" width=\"120\" height=\"125\" \/><\/a><p id=\"caption-attachment-47\" class=\"wp-caption-text\">METRO (PDF, 109 KB)<\/p><\/div>\n<p>&nbsp;<\/p>\n<div id=\"attachment_48\" style=\"width: 125px\" class=\"wp-caption aligncenter\"><a href=\"http:\/\/lptms.u-psud.fr\/impact2012\/files\/2012\/03\/RER.pdf\"><img loading=\"lazy\" decoding=\"async\" aria-describedby=\"caption-attachment-48\" class=\"size-full wp-image-48 \" src=\"http:\/\/lptms.u-psud.fr\/impact2012\/files\/2012\/03\/plan_RER.jpg\" alt=\"plan_RER\" width=\"115\" height=\"115\" \/><\/a><p id=\"caption-attachment-48\" class=\"wp-caption-text\">RER (PDF, 75 KB)<\/p><\/div>\n<p style=\"text-align: justify\"><strong>Important:<\/strong> Please do not mistake the RER B station <strong>Orsay-Ville<\/strong> for the Paris metro station <strong>Mus\u00e9e d&#8217;Orsay<\/strong> (the famous museum). From Paris, you must buy a ticket specifically for <strong>Orsay-Ville<\/strong>. A Paris metro ticket is not sufficient!.<\/p>\n<h2>From Charles de Gaulle (CDG) Airport:<\/h2>\n<p>There are two RER stations for the <strong>Charles de Gaulle (CDG)<\/strong> Airport:<\/p>\n<ul>\n<li>\n<p>From CDG Terminal 1, (the round terminal) take the airport shuttle called CDGval to the RER station <em>A\u00e9roport Charles de Gaulle 1<\/em> near Terminal 3<\/p>\n<\/li>\n<li>\n<p>From CDG Terminal 2, walk to the RER station <em>A\u00e9roport Charles de Gaulle 2 &#8211; TGV<\/em><\/p>\n<\/li>\n<li>\n<p>From CDG Terminal 3, walk to the RER station <em>A\u00e9roport Charles de Gaulle 1<\/em> (i.e., the same station as for Terminal 1)<\/p>\n<\/li>\n<\/ul>\n<h2>From Orly Airport:<\/h2>\n<p style=\"text-align: justify\">Take the <strong>Orlyval<\/strong> (Automatic rail link connecting to RER line B) to the <strong>Antony<\/strong> station and then transfer to the RER B going to <strong>Saint-R\u00e9my-l\u00e8s-Chevreuse<\/strong> (and not to Robinson) and get off at <strong>Orsay-Ville<\/strong>.<\/p>\n<h2>Walk from Orsay-Ville station to LAL<\/h2>\n<p>After arriving at the RER B station <strong>Orsay-Ville<\/strong>, exit station and take to the left the pedestrian tunnel that crosses back under the railway go down the street <strong>rue E. Desjobert<\/strong>, following the <strong>Orsay University<\/strong> arrow. At the bottom of the hill, turn left to the street <strong>rue de Launay<\/strong> and go straight following the road that crosses the Orsay campus. The auditorium and the main LAL entrance (building 200) is on the left, around 10 minutes walk from railway station. Click the map below for detailed directions from the <strong>Orsay-Ville<\/strong> to the auditorium.<\/p>\n<div id=\"attachment_164\" style=\"width: 510px\" class=\"wp-caption aligncenter\"><a href=\"http:\/\/lptms.u-psud.fr\/impact2012\/files\/2012\/03\/campusmap.pdf\"><img loading=\"lazy\" decoding=\"async\" aria-describedby=\"caption-attachment-164\" class=\"size-full wp-image-164\" src=\"http:\/\/lptms.u-psud.fr\/impact2012\/files\/2012\/03\/campusmap1.jpg\" alt=\"campus map u-psud\" width=\"500\" height=\"353\" srcset=\"http:\/\/www.lptms.universite-paris-saclay.fr\/impact2012\/files\/2012\/03\/campusmap1.jpg 500w, http:\/\/www.lptms.universite-paris-saclay.fr\/impact2012\/files\/2012\/03\/campusmap1-300x211.jpg 300w\" sizes=\"auto, (max-width: 500px) 100vw, 500px\" \/><\/a><p id=\"caption-attachment-164\" class=\"wp-caption-text\">Campus Walk (PDF, 158 KB)<\/p><\/div>\n<p>\n<!-- iframe plugin v.6.0 wordpress.org\/plugins\/iframe\/ -->\n<iframe 0=\"http:\/\/www.openstreetmap.org\/export\/embed.html?bbox=2.16575,48.69636,2.17372,48.70191&amp;layer=mapnik&amp;marker=48.69932,2.16927\" 1=\"505\" 2=\"450\" width=\"100%\" height=\"500\" scrolling=\"yes\" class=\"iframe-class\" frameborder=\"0\"><\/iframe>\n<br \/> <a href=\"http:\/\/www.openstreetmap.org\/?lat=48.699135&amp;lon=2.169735&amp;zoom=17&amp;layers=M&amp;mlat=48.69932&amp;mlon=2.16927\">See the enlarged map<\/a><\/p>\n","protected":false},"excerpt":{"rendered":"<p>The conference will take place in: Pierre Lehmann Auditorium,\u00a0 Laboratoire de l&#8217;Acc\u00e9l\u00e9rateur Lin\u00e9aire (LAL) B\u00e2timent 200 (Building 200) Universit\u00e9 Paris-Sud 91898 Orsay France How to reach LAL The Pierre Lehmann Auditorium, Laboratoire de l&#8217;Acc\u00e9l\u00e9rateur Lin\u00e9aire (LAL) is located on the &hellip; <a href=\"http:\/\/www.lptms.universite-paris-saclay.fr\/impact2012\/travel\/\">Continue reading <span class=\"meta-nav\">&rarr;<\/span><\/a><\/p>\n","protected":false},"author":1,"featured_media":0,"parent":0,"menu_order":950,"comment_status":"closed","ping_status":"open","template":"","meta":{"footnotes":""},"class_list":["post-44","page","type-page","status-publish","hentry"],"_links":{"self":[{"href":"http:\/\/www.lptms.universite-paris-saclay.fr\/impact2012\/wp-json\/wp\/v2\/pages\/44","targetHints":{"allow":["GET"]}}],"collection":[{"href":"http:\/\/www.lptms.universite-paris-saclay.fr\/impact2012\/wp-json\/wp\/v2\/pages"}],"about":[{"href":"http:\/\/www.lptms.universite-paris-saclay.fr\/impact2012\/wp-json\/wp\/v2\/types\/page"}],"author":[{"embeddable":true,"href":"http:\/\/www.lptms.universite-paris-saclay.fr\/impact2012\/wp-json\/wp\/v2\/users\/1"}],"replies":[{"embeddable":true,"href":"http:\/\/www.lptms.universite-paris-saclay.fr\/impact2012\/wp-json\/wp\/v2\/comments?post=44"}],"version-history":[{"count":22,"href":"http:\/\/www.lptms.universite-paris-saclay.fr\/impact2012\/wp-json\/wp\/v2\/pages\/44\/revisions"}],"predecessor-version":[{"id":323,"href":"http:\/\/www.lptms.universite-paris-saclay.fr\/impact2012\/wp-json\/wp\/v2\/pages\/44\/revisions\/323"}],"wp:attachment":[{"href":"http:\/\/www.lptms.universite-paris-saclay.fr\/impact2012\/wp-json\/wp\/v2\/media?parent=44"}],"curies":[{"name":"wp","href":"https:\/\/api.w.org\/{rel}","templated":true}]}}