{"id":2,"date":"2023-10-05T14:06:05","date_gmt":"2023-10-05T12:06:05","guid":{"rendered":"https:\/\/www.lptms.universite-paris-saclay.fr\/leshouches2024\/?page_id=2"},"modified":"2024-07-08T09:31:44","modified_gmt":"2024-07-08T07:31:44","slug":"home","status":"publish","type":"page","link":"http:\/\/www.lptms.universite-paris-saclay.fr\/leshouches2024\/","title":{"rendered":"Home"},"content":{"rendered":"\n<h2 class=\"wp-block-heading\">Presentation<\/h2>\n\n\n\n<p>The study of large deviations has emerged as a major theme of research in statistical physics over the last two decades, with multiple applications in several inter-disciplinary fields such as climate science, information theory, disordered systems, etc. The proposed school will gather international experts, spanning across disciplines, who will provide a broad overview (with long and short courses) of this rapidly evolving field.&nbsp;<\/p>\n\n\n\n<p><a href=\"http:\/\/www.lptms.universite-paris-saclay.fr\/gregory-schehr\/files\/2024\/01\/Poster.pdf\">Download the poster<\/a><\/p>\n\n\n\n<p>The schedule is<a href=\"http:\/\/www.lptms.universite-paris-saclay.fr\/leshouches2024\/files\/2024\/07\/Schedule_v5.pdf\"> here <\/a><\/p>\n\n\n\n<p><\/p>\n\n\n\n<h2 class=\"wp-block-heading\">Organizing Committee<\/h2>\n\n\n\n<ul class=\"wp-block-list\">\n<li><a href=\"https:\/\/www.icts.res.in\/people\/abhishek-dhar\">Abhishek Dhar<\/a> (International Centre for Theoretical Sciences,&nbsp;Bangalore)<\/li>\n\n\n\n<li><a href=\"https:\/\/www.thp.uni-koeln.de\/krug\/\">Joachim Krug<\/a> (Institute for Biological Physics, University of Cologne)<\/li>\n\n\n\n<li><a href=\"http:\/\/www.lptms.universite-paris-saclay.fr\/satya-majumdar\/\">Satya N. Majumdar<\/a> (Lab. de Physique Th\u00e9orique et Mod\u00e8les Statistiques, Universit\u00e9 Paris-Saclay)<\/li>\n\n\n\n<li><a href=\"http:\/\/www.lptms.universite-paris-saclay.fr\/alberto_rosso\/\">Alberto Rosso<\/a> (Lab. de Physique Th\u00e9orique et Mod\u00e8les Statistiques, Universit\u00e9 Paris-Saclay)<\/li>\n\n\n\n<li><a href=\"http:\/\/www.lptms.universite-paris-saclay.fr\/gregory-schehr\/\">Gr\u00e9gory Schehr<\/a> (Lab. de Physique Th\u00e9orique et Hautes Energies, Sorbonne Universit\u00e9) <\/li>\n<\/ul>\n\n\n\n<h2 class=\"wp-block-heading\">Location<\/h2>\n\n\n\n<p>Les Houches is a village located in Chamonix valley, in the French Alps. Established in 1951, the Physics School is situated at 1150 m above sea level in natural surroundings, with breathtaking views of the Mont-Blanc range. <\/p>\n","protected":false},"excerpt":{"rendered":"<p>Presentation The study of large deviations has emerged as a major theme of research in statistical physics over the last two decades, with multiple applications in several inter-disciplinary fields such as climate science, information theory, disordered systems, etc. The proposed &hellip; <a href=\"http:\/\/www.lptms.universite-paris-saclay.fr\/leshouches2024\/\">Continuer la lecture <span class=\"meta-nav\">&rarr;<\/span><\/a><\/p>\n","protected":false},"author":1,"featured_media":0,"parent":0,"menu_order":0,"comment_status":"closed","ping_status":"closed","template":"onecolumn-page.php","meta":{"footnotes":""},"class_list":["post-2","page","type-page","status-publish","hentry"],"_links":{"self":[{"href":"http:\/\/www.lptms.universite-paris-saclay.fr\/leshouches2024\/wp-json\/wp\/v2\/pages\/2","targetHints":{"allow":["GET"]}}],"collection":[{"href":"http:\/\/www.lptms.universite-paris-saclay.fr\/leshouches2024\/wp-json\/wp\/v2\/pages"}],"about":[{"href":"http:\/\/www.lptms.universite-paris-saclay.fr\/leshouches2024\/wp-json\/wp\/v2\/types\/page"}],"author":[{"embeddable":true,"href":"http:\/\/www.lptms.universite-paris-saclay.fr\/leshouches2024\/wp-json\/wp\/v2\/users\/1"}],"replies":[{"embeddable":true,"href":"http:\/\/www.lptms.universite-paris-saclay.fr\/leshouches2024\/wp-json\/wp\/v2\/comments?post=2"}],"version-history":[{"count":20,"href":"http:\/\/www.lptms.universite-paris-saclay.fr\/leshouches2024\/wp-json\/wp\/v2\/pages\/2\/revisions"}],"predecessor-version":[{"id":173,"href":"http:\/\/www.lptms.universite-paris-saclay.fr\/leshouches2024\/wp-json\/wp\/v2\/pages\/2\/revisions\/173"}],"wp:attachment":[{"href":"http:\/\/www.lptms.universite-paris-saclay.fr\/leshouches2024\/wp-json\/wp\/v2\/media?parent=2"}],"curies":[{"name":"wp","href":"https:\/\/api.w.org\/{rel}","templated":true}]}}