{"id":5,"date":"2010-03-19T13:15:53","date_gmt":"2010-03-19T13:15:53","guid":{"rendered":"http:\/\/lptms.u-psud.fr\/nicolas_pavloff\/?page_id=5"},"modified":"2024-09-09T08:23:19","modified_gmt":"2024-09-09T08:23:19","slug":"accueil","status":"publish","type":"page","link":"http:\/\/www.lptms.universite-paris-saclay.fr\/nicolas_pavloff\/","title":{"rendered":"Accueil"},"content":{"rendered":"<h2><a href=\"\/nicolas_pavloff\/files\/2020\/04\/photo.jpg\"><img loading=\"lazy\" decoding=\"async\" class=\"alignright wp-image-1386 size-medium\" src=\"\/nicolas_pavloff\/files\/2020\/04\/photo-218x300.jpg\" alt=\"\" width=\"218\" height=\"300\" srcset=\"http:\/\/www.lptms.universite-paris-saclay.fr\/nicolas_pavloff\/files\/2020\/04\/photo-218x300.jpg 218w, http:\/\/www.lptms.universite-paris-saclay.fr\/nicolas_pavloff\/files\/2020\/04\/photo-768x1057.jpg 768w, http:\/\/www.lptms.universite-paris-saclay.fr\/nicolas_pavloff\/files\/2020\/04\/photo-744x1024.jpg 744w, http:\/\/www.lptms.universite-paris-saclay.fr\/nicolas_pavloff\/files\/2020\/04\/photo.jpg 1523w\" sizes=\"auto, (max-width: 218px) 100vw, 218px\" \/><\/a><\/h2>\n<p>Professeur, Universit\u00e9 Paris-Saclay<br \/>\nLaboratoire de Physique Th\u00e9orique et Mod\u00e8les Statistiques (<a href=\"http:\/\/www.lptms.universite-paris-saclay.fr\">LPTMS<\/a>)<br \/>\nLPTMS is a joint research unit of CNRS and University Paris-Saclay (UMR 8626)<br \/>\n91405 Orsay (France)<br \/>\n<strong>PHONE:<\/strong> +33 1 69 15 73 34<br \/>\n<strong>e-MAIL: <\/strong>nicolas.pavloff@universite-paris-saclay.fr<\/p>\n<div><a style=\"vertical-align: top\" href=\"https:\/\/orcid.org\/0000-0001-8814-7848\" target=\"orcid.widget\" rel=\"noopener noreferrer\"><img decoding=\"async\" style=\"width: 1em;margin-right: .5em\" src=\"https:\/\/orcid.org\/sites\/default\/files\/images\/orcid_16x16.png\" alt=\"ORCID iD icon\" \/>https:\/\/orcid.org\/0000-0001-8814-7848<\/a><\/div>\n<h3>Research interests<\/h3>\n<p>Theory of quantum fluids and non linear phenomena in quantum systems. Current interest\u00a0 : nonlinear and quantum fluctuations in Bose-Einstein condensates and in optics.<br \/>\nKeywords: transport phenomena, superfluidity, disorder, quantum turbulence, quantum defects, solitons, dispersive shock waves, Hawking radiation. See the section <a href=\"\/nicolas_pavloff\/research\/\">research<\/a><\/p>\n","protected":false},"excerpt":{"rendered":"<p>Professeur, Universit\u00e9 Paris-Saclay Laboratoire de Physique Th\u00e9orique et Mod\u00e8les Statistiques (LPTMS) LPTMS is a joint research unit of CNRS and University Paris-Saclay (UMR 8626) 91405 Orsay (France) PHONE: +33 1 69 15 73 34 e-MAIL: nicolas.pavloff@universite-paris-saclay.fr https:\/\/orcid.org\/0000-0001-8814-7848 Research interests Theory &hellip; <a href=\"http:\/\/www.lptms.universite-paris-saclay.fr\/nicolas_pavloff\/\">Continuer la lecture <span class=\"meta-nav\">&rarr;<\/span><\/a><\/p>\n","protected":false},"author":5,"featured_media":0,"parent":0,"menu_order":0,"comment_status":"closed","ping_status":"closed","template":"","meta":{"footnotes":""},"class_list":["post-5","page","type-page","status-publish","hentry"],"_links":{"self":[{"href":"http:\/\/www.lptms.universite-paris-saclay.fr\/nicolas_pavloff\/wp-json\/wp\/v2\/pages\/5","targetHints":{"allow":["GET"]}}],"collection":[{"href":"http:\/\/www.lptms.universite-paris-saclay.fr\/nicolas_pavloff\/wp-json\/wp\/v2\/pages"}],"about":[{"href":"http:\/\/www.lptms.universite-paris-saclay.fr\/nicolas_pavloff\/wp-json\/wp\/v2\/types\/page"}],"author":[{"embeddable":true,"href":"http:\/\/www.lptms.universite-paris-saclay.fr\/nicolas_pavloff\/wp-json\/wp\/v2\/users\/5"}],"replies":[{"embeddable":true,"href":"http:\/\/www.lptms.universite-paris-saclay.fr\/nicolas_pavloff\/wp-json\/wp\/v2\/comments?post=5"}],"version-history":[{"count":53,"href":"http:\/\/www.lptms.universite-paris-saclay.fr\/nicolas_pavloff\/wp-json\/wp\/v2\/pages\/5\/revisions"}],"predecessor-version":[{"id":1820,"href":"http:\/\/www.lptms.universite-paris-saclay.fr\/nicolas_pavloff\/wp-json\/wp\/v2\/pages\/5\/revisions\/1820"}],"wp:attachment":[{"href":"http:\/\/www.lptms.universite-paris-saclay.fr\/nicolas_pavloff\/wp-json\/wp\/v2\/media?parent=5"}],"curies":[{"name":"wp","href":"https:\/\/api.w.org\/{rel}","templated":true}]}}