{"id":8,"date":"2010-03-19T13:18:13","date_gmt":"2010-03-19T13:18:13","guid":{"rendered":"http:\/\/lptms.u-psud.fr\/nicolas_pavloff\/?page_id=8"},"modified":"2025-12-24T09:07:59","modified_gmt":"2025-12-24T09:07:59","slug":"publications","status":"publish","type":"page","link":"http:\/\/www.lptms.universite-paris-saclay.fr\/nicolas_pavloff\/publications\/","title":{"rendered":"Publications"},"content":{"rendered":"<h3>Reverse chronological order :<\/h3>\n<ul>\n<li><a href=\"http:\/\/www.lptms.universite-paris-saclay.fr\/nicolas_pavloff\/files\/2025\/12\/PRA_dec2025.pdf\">Quantum backreaction in an analog black hole<\/a><br \/>\nG. Ciliberto, R. Balbinot, A. Fabbri and N. Pavloff<br \/>\n<em>Phys. Rev. A<\/em> <strong>112<\/strong>, 063323 (2025)<\/li>\n<li><a href=\"http:\/\/www.lptms.universite-paris-saclay.fr\/nicolas_pavloff\/files\/2025\/12\/PhysRevD112.2025.pdf\">Backreaction equations for 1+1 dimensional BEC sonic black holes<\/a><br \/>\nR. Balbinot, A. Fabbri, G. Ciliberto and N. Pavloff<br \/>\n<em>Phys. Rev. D<\/em>\u00a0<strong>112<\/strong>, L121703 (2025)<\/li>\n<li><a href=\"http:\/\/www.lptms.universite-paris-saclay.fr\/nicolas_pavloff\/files\/2025\/06\/PRRjuin2025.pdf\">Topological pathways to two-dimensional quantum turbulence<\/a> <a href=\"\/nicolas_pavloff\/files\/2019\/03\/editor_suggestion_PRA.jpg\"><img loading=\"lazy\" decoding=\"async\" class=\"wp-image-1048 alignnone\" src=\"\/nicolas_pavloff\/files\/2019\/03\/editor_suggestion_PRA-300x52.jpg\" alt=\"\" width=\"121\" height=\"21\" srcset=\"http:\/\/www.lptms.universite-paris-saclay.fr\/nicolas_pavloff\/files\/2019\/03\/editor_suggestion_PRA-300x52.jpg 300w, http:\/\/www.lptms.universite-paris-saclay.fr\/nicolas_pavloff\/files\/2019\/03\/editor_suggestion_PRA.jpg 401w\" sizes=\"auto, (max-width: 121px) 100vw, 121px\" \/><\/a><br \/>\nR. Panico, G. Ciliberto, G.I. Martone, T. Congy, D. Ballarini, A.S. Lanotte and N. Pavloff<br \/>\n<em>Phys. Rev. Res.<\/em> <b>7<\/b>, L022063 (2025)<\/li>\n<li><a href=\"http:\/\/www.lptms.universite-paris-saclay.fr\/nicolas_pavloff\/files\/2024\/06\/Ciliberto_PRA2024.pdf\">Violation of Bell inequalities in an analog black hole<\/a><br \/>\nG. Ciliberto, S. Emig, N. Pavloff and M. Isoard<br \/>\n<em>Phys. Rev. A<\/em> <strong>109<\/strong>, 063325 (2024)<\/li>\n<li><a href=\"http:\/\/www.lptms.universite-paris-saclay.fr\/nicolas_pavloff\/files\/2024\/01\/PRL132_jan2024.pdf\">Topological constraints on the dynamics of vortex formation in a two-dimensional quantum fluid<\/a><br \/>\nT. Congy, P. Azam, R. Kaiser and N. Pavloff<br \/>\n<em>Phys. Rev. Lett.<\/em> <strong>132<\/strong>, 033804 (2024)<\/li>\n<li><a href=\"http:\/\/www.lptms.universite-paris-saclay.fr\/nicolas_pavloff\/files\/2023\/09\/PRL130_may2023.pdf\">Oscillating solitons and AC Josephson effect in ferromagnetic Bose-Bose mixtures<\/a><br \/>\nS. Bresolin, A. Roy, G. Ferrari, A. Recati and N. Pavloff<br \/>\n<em>Phys. Rev. Lett. <strong>130<\/strong>, 220403 (2023)<\/em><\/li>\n<li><a href=\"\/nicolas_pavloff\/files\/2021\/12\/PRA2021.pdf\">Bipartite and tripartite entanglement in a Bose-Einstein acoustic black hole<\/a><br \/>\nM. Isoard, N. Milazzo, N. Pavloff and O. Giraud<br \/>\n<em>Phys. Rev. A <strong>104<\/strong>, 063302 (2021)<\/em><\/li>\n<li><a href=\"\/nicolas_pavloff\/files\/2021\/05\/PRL2021.pdf\">Quantitative analysis of shock wave dynamics in a fluid of light<\/a><br \/>\nT. Bienaim\u00e9, M. Isoard, Q. Fontaine, A. Bramati, A. M. Kamchatnov, Q. Glorieux and N. Pavloff<br \/>\n<em>Phys. Rev. Lett. <strong>126<\/strong>, 183901 (2021)<\/em><\/li>\n<li><a href=\"\/nicolas_pavloff\/files\/2021\/02\/PRR2021.pdf\">Supersolidity of cnoidal waves in an ultracold Bose gas<\/a>\n<div id=\"attachment_1596\" style=\"width: 310px\" class=\"wp-caption alignright\"><a href=\"\/nicolas_pavloff\/files\/2021\/05\/boudin.jpg\"><img loading=\"lazy\" decoding=\"async\" aria-describedby=\"caption-attachment-1596\" class=\"wp-image-1596 size-medium\" src=\"\/nicolas_pavloff\/files\/2021\/05\/boudin-300x116.jpg\" alt=\"\" width=\"300\" height=\"116\" srcset=\"http:\/\/www.lptms.universite-paris-saclay.fr\/nicolas_pavloff\/files\/2021\/05\/boudin-300x116.jpg 300w, http:\/\/www.lptms.universite-paris-saclay.fr\/nicolas_pavloff\/files\/2021\/05\/boudin-768x297.jpg 768w, http:\/\/www.lptms.universite-paris-saclay.fr\/nicolas_pavloff\/files\/2021\/05\/boudin-1024x396.jpg 1024w\" sizes=\"auto, (max-width: 300px) 100vw, 300px\" \/><\/a><p id=\"caption-attachment-1596\" class=\"wp-caption-text\">artist view of a cnoidal wave = blood sausage quantum matter<\/p><\/div>\n<p>G. I. Martone, A. Recati and N. Pavloff<br \/>\n<em>Phys. Rev. Res. <strong>3<\/strong>, 013143 (2021)<\/em><\/li>\n<li><a href=\"\/nicolas_pavloff\/files\/2020\/09\/PhysRevE.102.septembre2020.pdf\">Formation of dispersive shock waves in a saturable nonlinear medium<\/a><br \/>\nS. K. Ivanov, J.-E. Suchorski, A. M. Kamchatnov, M. Isoard and N. Pavloff<br \/>\n<em>Phys. Rev. E <strong>102<\/strong>, 032215 (2020)<\/em><\/li>\n<li><a href=\"\/nicolas_pavloff\/files\/2020\/05\/EPL2020.pdf\">Dispersionless evolution of inviscid nonlinear pulses<\/a><br \/>\nM. Isoard, A. M. Kamchatnov and N. Pavloff<br \/>\n<em>Europhys. Lett. <strong>129<\/strong>, 64003 (2020)<\/em><\/li>\n<li><a href=\"\/nicolas_pavloff\/files\/2020\/02\/PRL_IP_2020.pdf\">Departing from thermality of analogue Hawking radiation in a Bose-Einstein condensate<\/a><br \/>\nM. Isoard and N. Pavloff<br \/>\n<em>Phys. Rev. Lett. <strong>124<\/strong>, 060401 (2020)<\/em><\/li>\n<li><a href=\"\/nicolas_pavloff\/files\/2019\/08\/SciPostPhys_7_2_025.pdf\">Domain wall problem in the quantum XXZ chain and semiclassical behavior close to the isotropic point<\/a><br \/>\nG. Misguich, N. Pavloff and V. Pasquier<br \/>\n<em>SciPost Phys. <strong>7<\/strong>, 025 (2019)<\/em><\/li>\n<li><a href=\"\/nicolas_pavloff\/files\/2019\/05\/PhysRevA.99.053819.pdf\">Wave breaking and formation of dispersive shock waves in a defocusing nonlinear optical material<br \/>\n<\/a>M. Isoard, A. M. Kamchatnov and N. Pavloff<br \/>\n<em>Phys. Rev. A <strong>99<\/strong>, 053819 (2019)<\/em><\/li>\n<li><a href=\"\/nicolas_pavloff\/files\/2019\/05\/RNL2019.pdf\">Short-distance propagation of nonlinear optical pulses<\/a><br \/>\nM. Isoard, A. M. Kamchatnov and N. Pavloff<br \/>\n<em>22e Rencontre du Non-Lin\u00e9aire, Non-Lin\u00e9aire Pub. (2019)<\/em><\/li>\n<li><a href=\"\/nicolas_pavloff\/files\/2019\/01\/PhysRevE.99.janvier2019.pdf\">Long-time evolution of pulses in the KdV equation in the absence of solitons reexamined: Whitham method<\/a><br \/>\nM. Isoard, A. M. Kamchatnov and N. Pavloff<br \/>\n<em>Phys. Rev. E <strong>99<\/strong>, 012210 (2019)<\/em><\/li>\n<li><a href=\"\/nicolas_pavloff\/files\/2018\/12\/PhysRevA.98.063617.pdf\">Momentum distribution and coherence of a weakly interacting Bose gas after a quench<\/a>\u00a0\u00a0 <a href=\"\/nicolas_pavloff\/files\/2019\/03\/editor_suggestion_PRA.jpg\"><img loading=\"lazy\" decoding=\"async\" class=\"wp-image-1048 alignnone\" src=\"\/nicolas_pavloff\/files\/2019\/03\/editor_suggestion_PRA-300x52.jpg\" alt=\"\" width=\"121\" height=\"21\" srcset=\"http:\/\/www.lptms.universite-paris-saclay.fr\/nicolas_pavloff\/files\/2019\/03\/editor_suggestion_PRA-300x52.jpg 300w, http:\/\/www.lptms.universite-paris-saclay.fr\/nicolas_pavloff\/files\/2019\/03\/editor_suggestion_PRA.jpg 401w\" sizes=\"auto, (max-width: 121px) 100vw, 121px\" \/><\/a><br \/>\nG. I. Martone, P.-\u00c9. Larr\u00e9, A. Fabbri and N. Pavloff<br \/>\n<em>Phys. Rev. A <strong>98<\/strong>, 063617 (2018)<br \/>\n<\/em><\/li>\n<li><a href=\"\/nicolas_pavloff\/files\/2018\/04\/SciPostPhys_4_2018.pdf\">Momentum correlations as signature of sonic Hawking radiation in Bose-Einstein Condensates<\/a><br \/>\nA. Fabbri and N. Pavloff<br \/>\n<em>SciPost Phys. <strong>4<\/strong>, 019 (2018)<\/em><\/li>\n<li><a href=\"\/nicolas_pavloff\/files\/2017\/12\/PhysRevE.2017.pdf\">Solution of the Riemann problem for polarization waves in a two-component Bose-Einstein condensate<\/a><em><br \/>\n<\/em>S. K. Ivanov, A.M. Kamchatnov, T. Congy and N. Pavloff<br \/>\n<em>Phys. Rev. E <strong>96<\/strong>, 062202 (2017)<\/em><\/li>\n<li><a href=\"\/nicolas_pavloff\/files\/2010\/03\/Chaos2017.pdf\">Evolution of initial discontinuities in the Riemann problem for the Kaup-Boussinesq equation with positive dispersion<\/a><br \/>\nT. Congy, S. K. Ivanov, A.M. Kamchatnov and N. Pavloff<br \/>\n<em>Chaos <strong>27<\/strong>, 083107 (2017)<\/em><\/li>\n<li><a href=\"\/nicolas_pavloff\/files\/2016\/10\/SciPostPhys_1_1_006.pdf\">Dispersive hydrodynamics of nonlinear polarization waves in two component BECs<br \/>\n<\/a>T. Congy, A. M. Kamchatnov and N. Pavloff<br \/>\n<em>SciPost Phys. <strong>1<\/strong>, 006 (2016)<\/em><\/li>\n<li><a href=\"\/nicolas_pavloff\/files\/2016\/04\/PhysRevA.93.043613.2016.pdf\">Nonlinear waves in coherently coupled Bose-Einstein condensates<\/a><br \/>\nT. Congy, A. M. Kamchatnov and N. Pavloff<br \/>\n<em>Phys. Rev. A <strong>93<\/strong>, 043613 (2016)<br \/>\n<\/em><\/li>\n<li><a href=\"\/nicolas_pavloff\/files\/2010\/03\/optica2015-supp.pdf\">Spontaneously formed autofocussing caustics in a confined self-defocusing medium<\/a><br \/>\nM. Karpov, T. Congy, Y. Sivan, V. Fleurov, N. Pavloff and S. Bar-Ad<br \/>\nOptica <strong>2<\/strong>, 1053 <em>(2015)<\/em><\/li>\n<li><a href=\"\/nicolas_pavloff\/files\/2018\/02\/amo2015.pdf\">Comment on \u201cLinear Wave Dynamics Explains Observations Attributed to Dark Solitons in a Polariton Quantum Fluid\u201d<\/a><em><br \/>\n<\/em>A. Amo, J. Bloch, A. Bramati, I. Carusotto, C. Ciuti, B. Deveaud, E. Giacobino, G. Grosso, A. Kamchatnov, G. Malpuech, N. Pavloff, S. Pigeon, D. Sanvitto and D. D. Solnyshkov<em><br \/>\n<em>Phys. Rev. Lett. <strong>115<\/strong>, 089401 (2015)<\/em><br \/>\n<\/em><\/li>\n<li><a href=\"\/nicolas_pavloff\/files\/2015\/07\/PhysRevLett2015.pdf\">Quantum signature of analog Hawking radiation in momentum space<\/a><br \/>\nD. Boiron, A. Fabbri, P.-\u00c9. Larr\u00e9, N. Pavloff, C. Westbrook, and P. Zi\u0144 \u00a0\u00a0\u00a0<a href=\"\/nicolas_pavloff\/files\/2015\/07\/thumb_EditorsSuggestion.jpg\"><img loading=\"lazy\" decoding=\"async\" class=\"wp-image-730\" src=\"\/nicolas_pavloff\/files\/2015\/07\/thumb_EditorsSuggestion.jpg\" alt=\"thumb_EditorsSuggestion\" width=\"26\" height=\"26\" \/><\/a><br \/>\n<em>Phys. Rev. Lett. <strong>115<\/strong>, 025301 (2015)<br \/>\n<\/em><\/li>\n<li><a href=\"\/nicolas_pavloff\/files\/2015\/01\/EPJD2015.pdf\">Interferences in the two-dimensional scattering of microcavity polaritons: phase dislocations and resonances<\/a><br \/>\nA.M. Kamchatnov and N. Pavloff<br \/>\n<em>Eur. Phys. J. D <strong>69<\/strong>, 32 (2015)<\/em><\/li>\n<li><a href=\"\/nicolas_pavloff\/files\/2014\/03\/PhysRevA.89.033618.pdf\">Nonlinear polarization waves in a two-component Bose-Einstein condensate<\/a><br \/>\nA. M. Kamchatnov, Y. V. Kartashov, P.-\u00c9. Larr\u00e9 and N. Pavloff<br \/>\n<em><em>Phys. Rev. A <strong>89<\/strong>, <\/em><\/em><em><em>033618 <\/em>(2014)<\/em><\/li>\n<li><a href=\"\/nicolas_pavloff\/files\/2010\/03\/PhysRevB.88.pdf\">Polarization hydrodynamics in a one-dimensional polariton condensate<\/a><br \/>\nP.-\u00c9. Larr\u00e9, N. Pavloff and A. M. Kamchatnov<br \/>\n<em><em>Phys. Rev. B <strong>8<\/strong><\/em><\/em><strong><em><em>8<\/em><\/em><\/strong><em><em>, <\/em><\/em><em><em>224503 <\/em>(2013)<\/em><\/li>\n<li><a href=\"\/nicolas_pavloff\/files\/2010\/03\/EPL2013.pdf\">Hawking radiation in a two-component Bose-Einstein condensate<\/a><br \/>\nP.-\u00c9. Larr\u00e9 and N. Pavloff<br \/>\n<em>Europhys. Lett. <strong>106<\/strong>, 60001 (2013)<\/em><\/li>\n<li><a href=\"\/nicolas_pavloff\/files\/2010\/03\/PRB86.pdf\">Wave pattern induced by a localized obstacle in the flow of a one-dimensional polariton condensate<\/a><br \/>\nP.-\u00c9. Larr\u00e9, N. Pavloff and A.M. Kamchatnov<br \/>\n<em>Phys. Rev. B <strong>86<\/strong>, 165304 (2012)<br \/>\n<\/em><\/li>\n<li><a href=\"\/nicolas_pavloff\/files\/2010\/03\/DSW-BEC.pdf\">Generation of dispersive shock waves by the flow of a Bose-Einstein condensate past a narrow obstacle<\/a><br \/>\nA.M. Kamchatnov and N. Pavloff<br \/>\n<em>Phys. Rev. A <strong>85<\/strong>, 033603 (2012)<\/em><\/li>\n<li><a href=\"\/nicolas_pavloff\/files\/2010\/03\/QFluctuationsBHBEC1.pdf\">Quantum fluctuations around black hole horizons in Bose-Einstein condensates<\/a><br \/>\nP.-\u00c9. Larr\u00e9, A. Recati, I. Carusotto and N. Pavloff<br \/>\n<em>Phys. Rev. A <strong>85<\/strong>, 013621 (2012)<\/em><\/li>\n<li><a href=\"\/nicolas_pavloff\/files\/2010\/03\/PRA82.pdf\">Breakdown of the superfluidity of a matter wave in a random environment<\/a><em><br \/>\n<\/em>M. Albert, T. Paul, N. Pavloff and P. Leboeuf<em><br \/>\nPhys. Rev. A <strong>82<\/strong>, <\/em>011602(R) (2010)<\/li>\n<li><a href=\"\/nicolas_pavloff\/files\/2010\/03\/PRA80b.pdf\">Bogoliubov theory of acoustic Hawking radiation in Bose-Einstein condensates<\/a><br \/>\nA. Recati, N. Pavloff and I. Carusotto<br \/>\n<em> Phys. Rev. A <strong>80<\/strong>, 043603 (2009)<\/em><\/li>\n<li><a href=\"\/nicolas_pavloff\/files\/2010\/03\/PRA80a.pdf\">Anderson localization of a weakly interacting one dimensional Bose gas<\/a><br \/>\nT. Paul, M. Albert, P. Schlagheck, P. Leboeuf and N. Pavloff<br \/>\n<em> Phys. Rev. A <strong>80<\/strong>, 033615 (2009)<\/em><\/li>\n<li><a href=\"\/nicolas_pavloff\/files\/2010\/03\/PRL1002.pdf\">Dipole oscillations of a Bose-Einstein condensate in presence of defects and disorder<\/a><br \/>\nM. Albert, T. Paul, N. Pavloff and P. Leboeuf<br \/>\n<em> Phys. Rev. Lett. <strong>100<\/strong>, 250405 (2008)<\/em><\/li>\n<li><a href=\"\/nicolas_pavloff\/files\/2010\/03\/PRL98.pdf\">Superfluidity versus Anderson localization in a dilute Bose gas<\/a><br \/>\nT. Paul, P. Schlagheck, P. Leboeuf and N. Pavloff<br \/>\n<em> Phys. Rev. Lett. <strong>98<\/strong>, 210602 (2007)<\/em><\/li>\n<li><a href=\"\/nicolas_pavloff\/files\/2010\/03\/EPJD063.pdf\">Anderson localization of elementary excitations in a one dimensional Bose-Einstein condensate <\/a><br \/>\nN. Bilas and N. Pavloff<br \/>\n<em> Eur. Phys. J. D <strong>40<\/strong>, 387 (2006)<\/em><\/li>\n<li><a href=\"\/nicolas_pavloff\/files\/2010\/03\/PRA72b.pdf\">Nonlinear transport of Bose-Einstein condensates through waveguides with disorder<\/a><br \/>\nT. Paul, P. Leboeuf, N. Pavloff, K. Richter and P. Schlagheck<br \/>\n<em> Phys. Rev. A <strong>72<\/strong>, 063621 (2005)<\/em><\/li>\n<li><a href=\"\/nicolas_pavloff\/files\/2010\/03\/PRL95.pdf\">Propagation of a dark soliton in a disordered Bose-Einstein condensate<\/a><br \/>\nN. Bilas and N. Pavloff<br \/>\n<em> Phys. Rev. Lett. <strong>95<\/strong>, 130403 (2005)<\/em><\/li>\n<li><a href=\"\/nicolas_pavloff\/files\/2010\/03\/PRA72a.pdf\">Dark soliton past a finite size obstacle<\/a><br \/>\nN. Bilas and N. Pavloff<br \/>\n<em> Phys. Rev. A <strong>72<\/strong>, 033618 (2005)<\/em><\/li>\n<li><a href=\"\/nicolas_pavloff\/files\/2010\/03\/PRA68.pdf\">Solitonic transmission of Bose-Einstein matter waves<\/a><br \/>\nP. Leboeuf, N. Pavloff and S. Sinha<br \/>\n<em> Phys. Rev. A <strong>68<\/strong>, 063608 (2003)<\/em><\/li>\n<li><a href=\"\/nicolas_pavloff\/files\/2010\/03\/PRA66.pdf\">Breakdown of superfluidity of an atom laser past an obstacle<\/a><br \/>\nN. Pavloff<br \/>\n<em> Phys. Rev. A <strong>66<\/strong>, 013610 (2002)<\/em><\/li>\n<li><a href=\"\/nicolas_pavloff\/files\/2010\/03\/PRA64.pdf\">Bose-Einstein beams: coherent propagation through a guide<\/a><br \/>\nP. Leboeuf and N. Pavloff<br \/>\n<em> Phys. Rev. A <strong>64<\/strong>, 033602 (2001)<\/em><\/li>\n<\/ul>\n<h3>Quantum Chaos and Semiclassical Methods :<\/h3>\n<ul>\n<li><a href=\"\/nicolas_pavloff\/files\/2010\/06\/AO48.pdf\">Polarization induced instabilities in external four-mirror Fabry-Perot cavities<\/a><br \/>\nF. Zomer, Y. Fedala, N. Pavloff, V. Soskov and A. Variola<br \/>\n<em> Appl. Opt. <strong>48<\/strong>, 6651 (2009)<\/em><\/li>\n<li><a href=\"\/nicolas_pavloff\/files\/2010\/03\/PRE61.pdf\">Diffractive corrections in the trace formula for polygonal billiards<\/a><br \/>\nE. Bogomolny, N. Pavloff and C. Schmit<br \/>\n<em> Phys. Rev. E <strong>61<\/strong>, 3689 (2000)<\/em><\/li>\n<li><a href=\"\/nicolas_pavloff\/files\/2010\/03\/PRE55.pdf\">Uniform approximation for diffractive contributions to the trace formula in billiard systems<\/a><br \/>\nM. Sieber, N. Pavloff and C. Schmit<br \/>\n<em> Phys. Rev. E <strong>55<\/strong>, 2279 (1997)<\/em><\/li>\n<li><a href=\"\/nicolas_pavloff\/files\/2010\/03\/JPA28.pdf\">Trace formula for an ensemble of bumpy billiards<\/a><br \/>\nN. Pavloff<br \/>\n<em> J. Phys. A <strong>28<\/strong>, 4123 (1995)<\/em><\/li>\n<li><a href=\"\/nicolas_pavloff\/files\/2010\/03\/PRL75.pdf\">Diffractive orbits in quantum billiards<\/a><br \/>\nN. Pavloff and C. Schmit<br \/>\n<em> Phys. Rev. Lett. <strong>75<\/strong>, 61 (1995)<\/em><\/li>\n<li><a href=\"\/nicolas_pavloff\/files\/2010\/03\/JPA27.pdf\">Discrete symmetries in the Weyl expansion for quantum billiards<\/a><br \/>\nN. Pavloff<br \/>\n<em> J. Phys. A <strong>27<\/strong>, 4317 (1994)<\/em><\/li>\n<\/ul>\n<h3>Metallic Clusters :<\/h3>\n<ul>\n<li><a href=\"\/nicolas_pavloff\/files\/2010\/03\/PRB58.pdf\">Rough droplet model for spherical metal clusters<\/a><br \/>\nN. Pavloff and C. Schmit<br \/>\n<em> Phys. Rev. B <strong>58<\/strong>, 4942 (1998)<\/em><\/li>\n<li><a href=\"\/nicolas_pavloff\/files\/2010\/03\/PRB48.pdf\">Shell structure of faceted metal clusters<\/a><br \/>\nN. Pavloff and S. C. Creagh<br \/>\n<em> Phys. Rev. B <strong>48<\/strong>, 18164 (1993)<\/em><\/li>\n<li><a href=\"\/nicolas_pavloff\/files\/2010\/03\/ZPD24.pdf\">Effect of surface roughness on the electronic structure of metallic clusters<\/a><br \/>\nN. Pavloff and M. S. Hansen<br \/>\n<em> Z. Phys. D <strong>24<\/strong>, 57 (1992)<\/em><\/li>\n<\/ul>\n<h3>Liquid Helium :<\/h3>\n<ul>\n<li><a href=\"\/nicolas_pavloff\/files\/2010\/03\/JLTP99.pdf\">Bound states of 3He in 3He-4He mixture films<\/a><br \/>\nE. Bashkin, N. Pavloff and J. Treiner<br \/>\n<em> J. Low Temp. Physics <strong>99<\/strong>, 659 (1995)<\/em><\/li>\n<li><a href=\"\/nicolas_pavloff\/files\/2010\/03\/EPL16.pdf\">Freezing of superfluid helium at zero temperature : a density functional approach<\/a><br \/>\nF. Dalfovo, J. Dupont-Roc, N. Pavloff, S. Stringari and J. Treiner<br \/>\n<em> Europhys. Lett. <strong>16<\/strong>, 205 (1991)<\/em><\/li>\n<li><a href=\"\/nicolas_pavloff\/files\/2010\/03\/JLTP83b.pdf\">3He impurity states on liquid 4He, from thin films to the bulk surface<\/a><br \/>\nN. Pavloff and J. Treiner<br \/>\n<em> J. Low Temp. Physics <strong>83<\/strong>, 331 (1991)<\/em><\/li>\n<li><a href=\"\/nicolas_pavloff\/files\/2010\/03\/JLTP83a.pdf\">3He impurities on liquid 4He : possible existence of excited states<\/a><br \/>\nN. Pavloff and J. Treiner<br \/>\n<em> J. Low Temp. Physics <strong>83<\/strong>, 15 (1991)<\/em><\/li>\n<li><a href=\"\/nicolas_pavloff\/files\/2010\/03\/JLTP81.pdf\">Inhomogeous liquid 4He, a density functional approach with a finite range interaction<\/a><br \/>\nJ. Dupont-Roc, M. Himbert, N. Pavloff and J. Treiner<br \/>\n<em> J. Low Temp. Physics <strong>81<\/strong>, 31 (1990)<\/em><\/li>\n<\/ul>\n<h3>Copyright:<\/h3>\n<p>The material on these web pages is intended as a scientific resource for the private use of individual scholars. None of it may be used commercially, or for financial gain. Some of the material is protected by copyright. Requests for permission to make public use of any of the papers, or material therein, should be sought from the original publisher, or from Nicolas Pavloff, as appropriate.<\/p>\n","protected":false},"excerpt":{"rendered":"<p>Reverse chronological order : Quantum backreaction in an analog black hole G. Ciliberto, R. Balbinot, A. Fabbri and N. Pavloff Phys. Rev. A 112, 063323 (2025) Backreaction equations for 1+1 dimensional BEC sonic black holes R. Balbinot, A. Fabbri, G. &hellip; <a href=\"http:\/\/www.lptms.universite-paris-saclay.fr\/nicolas_pavloff\/publications\/\">Continuer la lecture <span class=\"meta-nav\">&rarr;<\/span><\/a><\/p>\n","protected":false},"author":5,"featured_media":0,"parent":0,"menu_order":10,"comment_status":"closed","ping_status":"closed","template":"","meta":{"footnotes":""},"class_list":["post-8","page","type-page","status-publish","hentry"],"_links":{"self":[{"href":"http:\/\/www.lptms.universite-paris-saclay.fr\/nicolas_pavloff\/wp-json\/wp\/v2\/pages\/8","targetHints":{"allow":["GET"]}}],"collection":[{"href":"http:\/\/www.lptms.universite-paris-saclay.fr\/nicolas_pavloff\/wp-json\/wp\/v2\/pages"}],"about":[{"href":"http:\/\/www.lptms.universite-paris-saclay.fr\/nicolas_pavloff\/wp-json\/wp\/v2\/types\/page"}],"author":[{"embeddable":true,"href":"http:\/\/www.lptms.universite-paris-saclay.fr\/nicolas_pavloff\/wp-json\/wp\/v2\/users\/5"}],"replies":[{"embeddable":true,"href":"http:\/\/www.lptms.universite-paris-saclay.fr\/nicolas_pavloff\/wp-json\/wp\/v2\/comments?post=8"}],"version-history":[{"count":156,"href":"http:\/\/www.lptms.universite-paris-saclay.fr\/nicolas_pavloff\/wp-json\/wp\/v2\/pages\/8\/revisions"}],"predecessor-version":[{"id":1875,"href":"http:\/\/www.lptms.universite-paris-saclay.fr\/nicolas_pavloff\/wp-json\/wp\/v2\/pages\/8\/revisions\/1875"}],"wp:attachment":[{"href":"http:\/\/www.lptms.universite-paris-saclay.fr\/nicolas_pavloff\/wp-json\/wp\/v2\/media?parent=8"}],"curies":[{"name":"wp","href":"https:\/\/api.w.org\/{rel}","templated":true}]}}