{"id":51,"date":"2013-10-01T22:14:53","date_gmt":"2013-10-01T22:14:53","guid":{"rendered":"http:\/\/lptms.u-psud.fr\/physbio2014\/?page_id=51"},"modified":"2014-06-17T08:50:13","modified_gmt":"2014-06-17T08:50:13","slug":"contact","status":"publish","type":"page","link":"http:\/\/www.lptms.universite-paris-saclay.fr\/physbio2014\/contact\/","title":{"rendered":"Contact"},"content":{"rendered":"<h3>Contact<\/h3>\n<p style=\"text-align: left\"><a href=\"mailto:conf_physbio2014@synchrotron-soleil.fr\">conf_physbio2014@synchrotron-soleil.fr<\/a><\/p>\n<h3>Organizing committee<\/h3>\n<p style=\"text-align: center\">Chair: Matthieu Refregiers (DISCO, Synchrotron Soleil)<\/p>\n<table border=\"none\" width=\"100%\">\n<tbody>\n<tr>\n<td width=\"50%\">Abdul Barakat (LadHyX, \u00c9cole Polytechnique)<\/td>\n<td width=\"50%\">Marie-Pierre Fontaine-Aupart (ISMO, U. Paris-Sud)<\/td>\n<\/tr>\n<tr>\n<td width=\"50%\">Marie-Claude Kergoat (iBiTec-S &#8211; CEA)<\/td>\n<td width=\"50%\">Martin Lenz (LPTMS, U. Paris-Sud)<\/td>\n<\/tr>\n<tr>\n<td width=\"50%\">Sandrine Lev\u00eaque-Fort (ISMO, U. Paris-Sud)<\/td>\n<td width=\"50%\">Fran\u00e7oise Livolant (LPS, U. Paris-Sud)<\/td>\n<\/tr>\n<tr>\n<td width=\"50%\">Olivier Martin (UMR de g\u00e9n\u00e9tique v\u00e9g\u00e9tale, U. Paris-Sud)<\/td>\n<td width=\"50%\">Fabienne Merola (LCP, U. Paris-Sud)<\/td>\n<\/tr>\n<tr>\n<td width=\"50%\">Fr\u00e9d\u00e9ric Pain (IMNC, U. Paris-Sud)<\/td>\n<td width=\"50%\">Karen Perronet (LCF, Institut d&#8217;Optique Graduate School)<\/td>\n<\/tr>\n<tr>\n<td width=\"50%\">Guillaume Romet-Lemonne (LEBS, CNRS)<\/td>\n<td width=\"50%\">B\u00e9atrice Satiat-Jeunema\u00eetre (ISV, CNRS)<\/td>\n<\/tr>\n<tr>\n<td width=\"50%\">Willy Supatto (LOB, \u00c9cole Polytechnique)<\/td>\n<td width=\"50%\">Fran\u00e7ois Treussart (LAC, U. Paris-Sud)<\/td>\n<\/tr>\n<\/tbody>\n<\/table>\n<h3>Sponsors<\/h3>\n<table width=\"100%\">\n<tbody>\n<tr>\n<td width=\"150px\" valign=\"middle\"><a href=\"http:\/\/www.labex-palm.fr\/\"><img loading=\"lazy\" decoding=\"async\" class=\"aligncenter alignmiddle size-full wp-image-139\" src=\"http:\/\/lptms.u-psud.fr\/physbio2014\/files\/2013\/10\/PALMColorLogo.png\" alt=\"Labex PALM\" width=\"150\" height=\"72\" \/><\/a><\/td>\n<td width=\"150px\" valign=\"middle\"><a href=\"http:\/\/investissement-avenir.gouvernement.fr\/\"><img loading=\"lazy\" decoding=\"async\" class=\"aligncenter alignmiddle size-full wp-image-192\" src=\"http:\/\/lptms.u-psud.fr\/physbio2014\/files\/2013\/10\/InvestissementsDAvenirColorLogo1.png\" alt=\"CNRS\" width=\"72\" height=\"72\" \/><\/a><\/td>\n<td width=\"150px\" valign=\"middle\"><a href=\"http:\/\/www.cnrs.fr\/index.php\"><img loading=\"lazy\" decoding=\"async\" class=\"aligncenter alignmiddle size-full wp-image-192\" src=\"http:\/\/lptms.u-psud.fr\/physbio2014\/files\/2013\/10\/CNRSlogo.png\" alt=\"CNRS\" width=\"72\" height=\"72\" \/><\/a><\/td>\n<td width=\"150px\" valign=\"middle\"><a href=\"http:\/\/www.synchrotron-soleil.fr\/portal\/page\/portal\/Accueil\"><img loading=\"lazy\" decoding=\"async\" class=\"aligncenter alignmiddle size-full wp-image-218\" src=\"http:\/\/lptms.u-psud.fr\/physbio2014\/files\/2013\/10\/SOLEILlogo.png\" alt=\"Synchrotron SOLEIL\" width=\"147\" height=\"72\" \/><\/a><\/td>\n<\/tr>\n<tr>\n<td width=\"150px\" valign=\"middle\"><a href=\"http:\/\/france-bioimaging.org\/\"><img loading=\"lazy\" decoding=\"async\" class=\"aligncenter alignmiddle size-full wp-image-453\" src=\"http:\/\/lptms.u-psud.fr\/physbio2014\/files\/2013\/10\/FranceBioImaging.png\" alt=\"FranceBioImaging\" width=\"150\" height=\"45\" \/><\/a><\/td>\n<td width=\"150px\" valign=\"middle\"><a href=\"http:\/\/www.u-psud.fr\/en\/\"><img loading=\"lazy\" decoding=\"async\" class=\"aligncenter alignmiddle size-full wp-image-282\" src=\"http:\/\/lptms.u-psud.fr\/physbio2014\/files\/2013\/10\/Paris-SudLogoBig1.png\" alt=\"Paris-Sud\" width=\"82\" height=\"72\" \/><\/a><\/td>\n<td width=\"150px\" valign=\"middle\"><a href=\"http:\/\/www.campus-paris-saclay.fr\/Idex-Paris-Saclay\/Les-Labex\/Le-Labex-LaSIPS\"><img loading=\"lazy\" decoding=\"async\" class=\"aligncenter alignmiddle size-full wp-image-282\" src=\"http:\/\/lptms.u-psud.fr\/physbio2014\/files\/2014\/06\/LaSIPS.png\" alt=\"LaSIPS\" width=\"150\" height=\"36\" \/><\/a><\/td>\n<\/tr>\n<\/tbody>\n<\/table>\n<h3>Photo credits and poster<\/h3>\n<p>website banner by Patrick Oakes, Institute for Biophysical Dynamics, University of Chicago, USA.<br \/>\nDownload the <a href=\"http:\/\/lptms.u-psud.fr\/physbio2014\/files\/2013\/10\/PhysBio2014.jpg\">conference poster<\/a>.<\/p>\n","protected":false},"excerpt":{"rendered":"<p>Contact conf_physbio2014@synchrotron-soleil.fr Organizing committee Chair: Matthieu Refregiers (DISCO, Synchrotron Soleil) Abdul Barakat (LadHyX, \u00c9cole Polytechnique) Marie-Pierre Fontaine-Aupart (ISMO, U. Paris-Sud) Marie-Claude Kergoat (iBiTec-S &#8211; CEA) Martin Lenz (LPTMS, U. Paris-Sud) Sandrine Lev\u00eaque-Fort (ISMO, U. Paris-Sud) Fran\u00e7oise Livolant (LPS, U. Paris-Sud) &hellip; <a href=\"http:\/\/www.lptms.universite-paris-saclay.fr\/physbio2014\/contact\/\">Continue reading <span class=\"meta-nav\">&rarr;<\/span><\/a><\/p>\n","protected":false},"author":29,"featured_media":0,"parent":0,"menu_order":500,"comment_status":"open","ping_status":"closed","template":"","meta":{"footnotes":""},"class_list":["post-51","page","type-page","status-publish","hentry"],"_links":{"self":[{"href":"http:\/\/www.lptms.universite-paris-saclay.fr\/physbio2014\/wp-json\/wp\/v2\/pages\/51","targetHints":{"allow":["GET"]}}],"collection":[{"href":"http:\/\/www.lptms.universite-paris-saclay.fr\/physbio2014\/wp-json\/wp\/v2\/pages"}],"about":[{"href":"http:\/\/www.lptms.universite-paris-saclay.fr\/physbio2014\/wp-json\/wp\/v2\/types\/page"}],"author":[{"embeddable":true,"href":"http:\/\/www.lptms.universite-paris-saclay.fr\/physbio2014\/wp-json\/wp\/v2\/users\/29"}],"replies":[{"embeddable":true,"href":"http:\/\/www.lptms.universite-paris-saclay.fr\/physbio2014\/wp-json\/wp\/v2\/comments?post=51"}],"version-history":[{"count":56,"href":"http:\/\/www.lptms.universite-paris-saclay.fr\/physbio2014\/wp-json\/wp\/v2\/pages\/51\/revisions"}],"predecessor-version":[{"id":140,"href":"http:\/\/www.lptms.universite-paris-saclay.fr\/physbio2014\/wp-json\/wp\/v2\/pages\/51\/revisions\/140"}],"wp:attachment":[{"href":"http:\/\/www.lptms.universite-paris-saclay.fr\/physbio2014\/wp-json\/wp\/v2\/media?parent=51"}],"curies":[{"name":"wp","href":"https:\/\/api.w.org\/{rel}","templated":true}]}}