{"id":8,"date":"2015-07-16T12:51:00","date_gmt":"2015-07-16T11:51:00","guid":{"rendered":"http:\/\/lptms.u-psud.fr\/physbio2016\/?page_id=8"},"modified":"2016-10-12T09:45:02","modified_gmt":"2016-10-12T08:45:02","slug":"organization","status":"publish","type":"page","link":"http:\/\/www.lptms.universite-paris-saclay.fr\/physbio2016\/organization\/","title":{"rendered":"Organization"},"content":{"rendered":"<h3>Contact<\/h3>\n<p style=\"text-align: left\"><a href=\"mailto:PhysBio2016.lptms@u-psud.fr\">PhysBio2016.lptms@u-psud.fr<\/a><\/p>\n<h3>Conference poster<\/h3>\n<p>Download it <a href=\"http:\/\/lptms.u-psud.fr\/physbio2016\/files\/2015\/07\/PhysBio2016poster.pdf\">here<\/a>.<\/p>\n<h3>Organizing committee<\/h3>\n<p style=\"text-align: center\">Chair: Willy Supatto (LOB, \u00c9cole polytechnique)<\/p>\n<table border=\"none\" width=\"100%\">\n<tbody>\n<tr>\n<td width=\"50%\">Jean-Marc Allain (LMS, \u00c9cole polytechnique)<\/td>\n<td width=\"50%\">Ruxandra Gref (ISMO, Universit\u00e9 Paris-Sud)<\/td>\n<\/tr>\n<tr>\n<td width=\"50%\">Martin Lenz (LPTMS, Universit\u00e9 Paris-Sud)<\/td>\n<td width=\"50%\">Matthieu R\u00e9fregiers (Synchrotron SOLEIL)<\/td>\n<\/tr>\n<\/tbody>\n<\/table>\n<h3>Scientific committee<\/h3>\n<table border=\"none\" width=\"100%\">\n<tbody>\n<tr>\n<td width=\"50%\">Laura Baciou (LCP, Universit\u00e9 Paris-Sud)<\/td>\n<td width=\"50%\">Mathilde Badoual (IMNC, Universit\u00e9 Paris-Sud)<\/td>\n<\/tr>\n<tr>\n<td width=\"50%\">Carine Douarche (LPS, Universit\u00e9 Paris-Sud)<\/td>\n<td width=\"50%\">Alexis Gautreau (BIOC, \u00c9cole polytechnique)<\/td>\n<\/tr>\n<tr>\n<td width=\"50%\">Niko Hildebrandt (IEF, Universit\u00e9 Paris-Sud)<\/td>\n<td width=\"50%\">Herman Hofte (IJBP, INRA Versailles)<\/td>\n<\/tr>\n<tr>\n<td width=\"50%\">Olivier Martin (G\u00e9n\u00e9tique V\u00e9g\u00e9tale, Universit\u00e9 Paris-Sud)<\/td>\n<td width=\"50%\">Ma\u00eft\u00e9 Paternostre (I2BC, CEA)<\/td>\n<\/tr>\n<tr>\n<td width=\"50%\">Fran\u00e7ois Treussart (LAC, Universit\u00e9 Paris-Sud)<\/td>\n<\/tr>\n<\/tbody>\n<\/table>\n<h3>Administrative support<\/h3>\n<table border=\"none\" width=\"100%\">\n<tbody>\n<tr>\n<td width=\"50%\">Christelle Fran\u00e7ais (LOB, \u00c9cole polytechnique)<\/td>\n<td width=\"50%\">Laure Lachapelle (LOB, \u00c9cole polytechnique)<\/td>\n<\/tr>\n<tr>\n<td width=\"50%\">Claudine Le Vaou (LPTMS, Universit\u00e9 Paris-Sud)<\/td>\n<\/tr>\n<\/tbody>\n<\/table>\n<h3>Student committee<\/h3>\n<table border=\"none\" width=\"100%\">\n<tbody>\n<tr>\n<td width=\"50%\">Sashi Bhuckory (IEF, Universit\u00e9 Paris-Sud)<\/td>\n<td width=\"50%\">Lamiae Abdeladim (LOB, \u00c9cole polytechnique)<\/td>\n<\/tr>\n<tr>\n<td width=\"50%\">Fanny Poulon (IMNC, Universit\u00e9 Paris-Sud)<\/td>\n<td width=\"50%\">Daniela Freitas (INRA)<\/td>\n<\/tr>\n<tr>\n<td width=\"50%\">Fran\u00e7ois Auvray (U. Nottingham &#8211; Synchrotron SOLEIL)<\/td>\n<\/tr>\n<\/tbody>\n<\/table>\n<h3>Credit granting graduate programs<\/h3>\n<table border=\"none\" width=\"100%\">\n<tbody>\n<tr>\n<td width=\"100%\"><a href=\"https:\/\/www.universite-paris-saclay.fr\/en\/education\/doctorate\/registrationenrolment#l-ecole-doctorale\">Interfaces<\/a><\/td>\n<\/tr>\n<tr>\n<td width=\"100%\"><a href=\"http:\/\/www.ed-sdsv.u-psud.fr\/\">Structure et Dynamique des Syst\u00e8mes Vivants<\/a><\/td>\n<\/tr>\n<tr>\n<td width=\"100%\"><a href=\"http:\/\/www.agroparistech.fr\/abies\/\">Agriculture Alimentation Biologie Environnement Sant\u00e9<\/a><\/td>\n<\/tr>\n<\/tbody>\n<\/table>\n<h3>Sponsors<\/h3>\n<table width=\"100%\">\n<tbody>\n<tr>\n<td valign=\"middle\" width=\"150px\"><a href=\"http:\/\/www.labex-palm.fr\/\"><img loading=\"lazy\" decoding=\"async\" class=\"alignmiddle size-full wp-image-139 aligncenter\" src=\"http:\/\/lptms.u-psud.fr\/physbio2014\/files\/2013\/10\/PALMColorLogo.png\" alt=\"Labex PALM\" width=\"150\" height=\"72\" \/><\/a><\/td>\n<td valign=\"middle\" width=\"150px\"><a href=\"http:\/\/investissement-avenir.gouvernement.fr\/\"><img loading=\"lazy\" decoding=\"async\" class=\"alignmiddle size-full wp-image-192 aligncenter\" src=\"http:\/\/lptms.u-psud.fr\/physbio2014\/files\/2013\/10\/InvestissementsDAvenirColorLogo1.png\" alt=\"CNRS\" width=\"72\" height=\"72\" \/><\/a><\/td>\n<td valign=\"middle\" width=\"150px\"><a href=\"http:\/\/www.polytechnique.edu\/en\"><img decoding=\"async\" class=\"alignmiddle size-full  aligncenter\" src=\"http:\/\/lptms.u-psud.fr\/physbio2016\/files\/2016\/03\/Logo_Ecole-polytechnique_horizontal_300dpi.jpg\" alt=\"Ecole Polytechnique\" width=\"150\" \/><\/a><\/td>\n<td valign=\"middle\" width=\"150px\"><a href=\"http:\/\/www.cnrs.fr\/index.php\"><img loading=\"lazy\" decoding=\"async\" class=\"alignmiddle size-full wp-image-192 aligncenter\" src=\"http:\/\/lptms.u-psud.fr\/physbio2014\/files\/2013\/10\/CNRSlogo.png\" alt=\"CNRS\" width=\"72\" height=\"72\" \/><\/a><\/td>\n<td valign=\"middle\" width=\"150px\"><a href=\"http:\/\/www.synchrotron-soleil.fr\/portal\/page\/portal\/Accueil\"><img loading=\"lazy\" decoding=\"async\" class=\"alignmiddle size-full wp-image-218 aligncenter\" src=\"http:\/\/lptms.u-psud.fr\/physbio2014\/files\/2013\/10\/SOLEILlogo.png\" alt=\"Synchrotron SOLEIL\" width=\"147\" height=\"72\" \/><\/a><\/td>\n<\/tr>\n<tr>\n<td valign=\"middle\" width=\"150px\"><a href=\"http:\/\/www.merckgroup.com\/en\/index.html\"><img loading=\"lazy\" decoding=\"async\" class=\"alignmiddle size-full wp-image-139 aligncenter\" src=\"http:\/\/lptms.u-psud.fr\/physbio2016\/files\/2016\/07\/MerckLogo.jpg\" alt=\"Labex PALM\" width=\"150\" height=\"24\" \/><\/a><\/td>\n<td valign=\"middle\" width=\"150px\"><a href=\"http:\/\/www.zeiss.co.uk\/corporate\/en_gb\/home.html\"><img loading=\"lazy\" decoding=\"async\" class=\"alignmiddle size-full wp-image-192 aligncenter\" src=\"http:\/\/lptms.u-psud.fr\/physbio2016\/files\/2016\/07\/ZeissLogo.jpg\" alt=\"Zeiss\" width=\"72\" height=\"72\" \/><\/a><\/td>\n<td valign=\"middle\" width=\"150px\"><a href=\"http:\/\/www.cordouan-tech.com\/en\"><img loading=\"lazy\" decoding=\"async\" class=\"alignmiddle size-full wp-image-192 aligncenter\" src=\"http:\/\/lptms.u-psud.fr\/physbio2016\/files\/2016\/07\/CordouanLogo.jpg\" alt=\"Cordouan\" width=\"150\" height=\"72\" \/><\/a><\/td>\n<td valign=\"middle\" width=\"150px\"><a href=\"http:\/\/www.izon.com\/\"><img loading=\"lazy\" decoding=\"async\" class=\"alignmiddle size-full wp-image-192 aligncenter\" src=\"http:\/\/lptms.u-psud.fr\/physbio2016\/files\/2016\/07\/IzonLogo.jpg\" alt=\"Izon\" width=\"162\" height=\"72\" \/><\/a><\/td>\n<td valign=\"middle\" width=\"150px\"><a href=\"http:\/\/optics11.com\/\"><img loading=\"lazy\" decoding=\"async\" class=\"alignmiddle size-full wp-image-192 aligncenter\" src=\"http:\/\/lptms.u-psud.fr\/physbio2016\/files\/2016\/09\/Optics11-1-bit-small.jpg\" alt=\"Optics11\" width=\"162\" height=\"65\" \/><\/a><\/td>\n<\/tr>\n<tr>\n<td valign=\"middle\" width=\"150px\"><\/td>\n<td valign=\"middle\" width=\"150px\"><\/td>\n<td valign=\"middle\" width=\"150px\"><a href=\"https:\/\/portail.polytechnique.edu\/morphoscope\"><img loading=\"lazy\" decoding=\"async\" class=\"alignmiddle size-full wp-image-192 aligncenter\" src=\"http:\/\/lptms.u-psud.fr\/physbio2016\/files\/2016\/10\/Morphoscope.jpg\" alt=\"Marphoscope\" width=\"150\" height=\"28\" \/><\/a><\/td>\n<td valign=\"middle\" width=\"150px\"><\/td>\n<td valign=\"middle\" width=\"150px\"><\/td>\n<\/tr>\n<\/tbody>\n<\/table>\n<h3>Photo credits<\/h3>\n<p>Website banner by Boris Guirao, St\u00e9phane U. Rigaud &amp; Floris Bosveld, Institut Curie\/CNRS, Paris France (adapted from <a href=\"http:\/\/dx.doi.org\/10.7554\/eLife.08519\">their article<\/a>)<\/p>\n","protected":false},"excerpt":{"rendered":"<p>Contact PhysBio2016.lptms@u-psud.fr Conference poster Download it here. Organizing committee Chair: Willy Supatto (LOB, \u00c9cole polytechnique) Jean-Marc Allain (LMS, \u00c9cole polytechnique) Ruxandra Gref (ISMO, Universit\u00e9 Paris-Sud) Martin Lenz (LPTMS, Universit\u00e9 Paris-Sud) Matthieu R\u00e9fregiers (Synchrotron SOLEIL) Scientific committee Laura Baciou (LCP, Universit\u00e9 &hellip; <a href=\"http:\/\/www.lptms.universite-paris-saclay.fr\/physbio2016\/organization\/\">Continuer la lecture <span class=\"meta-nav\">&rarr;<\/span><\/a><\/p>\n","protected":false},"author":1,"featured_media":0,"parent":0,"menu_order":100,"comment_status":"closed","ping_status":"closed","template":"","meta":{"footnotes":""},"class_list":["post-8","page","type-page","status-publish","hentry"],"_links":{"self":[{"href":"http:\/\/www.lptms.universite-paris-saclay.fr\/physbio2016\/wp-json\/wp\/v2\/pages\/8","targetHints":{"allow":["GET"]}}],"collection":[{"href":"http:\/\/www.lptms.universite-paris-saclay.fr\/physbio2016\/wp-json\/wp\/v2\/pages"}],"about":[{"href":"http:\/\/www.lptms.universite-paris-saclay.fr\/physbio2016\/wp-json\/wp\/v2\/types\/page"}],"author":[{"embeddable":true,"href":"http:\/\/www.lptms.universite-paris-saclay.fr\/physbio2016\/wp-json\/wp\/v2\/users\/1"}],"replies":[{"embeddable":true,"href":"http:\/\/www.lptms.universite-paris-saclay.fr\/physbio2016\/wp-json\/wp\/v2\/comments?post=8"}],"version-history":[{"count":48,"href":"http:\/\/www.lptms.universite-paris-saclay.fr\/physbio2016\/wp-json\/wp\/v2\/pages\/8\/revisions"}],"predecessor-version":[{"id":297,"href":"http:\/\/www.lptms.universite-paris-saclay.fr\/physbio2016\/wp-json\/wp\/v2\/pages\/8\/revisions\/297"}],"wp:attachment":[{"href":"http:\/\/www.lptms.universite-paris-saclay.fr\/physbio2016\/wp-json\/wp\/v2\/media?parent=8"}],"curies":[{"name":"wp","href":"https:\/\/api.w.org\/{rel}","templated":true}]}}