{"id":16,"date":"2018-01-17T12:16:15","date_gmt":"2018-01-17T11:16:15","guid":{"rendered":"http:\/\/lptms.u-psud.fr\/physbio2018\/?page_id=16"},"modified":"2022-04-12T20:52:18","modified_gmt":"2022-04-12T19:52:18","slug":"organization","status":"publish","type":"page","link":"http:\/\/www.lptms.universite-paris-saclay.fr\/physbio2018\/organization\/","title":{"rendered":"Organization"},"content":{"rendered":"<h3>Contact<\/h3>\n<p style=\"text-align: left\"><a href=\"mailto:PhysBio2018.lptms@u-psud.fr\">PhysBio2018.lptms@u-psud.fr<\/a><\/p>\n<h3>Organizing committee<\/h3>\n<p style=\"text-align: center\">Chair: \u00c9ric Raspaud (LPS, U. Paris-Sud)<\/p>\n<table border=\"none\" width=\"100%\">\n<tbody>\n<tr>\n<td width=\"50%\">Mathilde Badoual (IMNC, U. Paris-Sud)<\/td>\n<td width=\"50%\">Christophe Le Clainche (I2BC, CNRS Gif-sur-Yvette)<\/td>\n<\/tr>\n<tr>\n<td width=\"50%\">Martin Lenz (LPTMS, U. Paris-Sud)<\/td>\n<td width=\"50%\">Willy Supatto (LOB, \u00c9cole Polytechnique)<\/td>\n<\/tr>\n<\/tbody>\n<\/table>\n<h3>Scientific committee<\/h3>\n<table border=\"none\" width=\"100%\">\n<tbody>\n<tr>\n<td width=\"50%\">Darine Abi Haidar (IMNC, U. Paris-Sud)<\/td>\n<td width=\"50%\">C\u00e9cile Appert-Rolland (LPT, U. Paris-Sud)<\/td>\n<\/tr>\n<tr>\n<td width=\"50%\">Jean-Marie Frachisse (I2BC, CNRS Gif-sur-Yvette)<\/td>\n<td width=\"50%\">Thomas Gustavsson (IRAMIS, CEA)<\/td>\n<\/tr>\n<tr>\n<td width=\"50%\">Julien Husson (LadHyX, \u00c9cole Polytechnique)<\/td>\n<td width=\"50%\">Francoise Livolant (LPS, U. Paris-Sud)<\/td>\n<\/tr>\n<tr>\n<td width=\"50%\">St\u00e9phanie Mangenot (Physico-Chimie Curie, Institut Curie)<\/td>\n<td width=\"50%\">Christian Marliere (ISMO, U. Paris-Sud)<\/td>\n<\/tr>\n<tr>\n<td width=\"50%\">Olivier Martin (G\u00e9n\u00e9tique V\u00e9g\u00e9tale, Universit\u00e9 Paris-Sud)<\/td>\n<td width=\"50%\">Fabienne Merola (LCP, U. Paris-Sud)<\/td>\n<\/tr>\n<tr>\n<td width=\"50%\">Daan Noordermeer (I2BC, CNRS Gif-sur-Yvette)<\/td>\n<\/tr>\n<\/tbody>\n<\/table>\n<h3>Student committee<\/h3>\n<table border=\"none\" width=\"100%\">\n<tbody>\n<tr>\n<td width=\"50%\">L\u00e9o Adenis (IMNC, U. Paris-Sud)<\/td>\n<td width=\"50%\">Luca Barberi (LPTMS, U. Paris-Sud)<\/td>\n<\/tr>\n<tr>\n<td width=\"50%\">Yannick Guerringue (I2BC, CNRS Gif-sur-Yvette)<\/td>\n<td width=\"50%\">Laura Sabatier (LPS, U. Paris-Sud)<\/td>\n<\/tr>\n<tr>\n<td width=\"50%\">Margaux Schmeltz (LOB, \u00c9cole Polytechnique)<\/td>\n<td width=\"50%\">Alexandra Zak (LadHyX, \u00c9cole Polytechnique)<\/td>\n<\/tr>\n<\/tbody>\n<\/table>\n<h3>Administrative support<\/h3>\n<table border=\"none\" width=\"100%\">\n<tbody>\n<tr>\n<td width=\"50%\">Claudine Le Vaou (LPTMS, Universit\u00e9 Paris-Sud)<\/td>\n<\/tr>\n<\/tbody>\n<\/table>\n<h3>Sponsors<\/h3>\n<table width=\"100%\">\n<tbody>\n<tr>\n<td valign=\"middle\" width=\"150px\"><a href=\"http:\/\/www.labex-palm.fr\/\"><img decoding=\"async\" class=\"aligncenter alignmiddle\" src=\"http:\/\/lptms.u-psud.fr\/physbio2014\/files\/2013\/10\/PALMColorLogo.png\" alt=\"Labex PALM\" height=\"72\" \/><\/a><\/td>\n<td valign=\"middle\" width=\"150px\"><a href=\"https:\/\/www.i2bc.paris-saclay.fr\/?lang=fr\"><img decoding=\"async\" class=\"aligncenter alignmiddle\" src=\"http:\/\/lptms.u-psud.fr\/physbio2018\/files\/2018\/06\/logo-i2bc-web.jpg\" alt=\"I2BC\" height=\"72\" \/><\/a><\/td>\n<td valign=\"middle\" width=\"150px\"><a href=\"https:\/\/www6.inra.fr\/saclay-plant-sciences_eng\/\"><img decoding=\"async\" class=\"aligncenter alignmiddle\" src=\"http:\/\/lptms.u-psud.fr\/physbio2018\/files\/2018\/06\/SPSlogo.png\" alt=\"Labex SPS\" width=\"150\" \/><\/a><\/td>\n<td valign=\"middle\" width=\"150px\"><a href=\"https:\/\/www.universite-paris-saclay.fr\/en\"><img decoding=\"async\" class=\"aligncenter alignmiddle\" src=\"http:\/\/lptms.u-psud.fr\/physbio2014\/files\/2013\/10\/InvestissementsDAvenirColorLogo1.png\" alt=\"IdEx Paris-Saclay\" height=\"72\" \/><\/a><\/td>\n<\/tr>\n<tr>\n<td valign=\"middle\" width=\"150px\"><a href=\"http:\/\/www.cnrs.fr\/index.php\"><img decoding=\"async\" class=\"aligncenter alignmiddle\" src=\"http:\/\/lptms.u-psud.fr\/physbio2014\/files\/2013\/10\/CNRSlogo.png\" alt=\"CNRS\" height=\"72\" \/><\/a><\/td>\n<td valign=\"middle\" width=\"150px\"><a href=\"https:\/\/www.universite-paris-saclay.fr\/fr\/recherche\/departement\/sciences-de-la-vie-sdv\"><img decoding=\"async\" class=\"aligncenter alignmiddle\" src=\"http:\/\/lptms.u-psud.fr\/physbio2018\/files\/2018\/06\/SDV.jpg\" alt=\"SDV\" height=\"72\" \/><\/a><\/td>\n<td valign=\"middle\" width=\"150px\"><a href=\"https:\/\/www.nikon.com\/\"><img decoding=\"async\" class=\"aligncenter alignmiddle\" src=\"http:\/\/lptms.u-psud.fr\/physbio2018\/files\/2018\/06\/Logo-Nikon-jpeg-602-ko.jpg\" alt=\"Nikon\" height=\"72\" \/><\/a><\/td>\n<td valign=\"middle\" width=\"150px\"><a href=\"https:\/\/www.abbelight.com\"><img decoding=\"async\" class=\"aligncenter alignmiddle\" src=\"http:\/\/lptms.u-psud.fr\/physbio2018\/files\/2018\/07\/ABBELIGHT-LOGO.png\" alt=\"Abbelight\" height=\"72\" \/><\/a><\/td>\n<\/tr>\n<tr>\n<td valign=\"middle\" width=\"150px\"><a href=\"https:\/\/optics11.com\/\"><img decoding=\"async\" class=\"aligncenter alignmiddle\" src=\"http:\/\/lptms.u-psud.fr\/files\/2018\/09\/Logo_Optics11_zonder-tagline_blauw.png\" alt=\"Optics11\" width=\"150\" \/><\/a><\/td>\n<td valign=\"middle\" width=\"150px\"><a href=\"https:\/\/www.jpk.com\/\"><img decoding=\"async\" class=\"aligncenter alignmiddle\" src=\"http:\/\/lptms.u-psud.fr\/physbio2018\/files\/2018\/09\/we-have-joined-bruker-2800.png\" alt=\"JPK\" width=\"150\" \/><\/a><\/td>\n<td valign=\"middle\" width=\"150px\"><a href=\"https:\/\/www.hamamatsu.com\/eu\/en\/index.html?nfxsid=5b927d738a7da1536327027\"><img decoding=\"async\" class=\"aligncenter alignmiddle\" src=\"http:\/\/lptms.u-psud.fr\/physbio2018\/files\/2018\/09\/Ham_Logo_120mm.jpg\" alt=\"Hamamatsu\" width=\"150\" \/><\/a><\/td>\n<\/tr>\n<\/tbody>\n<\/table>\n<h3>Photo credits and poster<\/h3>\n<p>website banner &amp; poster image courtesy of Arezki Boudaoud, ENS Lyon, France.<\/p>\n","protected":false},"excerpt":{"rendered":"<p>Contact PhysBio2018.lptms@u-psud.fr Organizing committee Chair: \u00c9ric Raspaud (LPS, U. Paris-Sud) Mathilde Badoual (IMNC, U. Paris-Sud) Christophe Le Clainche (I2BC, CNRS Gif-sur-Yvette) Martin Lenz (LPTMS, U. Paris-Sud) Willy Supatto (LOB, \u00c9cole Polytechnique) Scientific committee Darine Abi Haidar (IMNC, U. Paris-Sud) C\u00e9cile &hellip; <a href=\"http:\/\/www.lptms.universite-paris-saclay.fr\/physbio2018\/organization\/\">Continuer la lecture <span class=\"meta-nav\">&rarr;<\/span><\/a><\/p>\n","protected":false},"author":1,"featured_media":0,"parent":0,"menu_order":100,"comment_status":"closed","ping_status":"closed","template":"","meta":{"footnotes":""},"class_list":["post-16","page","type-page","status-publish","hentry"],"_links":{"self":[{"href":"http:\/\/www.lptms.universite-paris-saclay.fr\/physbio2018\/wp-json\/wp\/v2\/pages\/16","targetHints":{"allow":["GET"]}}],"collection":[{"href":"http:\/\/www.lptms.universite-paris-saclay.fr\/physbio2018\/wp-json\/wp\/v2\/pages"}],"about":[{"href":"http:\/\/www.lptms.universite-paris-saclay.fr\/physbio2018\/wp-json\/wp\/v2\/types\/page"}],"author":[{"embeddable":true,"href":"http:\/\/www.lptms.universite-paris-saclay.fr\/physbio2018\/wp-json\/wp\/v2\/users\/1"}],"replies":[{"embeddable":true,"href":"http:\/\/www.lptms.universite-paris-saclay.fr\/physbio2018\/wp-json\/wp\/v2\/comments?post=16"}],"version-history":[{"count":44,"href":"http:\/\/www.lptms.universite-paris-saclay.fr\/physbio2018\/wp-json\/wp\/v2\/pages\/16\/revisions"}],"predecessor-version":[{"id":258,"href":"http:\/\/www.lptms.universite-paris-saclay.fr\/physbio2018\/wp-json\/wp\/v2\/pages\/16\/revisions\/258"}],"wp:attachment":[{"href":"http:\/\/www.lptms.universite-paris-saclay.fr\/physbio2018\/wp-json\/wp\/v2\/media?parent=16"}],"curies":[{"name":"wp","href":"https:\/\/api.w.org\/{rel}","templated":true}]}}