{"id":16,"date":"2018-01-17T12:16:15","date_gmt":"2018-01-17T11:16:15","guid":{"rendered":"http:\/\/lptms.u-psud.fr\/physbio2018\/?page_id=16"},"modified":"2022-05-23T23:09:33","modified_gmt":"2022-05-23T21:09:33","slug":"organization","status":"publish","type":"page","link":"http:\/\/www.lptms.universite-paris-saclay.fr\/physbio2022\/organization\/","title":{"rendered":"Organization"},"content":{"rendered":"<h3>Contact<\/h3>\n<p style=\"text-align: left\"><a href=\"mailto:physbio2022.lptms@universite-paris-saclay.fr\">physbio2022.lptms@universite-paris-saclay.fr<\/a><\/p>\n<h3>Organizing committee<\/h3>\n<p style=\"text-align: center\">Chair: Fran\u00e7ois Treussart (LuMIn, ENS Paris-Saclay)<\/p>\n<table border=\"none\" width=\"100%\">\n<tbody>\n<tr>\n<td width=\"50%\">Christophe Le Clainche (I2BC, U. Paris-Saclay)<\/td>\n<td width=\"50%\">Martin Lenz (LPTMS, U. Paris-Saclay)<\/td>\n<\/tr>\n<tr>\n<td width=\"50%\">Karen Perronet (LuMIn, ENS Paris-Saclay)<\/td>\n<td width=\"50%\">Marie-Claire Schanne-Klein (LOB, \u00c9cole Polytechnique)<\/td>\n<\/tr>\n<\/tbody>\n<\/table>\n<h3>Scientific committee<\/h3>\n<table border=\"none\" width=\"100%\">\n<tbody>\n<tr>\n<td width=\"50%\">Cl\u00e9mence Allain (PPSM, ENS Paris-Saclay)<\/td>\n<td width=\"50%\">Arezki Boudaoud (LadHyX, \u00c9cole Polytechnique)<\/td>\n<\/tr>\n<tr>\n<td width=\"50%\">Mireille B\u00e9termier (I2BC, U. Paris-Saclay)<\/td>\n<td width=\"50%\">Ariane Deniset-Besseau (ICP, U. Paris-Saclay)<\/td>\n<\/tr>\n<tr>\n<td width=\"50%\">Yves Gaudin (I2BC, U. Paris-Saclay)<\/td>\n<td width=\"50%\">Xavier Ma\u00eetre (BioMaps, U. Paris-Saclay)<\/td>\n<\/tr>\n<tr>\n<td width=\"50%\">Ronald Melki (Fran\u00e7ois Jacob Institute of Biology, CEA)<\/td>\n<td width=\"50%\">Guillaume Montagnac (Institut Gustave Roussy)<\/td>\n<\/tr>\n<tr>\n<td width=\"50%\">Juan Pelta (LAMBE, U. Paris-Saclay)<\/td>\n<td width=\"50%\">Nicolas Tsapis (Institut Galien, U. Paris-Saclay)<\/td>\n<\/tr>\n<\/tbody>\n<\/table>\n<h3>Student committee<\/h3>\n<table border=\"none\" width=\"100%\">\n<tbody>\n<tr>\n<td width=\"50%\">Marie-Charlotte Chandeclerc (LuMIn, ENS Paris-Saclay)<\/td>\n<td width=\"50%\">Baptiste Grimaud (LuMIn, ENS Paris-Saclay)<\/td>\n<\/tr>\n<tr>\n<td width=\"50%\">Lara Koehler (LPTMS, U. Paris-Saclay)<\/td>\n<td width=\"50%\">Marie Minoves (I2BC, U. Paris-Saclay)<\/td>\n<\/tr>\n<\/tbody>\n<\/table>\n<h3>Administrative support<\/h3>\n<table border=\"none\" width=\"100%\">\n<tbody>\n<tr>\n<td width=\"50%\">Claudine Le Vaou (LPTMS, U. Paris-Saclay)<\/td>\n<td width=\"50%\">Karolina Kolodziej (LPTMS, U. Paris-Saclay)<\/td>\n<\/tr>\n<\/tbody>\n<\/table>\n<h3>Sponsors<\/h3>\n<table width=\"100%\">\n<tbody>\n<tr>\n<td valign=\"middle\" width=\"150px\"><a href=\"https:\/\/www.labex-palm.fr\/en\/\"><img decoding=\"async\" class=\"aligncenter alignmiddle\" src=\"http:\/\/lptms.u-psud.fr\/physbio2014\/files\/2013\/10\/PALMColorLogo.png\" alt=\"Labex PALM\" height=\"72\" \/><\/a><\/td>\n<td valign=\"middle\" width=\"150px\"><a href=\"https:\/\/ens-paris-saclay.fr\/en?lang=fr\"><img decoding=\"async\" class=\"aligncenter alignmiddle\" src=\"http:\/\/lptms.u-psud.fr\/physbio2022\/files\/2022\/02\/logo-ENS-Saclay.png\" alt=\"ENS Paris-Saclay\" height=\"72\" \/><\/a><\/td>\n<td valign=\"middle\" width=\"150px\"><a href=\"https:\/\/www.universite-paris-saclay.fr\/en\/objets-interdisciplinaires\/living-machines-work-interdisciplinary-object\"><img decoding=\"async\" class=\"aligncenter alignmiddle\" src=\"http:\/\/lptms.u-psud.fr\/physbio2022\/files\/2022\/03\/LM@W-small.png\" alt=\"Living Machines@Work\" height=\"72\" \/><\/a><\/td>\n<\/tr>\n<tr>\n<td valign=\"middle\" width=\"150px\"><a href=\"https:\/\/www6.inra.fr\/saclay-plant-sciences_eng\/\"><img decoding=\"async\" class=\"aligncenter alignmiddle\" src=\"http:\/\/lptms.u-psud.fr\/physbio2022\/files\/2018\/06\/SPSlogo.png\" alt=\"Labex SPS\" height=\"72\" \/><\/a><\/td>\n<td valign=\"middle\" width=\"150px\"><a href=\"https:\/\/www.nikon.com\/\"><img decoding=\"async\" class=\"aligncenter alignmiddle\" src=\"http:\/\/lptms.u-psud.fr\/physbio2018\/files\/2018\/06\/Logo-Nikon-jpeg-602-ko.jpg\" alt=\"Nikon\" height=\"72\" \/><\/a><\/td>\n<td valign=\"middle\" width=\"150px\"><a href=\"https:\/\/www.abbelight.com\"><img decoding=\"async\" class=\"aligncenter alignmiddle\" src=\"http:\/\/lptms.u-psud.fr\/physbio2018\/files\/2018\/07\/ABBELIGHT-LOGO.png\" alt=\"Abbelight\" height=\"72\" \/><\/a><\/td>\n<\/tr>\n<tr>\n<td valign=\"middle\" width=\"150px\"><a href=\"https:\/\/www.sfpnet.fr\/thematique\/physique-et-vivant\"><img decoding=\"async\" class=\"aligncenter alignmiddle\" src=\"http:\/\/lptms.u-psud.fr\/physbio2022\/files\/2022\/03\/SFP-small.png\" alt=\"Soci\u00e9t\u00e9 Fran\u00e7aise de Physique\" height=\"72\" \/><\/a><\/td>\n<td width=\"150px\" valign=\"middle\"><a href=\"https:\/\/www.universite-paris-saclay.fr\/en\/recherche\/laboratoires-et-equipements\/laboratoires-dexcellence\/labex-lasips\"><img loading=\"lazy\" decoding=\"async\" class=\"aligncenter alignmiddle size-full wp-image-282\" src=\"http:\/\/lptms.u-psud.fr\/physbio2014\/files\/2014\/06\/LaSIPS.png\" alt=\"LaSIPS\" width=\"150\" height=\"36\" \/><\/a><\/td>\n<td width=\"150px\" valign=\"middle\"><a href=\"https:\/\/www.sfoptique.org\/\"><img decoding=\"async\" class=\"aligncenter alignmiddle size-full wp-image-282\" src=\"http:\/\/lptms.u-psud.fr\/physbio2022\/files\/2022\/04\/SFO_logo.png\" alt=\"SFO\" height=\"72\" \/><\/a><\/td>\n<\/tr>\n<tr>\n<td valign=\"middle\" width=\"150px\"><a href=\"https:\/\/www.biologists.com\/\"><img decoding=\"async\" class=\"aligncenter alignmiddle\" src=\"http:\/\/lptms.u-psud.fr\/physbio2020\/files\/2020\/01\/CoB_logo.jpg\" alt=\"The Company of Biologists\" height=\"72\" \/><\/a><\/td>\n<td valign=\"middle\" width=\"150px\"><a href=\"https:\/\/abberior-instruments.com\/\"><img decoding=\"async\" class=\"aligncenter alignmiddle\" src=\"http:\/\/lptms.u-psud.fr\/physbio2022\/files\/2022\/05\/Logo-farbig-BG_weiss-klein.png\" alt=\"Abberior\" width=\"150\" \/><\/a><\/td>\n<\/tr>\n<\/tbody>\n<\/table>\n<h3>Photo credits and poster<\/h3>\n<p>Website icon courtesy of Pau Guillamat, IBEC Barcelona (Spain) and Aur\u00e9lien Roux, University of Geneva (Switzerland). Website banner courtesy of Pau Guillamat &amp; Aur\u00e9lien Roux, Frederick Dyda and Thomas Dehoux.<\/p>\n","protected":false},"excerpt":{"rendered":"<p>Contact physbio2022.lptms@universite-paris-saclay.fr Organizing committee Chair: Fran\u00e7ois Treussart (LuMIn, ENS Paris-Saclay) Christophe Le Clainche (I2BC, U. Paris-Saclay) Martin Lenz (LPTMS, U. Paris-Saclay) Karen Perronet (LuMIn, ENS Paris-Saclay) Marie-Claire Schanne-Klein (LOB, \u00c9cole Polytechnique) Scientific committee Cl\u00e9mence Allain (PPSM, ENS Paris-Saclay) Arezki Boudaoud &hellip; <a href=\"http:\/\/www.lptms.universite-paris-saclay.fr\/physbio2022\/organization\/\">Continuer la lecture <span class=\"meta-nav\">&rarr;<\/span><\/a><\/p>\n","protected":false},"author":1,"featured_media":0,"parent":0,"menu_order":100,"comment_status":"closed","ping_status":"closed","template":"","meta":{"footnotes":""},"class_list":["post-16","page","type-page","status-publish","hentry"],"_links":{"self":[{"href":"http:\/\/www.lptms.universite-paris-saclay.fr\/physbio2022\/wp-json\/wp\/v2\/pages\/16","targetHints":{"allow":["GET"]}}],"collection":[{"href":"http:\/\/www.lptms.universite-paris-saclay.fr\/physbio2022\/wp-json\/wp\/v2\/pages"}],"about":[{"href":"http:\/\/www.lptms.universite-paris-saclay.fr\/physbio2022\/wp-json\/wp\/v2\/types\/page"}],"author":[{"embeddable":true,"href":"http:\/\/www.lptms.universite-paris-saclay.fr\/physbio2022\/wp-json\/wp\/v2\/users\/1"}],"replies":[{"embeddable":true,"href":"http:\/\/www.lptms.universite-paris-saclay.fr\/physbio2022\/wp-json\/wp\/v2\/comments?post=16"}],"version-history":[{"count":38,"href":"http:\/\/www.lptms.universite-paris-saclay.fr\/physbio2022\/wp-json\/wp\/v2\/pages\/16\/revisions"}],"predecessor-version":[{"id":484,"href":"http:\/\/www.lptms.universite-paris-saclay.fr\/physbio2022\/wp-json\/wp\/v2\/pages\/16\/revisions\/484"}],"wp:attachment":[{"href":"http:\/\/www.lptms.universite-paris-saclay.fr\/physbio2022\/wp-json\/wp\/v2\/media?parent=16"}],"curies":[{"name":"wp","href":"https:\/\/api.w.org\/{rel}","templated":true}]}}